{"id":462,"date":"2025-05-21T08:41:58","date_gmt":"2025-05-21T08:41:58","guid":{"rendered":"https:\/\/betwinner.team\/?page_id=462"},"modified":"2025-07-01T15:12:09","modified_gmt":"2025-07-01T15:12:09","slug":"first-deposit","status":"publish","type":"page","link":"https:\/\/planbet.promo\/lt\/bonus\/first-deposit\/","title":{"rendered":"Sveikinimo premija"},"content":{"rendered":"","protected":false},"excerpt":{"rendered":"","protected":false},"author":1,"featured_media":0,"parent":152,"menu_order":0,"comment_status":"closed","ping_status":"closed","template":"","meta":{"footnotes":""},"class_list":["post-462","page","type-page","status-publish","hentry"],"yoast_head":"<!-- This site is optimized with the Yoast SEO plugin v26.2 - https:\/\/yoast.com\/wordpress\/plugins\/seo\/ -->\n<title>100% pirmojo ind\u0117lio premija PlanBet \u1409 Gaukite iki 110 EUR!<\/title>\n<meta name=\"description\" content=\"U\u017esiregistruokite &quot;PlanBet&quot; ir gaukite 100 % premij\u0105 nuo pirmojo \u012fna\u0161o iki 110 EUR! Padvigubinkite savo likut\u012f ir i\u0161bandykite laim\u0119! Nepraleiskite progos gauti palank\u0173 pasi\u016blym\u0105 - prad\u0117kite laim\u0117ti nuo pirmojo \u012fna\u0161o!\" \/>\n<meta name=\"robots\" content=\"index, follow, max-snippet:-1, max-image-preview:large, max-video-preview:-1\" \/>\n<meta property=\"og:locale\" content=\"lt_LT\" \/>\n<meta property=\"og:type\" content=\"article\" \/>\n<meta property=\"og:title\" content=\"100% pirmojo ind\u0117lio premija PlanBet \u1409 Gaukite iki 110 EUR!\" \/>\n<meta property=\"og:description\" content=\"U\u017esiregistruokite &quot;PlanBet&quot; ir gaukite 100 % premij\u0105 nuo pirmojo \u012fna\u0161o iki 110 EUR! Padvigubinkite savo likut\u012f ir i\u0161bandykite laim\u0119! Nepraleiskite progos gauti palank\u0173 pasi\u016blym\u0105 - prad\u0117kite laim\u0117ti nuo pirmojo \u012fna\u0161o!\" \/>\n<meta property=\"og:url\" content=\"https:\/\/planbet.promo\/lt\/bonus\/first-deposit\/\" \/>\n<meta property=\"og:site_name\" content=\"Planbet Promo LT\" \/>\n<meta property=\"article:modified_time\" content=\"2025-07-01T15:12:09+00:00\" \/>\n<meta name=\"twitter:card\" content=\"summary_large_image\" \/>\n<script type=\"application\/ld+json\" class=\"yoast-schema-graph\">{\"@context\":\"https:\/\/schema.org\",\"@graph\":[{\"@type\":\"WebPage\",\"@id\":\"https:\/\/planbet.promo\/lt\/bonus\/first-deposit\/\",\"url\":\"https:\/\/planbet.promo\/lt\/bonus\/first-deposit\/\",\"name\":\"100% pirmojo ind\u0117lio premija PlanBet \u1409 Gaukite iki 110 EUR!\",\"isPartOf\":{\"@id\":\"https:\/\/planbet.promo\/lt\/#website\"},\"datePublished\":\"2025-05-21T08:41:58+00:00\",\"dateModified\":\"2025-07-01T15:12:09+00:00\",\"description\":\"U\u017esiregistruokite \\\"PlanBet\\\" ir gaukite 100 % premij\u0105 nuo pirmojo \u012fna\u0161o iki 110 EUR! Padvigubinkite savo likut\u012f ir i\u0161bandykite laim\u0119! Nepraleiskite progos gauti palank\u0173 pasi\u016blym\u0105 - prad\u0117kite laim\u0117ti nuo pirmojo \u012fna\u0161o!\",\"breadcrumb\":{\"@id\":\"https:\/\/planbet.promo\/lt\/bonus\/first-deposit\/#breadcrumb\"},\"inLanguage\":\"lt-LT\",\"potentialAction\":[{\"@type\":\"ReadAction\",\"target\":[\"https:\/\/planbet.promo\/lt\/bonus\/first-deposit\/\"]}]},{\"@type\":\"BreadcrumbList\",\"@id\":\"https:\/\/planbet.promo\/lt\/bonus\/first-deposit\/#breadcrumb\",\"itemListElement\":[{\"@type\":\"ListItem\",\"position\":1,\"name\":\"Home\",\"item\":\"https:\/\/planbet.promo\/lt\/\"},{\"@type\":\"ListItem\",\"position\":2,\"name\":\"Premija\",\"item\":\"https:\/\/planbet.promo\/lt\/bonus\/\"},{\"@type\":\"ListItem\",\"position\":3,\"name\":\"Sveikinimo premija\"}]},{\"@type\":\"WebSite\",\"@id\":\"https:\/\/planbet.promo\/lt\/#website\",\"url\":\"https:\/\/planbet.promo\/lt\/\",\"name\":\"Planbet Promo LT\",\"description\":\"My WordPress Blog\",\"potentialAction\":[{\"@type\":\"SearchAction\",\"target\":{\"@type\":\"EntryPoint\",\"urlTemplate\":\"https:\/\/planbet.promo\/lt\/?s={search_term_string}\"},\"query-input\":{\"@type\":\"PropertyValueSpecification\",\"valueRequired\":true,\"valueName\":\"search_term_string\"}}],\"inLanguage\":\"lt-LT\"}]}<\/script>\n<!-- \/ Yoast SEO plugin. -->","yoast_head_json":{"title":"100% pirmojo ind\u0117lio premija PlanBet \u1409 Gaukite iki 110 EUR!","description":"U\u017esiregistruokite \"PlanBet\" ir gaukite 100 % premij\u0105 nuo pirmojo \u012fna\u0161o iki 110 EUR! Padvigubinkite savo likut\u012f ir i\u0161bandykite laim\u0119! Nepraleiskite progos gauti palank\u0173 pasi\u016blym\u0105 - prad\u0117kite laim\u0117ti nuo pirmojo \u012fna\u0161o!","robots":{"index":"index","follow":"follow","max-snippet":"max-snippet:-1","max-image-preview":"max-image-preview:large","max-video-preview":"max-video-preview:-1"},"og_locale":"lt_LT","og_type":"article","og_title":"100% pirmojo ind\u0117lio premija PlanBet \u1409 Gaukite iki 110 EUR!","og_description":"U\u017esiregistruokite \"PlanBet\" ir gaukite 100 % premij\u0105 nuo pirmojo \u012fna\u0161o iki 110 EUR! Padvigubinkite savo likut\u012f ir i\u0161bandykite laim\u0119! Nepraleiskite progos gauti palank\u0173 pasi\u016blym\u0105 - prad\u0117kite laim\u0117ti nuo pirmojo \u012fna\u0161o!","og_url":"https:\/\/planbet.promo\/lt\/bonus\/first-deposit\/","og_site_name":"Planbet Promo LT","article_modified_time":"2025-07-01T15:12:09+00:00","twitter_card":"summary_large_image","schema":{"@context":"https:\/\/schema.org","@graph":[{"@type":"WebPage","@id":"https:\/\/planbet.promo\/lt\/bonus\/first-deposit\/","url":"https:\/\/planbet.promo\/lt\/bonus\/first-deposit\/","name":"100% pirmojo ind\u0117lio premija PlanBet \u1409 Gaukite iki 110 EUR!","isPartOf":{"@id":"https:\/\/planbet.promo\/lt\/#website"},"datePublished":"2025-05-21T08:41:58+00:00","dateModified":"2025-07-01T15:12:09+00:00","description":"U\u017esiregistruokite \"PlanBet\" ir gaukite 100 % premij\u0105 nuo pirmojo \u012fna\u0161o iki 110 EUR! Padvigubinkite savo likut\u012f ir i\u0161bandykite laim\u0119! Nepraleiskite progos gauti palank\u0173 pasi\u016blym\u0105 - prad\u0117kite laim\u0117ti nuo pirmojo \u012fna\u0161o!","breadcrumb":{"@id":"https:\/\/planbet.promo\/lt\/bonus\/first-deposit\/#breadcrumb"},"inLanguage":"lt-LT","potentialAction":[{"@type":"ReadAction","target":["https:\/\/planbet.promo\/lt\/bonus\/first-deposit\/"]}]},{"@type":"BreadcrumbList","@id":"https:\/\/planbet.promo\/lt\/bonus\/first-deposit\/#breadcrumb","itemListElement":[{"@type":"ListItem","position":1,"name":"Home","item":"https:\/\/planbet.promo\/lt\/"},{"@type":"ListItem","position":2,"name":"Premija","item":"https:\/\/planbet.promo\/lt\/bonus\/"},{"@type":"ListItem","position":3,"name":"Sveikinimo premija"}]},{"@type":"WebSite","@id":"https:\/\/planbet.promo\/lt\/#website","url":"https:\/\/planbet.promo\/lt\/","name":"Planbet Promo LT","description":"My WordPress Blog","potentialAction":[{"@type":"SearchAction","target":{"@type":"EntryPoint","urlTemplate":"https:\/\/planbet.promo\/lt\/?s={search_term_string}"},"query-input":{"@type":"PropertyValueSpecification","valueRequired":true,"valueName":"search_term_string"}}],"inLanguage":"lt-LT"}]}},"_links":{"self":[{"href":"https:\/\/planbet.promo\/lt\/wp-json\/wp\/v2\/pages\/462","targetHints":{"allow":["GET"]}}],"collection":[{"href":"https:\/\/planbet.promo\/lt\/wp-json\/wp\/v2\/pages"}],"about":[{"href":"https:\/\/planbet.promo\/lt\/wp-json\/wp\/v2\/types\/page"}],"author":[{"embeddable":true,"href":"https:\/\/planbet.promo\/lt\/wp-json\/wp\/v2\/users\/1"}],"replies":[{"embeddable":true,"href":"https:\/\/planbet.promo\/lt\/wp-json\/wp\/v2\/comments?post=462"}],"version-history":[{"count":5,"href":"https:\/\/planbet.promo\/lt\/wp-json\/wp\/v2\/pages\/462\/revisions"}],"predecessor-version":[{"id":738,"href":"https:\/\/planbet.promo\/lt\/wp-json\/wp\/v2\/pages\/462\/revisions\/738"}],"up":[{"embeddable":true,"href":"https:\/\/planbet.promo\/lt\/wp-json\/wp\/v2\/pages\/152"}],"wp:attachment":[{"href":"https:\/\/planbet.promo\/lt\/wp-json\/wp\/v2\/media?parent=462"}],"curies":[{"name":"wp","href":"https:\/\/api.w.org\/{rel}","templated":true}]}}