{"id":504,"date":"2025-05-21T13:06:32","date_gmt":"2025-05-21T13:06:32","guid":{"rendered":"https:\/\/betwinner.team\/?page_id=504"},"modified":"2025-07-01T15:09:45","modified_gmt":"2025-07-01T15:09:45","slug":"ten-deposit","status":"publish","type":"page","link":"https:\/\/planbet.promo\/lt\/bonus\/ten-deposit\/","title":{"rendered":"De\u0161imt ind\u0117li\u0173"},"content":{"rendered":"","protected":false},"excerpt":{"rendered":"","protected":false},"author":1,"featured_media":0,"parent":152,"menu_order":0,"comment_status":"closed","ping_status":"closed","template":"","meta":{"footnotes":""},"class_list":["post-504","page","type-page","status-publish","hentry"],"yoast_head":"<!-- This site is optimized with the Yoast SEO plugin v26.2 - https:\/\/yoast.com\/wordpress\/plugins\/seo\/ -->\n<title>Premija u\u017e 10 ind\u0117l\u012f PlanBet Casino: 50% + 100 FS<\/title>\n<meta name=\"description\" content=\"Gaukite 50 % premij\u0105 u\u017e de\u0161imt\u0105j\u012f ind\u0117l\u012f iki 300 EUR ir 100 nemokam\u0173 sukim\u0173! Tereikia \u012fne\u0161ti 10 EUR ir dovanos - tavo! Nepraleiskite progos laim\u0117ti mega, laikykit\u0117s paprast\u0173 taisykli\u0173 ir \u017eaiskite daug!\" \/>\n<meta name=\"robots\" content=\"index, follow, max-snippet:-1, max-image-preview:large, max-video-preview:-1\" \/>\n<meta property=\"og:locale\" content=\"lt_LT\" \/>\n<meta property=\"og:type\" content=\"article\" \/>\n<meta property=\"og:title\" content=\"Premija u\u017e 10 ind\u0117l\u012f PlanBet Casino: 50% + 100 FS\" \/>\n<meta property=\"og:description\" content=\"Gaukite 50 % premij\u0105 u\u017e de\u0161imt\u0105j\u012f ind\u0117l\u012f iki 300 EUR ir 100 nemokam\u0173 sukim\u0173! Tereikia \u012fne\u0161ti 10 EUR ir dovanos - tavo! Nepraleiskite progos laim\u0117ti mega, laikykit\u0117s paprast\u0173 taisykli\u0173 ir \u017eaiskite daug!\" \/>\n<meta property=\"og:url\" content=\"https:\/\/planbet.promo\/lt\/bonus\/ten-deposit\/\" \/>\n<meta property=\"og:site_name\" content=\"Planbet Promo LT\" \/>\n<meta property=\"article:modified_time\" content=\"2025-07-01T15:09:45+00:00\" \/>\n<meta name=\"twitter:card\" content=\"summary_large_image\" \/>\n<script type=\"application\/ld+json\" class=\"yoast-schema-graph\">{\"@context\":\"https:\/\/schema.org\",\"@graph\":[{\"@type\":\"WebPage\",\"@id\":\"https:\/\/planbet.promo\/lt\/bonus\/ten-deposit\/\",\"url\":\"https:\/\/planbet.promo\/lt\/bonus\/ten-deposit\/\",\"name\":\"Premija u\u017e 10 ind\u0117l\u012f PlanBet Casino: 50% + 100 FS\",\"isPartOf\":{\"@id\":\"https:\/\/planbet.promo\/lt\/#website\"},\"datePublished\":\"2025-05-21T13:06:32+00:00\",\"dateModified\":\"2025-07-01T15:09:45+00:00\",\"description\":\"Gaukite 50 % premij\u0105 u\u017e de\u0161imt\u0105j\u012f ind\u0117l\u012f iki 300 EUR ir 100 nemokam\u0173 sukim\u0173! Tereikia \u012fne\u0161ti 10 EUR ir dovanos - tavo! Nepraleiskite progos laim\u0117ti mega, laikykit\u0117s paprast\u0173 taisykli\u0173 ir \u017eaiskite daug!\",\"breadcrumb\":{\"@id\":\"https:\/\/planbet.promo\/lt\/bonus\/ten-deposit\/#breadcrumb\"},\"inLanguage\":\"lt-LT\",\"potentialAction\":[{\"@type\":\"ReadAction\",\"target\":[\"https:\/\/planbet.promo\/lt\/bonus\/ten-deposit\/\"]}]},{\"@type\":\"BreadcrumbList\",\"@id\":\"https:\/\/planbet.promo\/lt\/bonus\/ten-deposit\/#breadcrumb\",\"itemListElement\":[{\"@type\":\"ListItem\",\"position\":1,\"name\":\"Home\",\"item\":\"https:\/\/planbet.promo\/lt\/\"},{\"@type\":\"ListItem\",\"position\":2,\"name\":\"Premija\",\"item\":\"https:\/\/planbet.promo\/lt\/bonus\/\"},{\"@type\":\"ListItem\",\"position\":3,\"name\":\"De\u0161imt ind\u0117li\u0173\"}]},{\"@type\":\"WebSite\",\"@id\":\"https:\/\/planbet.promo\/lt\/#website\",\"url\":\"https:\/\/planbet.promo\/lt\/\",\"name\":\"Planbet Promo LT\",\"description\":\"My WordPress Blog\",\"potentialAction\":[{\"@type\":\"SearchAction\",\"target\":{\"@type\":\"EntryPoint\",\"urlTemplate\":\"https:\/\/planbet.promo\/lt\/?s={search_term_string}\"},\"query-input\":{\"@type\":\"PropertyValueSpecification\",\"valueRequired\":true,\"valueName\":\"search_term_string\"}}],\"inLanguage\":\"lt-LT\"}]}<\/script>\n<!-- \/ Yoast SEO plugin. -->","yoast_head_json":{"title":"Premija u\u017e 10 ind\u0117l\u012f PlanBet Casino: 50% + 100 FS","description":"Gaukite 50 % premij\u0105 u\u017e de\u0161imt\u0105j\u012f ind\u0117l\u012f iki 300 EUR ir 100 nemokam\u0173 sukim\u0173! Tereikia \u012fne\u0161ti 10 EUR ir dovanos - tavo! Nepraleiskite progos laim\u0117ti mega, laikykit\u0117s paprast\u0173 taisykli\u0173 ir \u017eaiskite daug!","robots":{"index":"index","follow":"follow","max-snippet":"max-snippet:-1","max-image-preview":"max-image-preview:large","max-video-preview":"max-video-preview:-1"},"og_locale":"lt_LT","og_type":"article","og_title":"Premija u\u017e 10 ind\u0117l\u012f PlanBet Casino: 50% + 100 FS","og_description":"Gaukite 50 % premij\u0105 u\u017e de\u0161imt\u0105j\u012f ind\u0117l\u012f iki 300 EUR ir 100 nemokam\u0173 sukim\u0173! Tereikia \u012fne\u0161ti 10 EUR ir dovanos - tavo! Nepraleiskite progos laim\u0117ti mega, laikykit\u0117s paprast\u0173 taisykli\u0173 ir \u017eaiskite daug!","og_url":"https:\/\/planbet.promo\/lt\/bonus\/ten-deposit\/","og_site_name":"Planbet Promo LT","article_modified_time":"2025-07-01T15:09:45+00:00","twitter_card":"summary_large_image","schema":{"@context":"https:\/\/schema.org","@graph":[{"@type":"WebPage","@id":"https:\/\/planbet.promo\/lt\/bonus\/ten-deposit\/","url":"https:\/\/planbet.promo\/lt\/bonus\/ten-deposit\/","name":"Premija u\u017e 10 ind\u0117l\u012f PlanBet Casino: 50% + 100 FS","isPartOf":{"@id":"https:\/\/planbet.promo\/lt\/#website"},"datePublished":"2025-05-21T13:06:32+00:00","dateModified":"2025-07-01T15:09:45+00:00","description":"Gaukite 50 % premij\u0105 u\u017e de\u0161imt\u0105j\u012f ind\u0117l\u012f iki 300 EUR ir 100 nemokam\u0173 sukim\u0173! Tereikia \u012fne\u0161ti 10 EUR ir dovanos - tavo! Nepraleiskite progos laim\u0117ti mega, laikykit\u0117s paprast\u0173 taisykli\u0173 ir \u017eaiskite daug!","breadcrumb":{"@id":"https:\/\/planbet.promo\/lt\/bonus\/ten-deposit\/#breadcrumb"},"inLanguage":"lt-LT","potentialAction":[{"@type":"ReadAction","target":["https:\/\/planbet.promo\/lt\/bonus\/ten-deposit\/"]}]},{"@type":"BreadcrumbList","@id":"https:\/\/planbet.promo\/lt\/bonus\/ten-deposit\/#breadcrumb","itemListElement":[{"@type":"ListItem","position":1,"name":"Home","item":"https:\/\/planbet.promo\/lt\/"},{"@type":"ListItem","position":2,"name":"Premija","item":"https:\/\/planbet.promo\/lt\/bonus\/"},{"@type":"ListItem","position":3,"name":"De\u0161imt ind\u0117li\u0173"}]},{"@type":"WebSite","@id":"https:\/\/planbet.promo\/lt\/#website","url":"https:\/\/planbet.promo\/lt\/","name":"Planbet Promo LT","description":"My WordPress Blog","potentialAction":[{"@type":"SearchAction","target":{"@type":"EntryPoint","urlTemplate":"https:\/\/planbet.promo\/lt\/?s={search_term_string}"},"query-input":{"@type":"PropertyValueSpecification","valueRequired":true,"valueName":"search_term_string"}}],"inLanguage":"lt-LT"}]}},"_links":{"self":[{"href":"https:\/\/planbet.promo\/lt\/wp-json\/wp\/v2\/pages\/504","targetHints":{"allow":["GET"]}}],"collection":[{"href":"https:\/\/planbet.promo\/lt\/wp-json\/wp\/v2\/pages"}],"about":[{"href":"https:\/\/planbet.promo\/lt\/wp-json\/wp\/v2\/types\/page"}],"author":[{"embeddable":true,"href":"https:\/\/planbet.promo\/lt\/wp-json\/wp\/v2\/users\/1"}],"replies":[{"embeddable":true,"href":"https:\/\/planbet.promo\/lt\/wp-json\/wp\/v2\/comments?post=504"}],"version-history":[{"count":4,"href":"https:\/\/planbet.promo\/lt\/wp-json\/wp\/v2\/pages\/504\/revisions"}],"predecessor-version":[{"id":736,"href":"https:\/\/planbet.promo\/lt\/wp-json\/wp\/v2\/pages\/504\/revisions\/736"}],"up":[{"embeddable":true,"href":"https:\/\/planbet.promo\/lt\/wp-json\/wp\/v2\/pages\/152"}],"wp:attachment":[{"href":"https:\/\/planbet.promo\/lt\/wp-json\/wp\/v2\/media?parent=504"}],"curies":[{"name":"wp","href":"https:\/\/api.w.org\/{rel}","templated":true}]}}