{"id":510,"date":"2025-05-21T13:31:40","date_gmt":"2025-05-21T13:31:40","guid":{"rendered":"https:\/\/betwinner.team\/?page_id=510"},"modified":"2025-07-01T15:05:38","modified_gmt":"2025-07-01T15:05:38","slug":"big-match","status":"publish","type":"page","link":"https:\/\/planbet.promo\/lt\/bonus\/big-match\/","title":{"rendered":"Didysis ma\u010das"},"content":{"rendered":"","protected":false},"excerpt":{"rendered":"","protected":false},"author":1,"featured_media":0,"parent":152,"menu_order":0,"comment_status":"closed","ping_status":"closed","template":"","meta":{"footnotes":""},"class_list":["post-510","page","type-page","status-publish","hentry"],"yoast_head":"<!-- This site is optimized with the Yoast SEO plugin v26.2 - https:\/\/yoast.com\/wordpress\/plugins\/seo\/ -->\n<title>PlanBet Big Match \u1409 Pralaim\u0117j\u0119 statym\u0105 atgaukite 10 EUR<\/title>\n<meta name=\"description\" content=\"Statykite be baim\u0117s! Dalyvaukite &quot;PlanBet&quot; akcijoje &quot;Big Match&quot; ir atgaukite iki 10 EUR, net jei j\u016bs\u0173 prognoz\u0117 nepasitvirtins. \u017daisti saugiai yra tikra!\" \/>\n<meta name=\"robots\" content=\"index, follow, max-snippet:-1, max-image-preview:large, max-video-preview:-1\" \/>\n<meta property=\"og:locale\" content=\"lt_LT\" \/>\n<meta property=\"og:type\" content=\"article\" \/>\n<meta property=\"og:title\" content=\"PlanBet Big Match \u1409 Pralaim\u0117j\u0119 statym\u0105 atgaukite 10 EUR\" \/>\n<meta property=\"og:description\" content=\"Statykite be baim\u0117s! Dalyvaukite &quot;PlanBet&quot; akcijoje &quot;Big Match&quot; ir atgaukite iki 10 EUR, net jei j\u016bs\u0173 prognoz\u0117 nepasitvirtins. \u017daisti saugiai yra tikra!\" \/>\n<meta property=\"og:url\" content=\"https:\/\/planbet.promo\/lt\/bonus\/big-match\/\" \/>\n<meta property=\"og:site_name\" content=\"Planbet Promo LT\" \/>\n<meta property=\"article:modified_time\" content=\"2025-07-01T15:05:38+00:00\" \/>\n<meta name=\"twitter:card\" content=\"summary_large_image\" \/>\n<script type=\"application\/ld+json\" class=\"yoast-schema-graph\">{\"@context\":\"https:\/\/schema.org\",\"@graph\":[{\"@type\":\"WebPage\",\"@id\":\"https:\/\/planbet.promo\/lt\/bonus\/big-match\/\",\"url\":\"https:\/\/planbet.promo\/lt\/bonus\/big-match\/\",\"name\":\"PlanBet Big Match \u1409 Pralaim\u0117j\u0119 statym\u0105 atgaukite 10 EUR\",\"isPartOf\":{\"@id\":\"https:\/\/planbet.promo\/lt\/#website\"},\"datePublished\":\"2025-05-21T13:31:40+00:00\",\"dateModified\":\"2025-07-01T15:05:38+00:00\",\"description\":\"Statykite be baim\u0117s! Dalyvaukite \\\"PlanBet\\\" akcijoje \\\"Big Match\\\" ir atgaukite iki 10 EUR, net jei j\u016bs\u0173 prognoz\u0117 nepasitvirtins. \u017daisti saugiai yra tikra!\",\"breadcrumb\":{\"@id\":\"https:\/\/planbet.promo\/lt\/bonus\/big-match\/#breadcrumb\"},\"inLanguage\":\"lt-LT\",\"potentialAction\":[{\"@type\":\"ReadAction\",\"target\":[\"https:\/\/planbet.promo\/lt\/bonus\/big-match\/\"]}]},{\"@type\":\"BreadcrumbList\",\"@id\":\"https:\/\/planbet.promo\/lt\/bonus\/big-match\/#breadcrumb\",\"itemListElement\":[{\"@type\":\"ListItem\",\"position\":1,\"name\":\"Home\",\"item\":\"https:\/\/planbet.promo\/lt\/\"},{\"@type\":\"ListItem\",\"position\":2,\"name\":\"Premija\",\"item\":\"https:\/\/planbet.promo\/lt\/bonus\/\"},{\"@type\":\"ListItem\",\"position\":3,\"name\":\"Didysis ma\u010das\"}]},{\"@type\":\"WebSite\",\"@id\":\"https:\/\/planbet.promo\/lt\/#website\",\"url\":\"https:\/\/planbet.promo\/lt\/\",\"name\":\"Planbet Promo LT\",\"description\":\"My WordPress Blog\",\"potentialAction\":[{\"@type\":\"SearchAction\",\"target\":{\"@type\":\"EntryPoint\",\"urlTemplate\":\"https:\/\/planbet.promo\/lt\/?s={search_term_string}\"},\"query-input\":{\"@type\":\"PropertyValueSpecification\",\"valueRequired\":true,\"valueName\":\"search_term_string\"}}],\"inLanguage\":\"lt-LT\"}]}<\/script>\n<!-- \/ Yoast SEO plugin. -->","yoast_head_json":{"title":"PlanBet Big Match \u1409 Pralaim\u0117j\u0119 statym\u0105 atgaukite 10 EUR","description":"Statykite be baim\u0117s! Dalyvaukite \"PlanBet\" akcijoje \"Big Match\" ir atgaukite iki 10 EUR, net jei j\u016bs\u0173 prognoz\u0117 nepasitvirtins. \u017daisti saugiai yra tikra!","robots":{"index":"index","follow":"follow","max-snippet":"max-snippet:-1","max-image-preview":"max-image-preview:large","max-video-preview":"max-video-preview:-1"},"og_locale":"lt_LT","og_type":"article","og_title":"PlanBet Big Match \u1409 Pralaim\u0117j\u0119 statym\u0105 atgaukite 10 EUR","og_description":"Statykite be baim\u0117s! Dalyvaukite \"PlanBet\" akcijoje \"Big Match\" ir atgaukite iki 10 EUR, net jei j\u016bs\u0173 prognoz\u0117 nepasitvirtins. \u017daisti saugiai yra tikra!","og_url":"https:\/\/planbet.promo\/lt\/bonus\/big-match\/","og_site_name":"Planbet Promo LT","article_modified_time":"2025-07-01T15:05:38+00:00","twitter_card":"summary_large_image","schema":{"@context":"https:\/\/schema.org","@graph":[{"@type":"WebPage","@id":"https:\/\/planbet.promo\/lt\/bonus\/big-match\/","url":"https:\/\/planbet.promo\/lt\/bonus\/big-match\/","name":"PlanBet Big Match \u1409 Pralaim\u0117j\u0119 statym\u0105 atgaukite 10 EUR","isPartOf":{"@id":"https:\/\/planbet.promo\/lt\/#website"},"datePublished":"2025-05-21T13:31:40+00:00","dateModified":"2025-07-01T15:05:38+00:00","description":"Statykite be baim\u0117s! Dalyvaukite \"PlanBet\" akcijoje \"Big Match\" ir atgaukite iki 10 EUR, net jei j\u016bs\u0173 prognoz\u0117 nepasitvirtins. \u017daisti saugiai yra tikra!","breadcrumb":{"@id":"https:\/\/planbet.promo\/lt\/bonus\/big-match\/#breadcrumb"},"inLanguage":"lt-LT","potentialAction":[{"@type":"ReadAction","target":["https:\/\/planbet.promo\/lt\/bonus\/big-match\/"]}]},{"@type":"BreadcrumbList","@id":"https:\/\/planbet.promo\/lt\/bonus\/big-match\/#breadcrumb","itemListElement":[{"@type":"ListItem","position":1,"name":"Home","item":"https:\/\/planbet.promo\/lt\/"},{"@type":"ListItem","position":2,"name":"Premija","item":"https:\/\/planbet.promo\/lt\/bonus\/"},{"@type":"ListItem","position":3,"name":"Didysis ma\u010das"}]},{"@type":"WebSite","@id":"https:\/\/planbet.promo\/lt\/#website","url":"https:\/\/planbet.promo\/lt\/","name":"Planbet Promo LT","description":"My WordPress Blog","potentialAction":[{"@type":"SearchAction","target":{"@type":"EntryPoint","urlTemplate":"https:\/\/planbet.promo\/lt\/?s={search_term_string}"},"query-input":{"@type":"PropertyValueSpecification","valueRequired":true,"valueName":"search_term_string"}}],"inLanguage":"lt-LT"}]}},"_links":{"self":[{"href":"https:\/\/planbet.promo\/lt\/wp-json\/wp\/v2\/pages\/510","targetHints":{"allow":["GET"]}}],"collection":[{"href":"https:\/\/planbet.promo\/lt\/wp-json\/wp\/v2\/pages"}],"about":[{"href":"https:\/\/planbet.promo\/lt\/wp-json\/wp\/v2\/types\/page"}],"author":[{"embeddable":true,"href":"https:\/\/planbet.promo\/lt\/wp-json\/wp\/v2\/users\/1"}],"replies":[{"embeddable":true,"href":"https:\/\/planbet.promo\/lt\/wp-json\/wp\/v2\/comments?post=510"}],"version-history":[{"count":5,"href":"https:\/\/planbet.promo\/lt\/wp-json\/wp\/v2\/pages\/510\/revisions"}],"predecessor-version":[{"id":732,"href":"https:\/\/planbet.promo\/lt\/wp-json\/wp\/v2\/pages\/510\/revisions\/732"}],"up":[{"embeddable":true,"href":"https:\/\/planbet.promo\/lt\/wp-json\/wp\/v2\/pages\/152"}],"wp:attachment":[{"href":"https:\/\/planbet.promo\/lt\/wp-json\/wp\/v2\/media?parent=510"}],"curies":[{"name":"wp","href":"https:\/\/api.w.org\/{rel}","templated":true}]}}