{"id":499,"date":"2025-05-21T12:52:53","date_gmt":"2025-05-21T12:52:53","guid":{"rendered":"https:\/\/betwinner.team\/?page_id=499"},"modified":"2025-09-10T09:40:52","modified_gmt":"2025-09-10T09:40:52","slug":"casino-welcome-package","status":"publish","type":"page","link":"https:\/\/planbet.promo\/lu\/bonus\/casino-welcome-package\/","title":{"rendered":"Kasino W\u00ebllkommenspaket"},"content":{"rendered":"","protected":false},"excerpt":{"rendered":"","protected":false},"author":1,"featured_media":0,"parent":152,"menu_order":0,"comment_status":"closed","ping_status":"closed","template":"","meta":{"footnotes":""},"class_list":["post-499","page","type-page","status-publish","hentry"],"yoast_head":"<!-- This site is optimized with the Yoast SEO plugin v26.2 - https:\/\/yoast.com\/wordpress\/plugins\/seo\/ -->\n<title>PlanBet Casino W\u00ebllkommenspaket \u1409 Kritt bis zu 1.500 \u20ac + 150 FS<\/title>\n<meta name=\"description\" content=\"De Willkommenspaket vum PlanBet Casino waart op Iech: bis zu 1.500 \u20ac an 150 gratis Spiller! D&#039;Aschreiwung ass einfach an d&#039;Bonusen si gener\u00e9is. Verpasst net d&#039;Chance fir \u00c4r Megagew\u00ebnn ze s\u00e9cheren andeems Dir eis einfach Schr\u00ebtt befollegt. Loosst Iech op d&#039;Spannung free\u00ebn!\" \/>\n<meta name=\"robots\" content=\"index, follow, max-snippet:-1, max-image-preview:large, max-video-preview:-1\" \/>\n<meta property=\"og:locale\" content=\"en_US\" \/>\n<meta property=\"og:type\" content=\"article\" \/>\n<meta property=\"og:title\" content=\"PlanBet Casino W\u00ebllkommenspaket \u1409 Kritt bis zu 1.500 \u20ac + 150 FS\" \/>\n<meta property=\"og:description\" content=\"De Willkommenspaket vum PlanBet Casino waart op Iech: bis zu 1.500 \u20ac an 150 gratis Spiller! D&#039;Aschreiwung ass einfach an d&#039;Bonusen si gener\u00e9is. Verpasst net d&#039;Chance fir \u00c4r Megagew\u00ebnn ze s\u00e9cheren andeems Dir eis einfach Schr\u00ebtt befollegt. Loosst Iech op d&#039;Spannung free\u00ebn!\" \/>\n<meta property=\"og:url\" content=\"https:\/\/planbet.promo\/lu\/bonus\/casino-welcome-package\/\" \/>\n<meta property=\"og:site_name\" content=\"Planbet Promo LU\" \/>\n<meta property=\"article:modified_time\" content=\"2025-09-10T09:40:52+00:00\" \/>\n<meta name=\"twitter:card\" content=\"summary_large_image\" \/>\n<script type=\"application\/ld+json\" class=\"yoast-schema-graph\">{\"@context\":\"https:\/\/schema.org\",\"@graph\":[{\"@type\":\"WebPage\",\"@id\":\"https:\/\/planbet.promo\/lu\/bonus\/casino-welcome-package\/\",\"url\":\"https:\/\/planbet.promo\/lu\/bonus\/casino-welcome-package\/\",\"name\":\"PlanBet Casino W\u00ebllkommenspaket \u1409 Kritt bis zu 1.500 \u20ac + 150 FS\",\"isPartOf\":{\"@id\":\"https:\/\/planbet.promo\/lu\/#website\"},\"datePublished\":\"2025-05-21T12:52:53+00:00\",\"dateModified\":\"2025-09-10T09:40:52+00:00\",\"description\":\"De Willkommenspaket vum PlanBet Casino waart op Iech: bis zu 1.500 \u20ac an 150 gratis Spiller! D'Aschreiwung ass einfach an d'Bonusen si gener\u00e9is. Verpasst net d'Chance fir \u00c4r Megagew\u00ebnn ze s\u00e9cheren andeems Dir eis einfach Schr\u00ebtt befollegt. Loosst Iech op d'Spannung free\u00ebn!\",\"breadcrumb\":{\"@id\":\"https:\/\/planbet.promo\/lu\/bonus\/casino-welcome-package\/#breadcrumb\"},\"inLanguage\":\"lb-LU\",\"potentialAction\":[{\"@type\":\"ReadAction\",\"target\":[\"https:\/\/planbet.promo\/lu\/bonus\/casino-welcome-package\/\"]}]},{\"@type\":\"BreadcrumbList\",\"@id\":\"https:\/\/planbet.promo\/lu\/bonus\/casino-welcome-package\/#breadcrumb\",\"itemListElement\":[{\"@type\":\"ListItem\",\"position\":1,\"name\":\"Home\",\"item\":\"https:\/\/planbet.promo\/lu\/\"},{\"@type\":\"ListItem\",\"position\":2,\"name\":\"Bonus\",\"item\":\"https:\/\/planbet.promo\/lu\/bonus\/\"},{\"@type\":\"ListItem\",\"position\":3,\"name\":\"Kasino W\u00ebllkommenspaket\"}]},{\"@type\":\"WebSite\",\"@id\":\"https:\/\/planbet.promo\/lu\/#website\",\"url\":\"https:\/\/planbet.promo\/lu\/\",\"name\":\"Planbet Promo LU\",\"description\":\"My WordPress Blog\",\"potentialAction\":[{\"@type\":\"SearchAction\",\"target\":{\"@type\":\"EntryPoint\",\"urlTemplate\":\"https:\/\/planbet.promo\/lu\/?s={search_term_string}\"},\"query-input\":{\"@type\":\"PropertyValueSpecification\",\"valueRequired\":true,\"valueName\":\"search_term_string\"}}],\"inLanguage\":\"lb-LU\"}]}<\/script>\n<!-- \/ Yoast SEO plugin. -->","yoast_head_json":{"title":"PlanBet Casino W\u00ebllkommenspaket \u1409 Kritt bis zu 1.500 \u20ac + 150 FS","description":"De Willkommenspaket vum PlanBet Casino waart op Iech: bis zu 1.500 \u20ac an 150 gratis Spiller! D'Aschreiwung ass einfach an d'Bonusen si gener\u00e9is. Verpasst net d'Chance fir \u00c4r Megagew\u00ebnn ze s\u00e9cheren andeems Dir eis einfach Schr\u00ebtt befollegt. Loosst Iech op d'Spannung free\u00ebn!","robots":{"index":"index","follow":"follow","max-snippet":"max-snippet:-1","max-image-preview":"max-image-preview:large","max-video-preview":"max-video-preview:-1"},"og_locale":"en_US","og_type":"article","og_title":"PlanBet Casino W\u00ebllkommenspaket \u1409 Kritt bis zu 1.500 \u20ac + 150 FS","og_description":"De Willkommenspaket vum PlanBet Casino waart op Iech: bis zu 1.500 \u20ac an 150 gratis Spiller! D'Aschreiwung ass einfach an d'Bonusen si gener\u00e9is. Verpasst net d'Chance fir \u00c4r Megagew\u00ebnn ze s\u00e9cheren andeems Dir eis einfach Schr\u00ebtt befollegt. Loosst Iech op d'Spannung free\u00ebn!","og_url":"https:\/\/planbet.promo\/lu\/bonus\/casino-welcome-package\/","og_site_name":"Planbet Promo LU","article_modified_time":"2025-09-10T09:40:52+00:00","twitter_card":"summary_large_image","schema":{"@context":"https:\/\/schema.org","@graph":[{"@type":"WebPage","@id":"https:\/\/planbet.promo\/lu\/bonus\/casino-welcome-package\/","url":"https:\/\/planbet.promo\/lu\/bonus\/casino-welcome-package\/","name":"PlanBet Casino W\u00ebllkommenspaket \u1409 Kritt bis zu 1.500 \u20ac + 150 FS","isPartOf":{"@id":"https:\/\/planbet.promo\/lu\/#website"},"datePublished":"2025-05-21T12:52:53+00:00","dateModified":"2025-09-10T09:40:52+00:00","description":"De Willkommenspaket vum PlanBet Casino waart op Iech: bis zu 1.500 \u20ac an 150 gratis Spiller! D'Aschreiwung ass einfach an d'Bonusen si gener\u00e9is. Verpasst net d'Chance fir \u00c4r Megagew\u00ebnn ze s\u00e9cheren andeems Dir eis einfach Schr\u00ebtt befollegt. Loosst Iech op d'Spannung free\u00ebn!","breadcrumb":{"@id":"https:\/\/planbet.promo\/lu\/bonus\/casino-welcome-package\/#breadcrumb"},"inLanguage":"lb-LU","potentialAction":[{"@type":"ReadAction","target":["https:\/\/planbet.promo\/lu\/bonus\/casino-welcome-package\/"]}]},{"@type":"BreadcrumbList","@id":"https:\/\/planbet.promo\/lu\/bonus\/casino-welcome-package\/#breadcrumb","itemListElement":[{"@type":"ListItem","position":1,"name":"Home","item":"https:\/\/planbet.promo\/lu\/"},{"@type":"ListItem","position":2,"name":"Bonus","item":"https:\/\/planbet.promo\/lu\/bonus\/"},{"@type":"ListItem","position":3,"name":"Kasino W\u00ebllkommenspaket"}]},{"@type":"WebSite","@id":"https:\/\/planbet.promo\/lu\/#website","url":"https:\/\/planbet.promo\/lu\/","name":"Planbet Promo LU","description":"My WordPress Blog","potentialAction":[{"@type":"SearchAction","target":{"@type":"EntryPoint","urlTemplate":"https:\/\/planbet.promo\/lu\/?s={search_term_string}"},"query-input":{"@type":"PropertyValueSpecification","valueRequired":true,"valueName":"search_term_string"}}],"inLanguage":"lb-LU"}]}},"_links":{"self":[{"href":"https:\/\/planbet.promo\/lu\/wp-json\/wp\/v2\/pages\/499","targetHints":{"allow":["GET"]}}],"collection":[{"href":"https:\/\/planbet.promo\/lu\/wp-json\/wp\/v2\/pages"}],"about":[{"href":"https:\/\/planbet.promo\/lu\/wp-json\/wp\/v2\/types\/page"}],"author":[{"embeddable":true,"href":"https:\/\/planbet.promo\/lu\/wp-json\/wp\/v2\/users\/1"}],"replies":[{"embeddable":true,"href":"https:\/\/planbet.promo\/lu\/wp-json\/wp\/v2\/comments?post=499"}],"version-history":[{"count":4,"href":"https:\/\/planbet.promo\/lu\/wp-json\/wp\/v2\/pages\/499\/revisions"}],"predecessor-version":[{"id":826,"href":"https:\/\/planbet.promo\/lu\/wp-json\/wp\/v2\/pages\/499\/revisions\/826"}],"up":[{"embeddable":true,"href":"https:\/\/planbet.promo\/lu\/wp-json\/wp\/v2\/pages\/152"}],"wp:attachment":[{"href":"https:\/\/planbet.promo\/lu\/wp-json\/wp\/v2\/media?parent=499"}],"curies":[{"name":"wp","href":"https:\/\/api.w.org\/{rel}","templated":true}]}}