{"id":504,"date":"2025-05-21T13:06:32","date_gmt":"2025-05-21T13:06:32","guid":{"rendered":"https:\/\/betwinner.team\/?page_id=504"},"modified":"2025-09-10T09:44:17","modified_gmt":"2025-09-10T09:44:17","slug":"ten-deposit","status":"publish","type":"page","link":"https:\/\/planbet.promo\/lu\/bonus\/ten-deposit\/","title":{"rendered":"Z\u00e9ng Depot"},"content":{"rendered":"","protected":false},"excerpt":{"rendered":"","protected":false},"author":1,"featured_media":0,"parent":152,"menu_order":0,"comment_status":"closed","ping_status":"closed","template":"","meta":{"footnotes":""},"class_list":["post-504","page","type-page","status-publish","hentry"],"yoast_head":"<!-- This site is optimized with the Yoast SEO plugin v26.2 - https:\/\/yoast.com\/wordpress\/plugins\/seo\/ -->\n<title>Bonus op 10. Depot am PlanBet Casino: 50% + 100 FS<\/title>\n<meta name=\"description\" content=\"Kritt e Bonus vu 50% op \u00c4r z\u00e9ngt Depot bis zu 300 EUR an 100 gratis Spiller! Maacht einfach 10 EUR an d&#039;Kaddoe sinn \u00c4r! Verpasst \u00c4r Chance op Mega-Gew\u00ebnn net, befollegt d\u00e9i einfach Reegelen a spillt grouss!\" \/>\n<meta name=\"robots\" content=\"index, follow, max-snippet:-1, max-image-preview:large, max-video-preview:-1\" \/>\n<meta property=\"og:locale\" content=\"en_US\" \/>\n<meta property=\"og:type\" content=\"article\" \/>\n<meta property=\"og:title\" content=\"Bonus op 10. Depot am PlanBet Casino: 50% + 100 FS\" \/>\n<meta property=\"og:description\" content=\"Kritt e Bonus vu 50% op \u00c4r z\u00e9ngt Depot bis zu 300 EUR an 100 gratis Spiller! Maacht einfach 10 EUR an d&#039;Kaddoe sinn \u00c4r! Verpasst \u00c4r Chance op Mega-Gew\u00ebnn net, befollegt d\u00e9i einfach Reegelen a spillt grouss!\" \/>\n<meta property=\"og:url\" content=\"https:\/\/planbet.promo\/lu\/bonus\/ten-deposit\/\" \/>\n<meta property=\"og:site_name\" content=\"Planbet Promo LU\" \/>\n<meta property=\"article:modified_time\" content=\"2025-09-10T09:44:17+00:00\" \/>\n<meta name=\"twitter:card\" content=\"summary_large_image\" \/>\n<script type=\"application\/ld+json\" class=\"yoast-schema-graph\">{\"@context\":\"https:\/\/schema.org\",\"@graph\":[{\"@type\":\"WebPage\",\"@id\":\"https:\/\/planbet.promo\/lu\/bonus\/ten-deposit\/\",\"url\":\"https:\/\/planbet.promo\/lu\/bonus\/ten-deposit\/\",\"name\":\"Bonus op 10. Depot am PlanBet Casino: 50% + 100 FS\",\"isPartOf\":{\"@id\":\"https:\/\/planbet.promo\/lu\/#website\"},\"datePublished\":\"2025-05-21T13:06:32+00:00\",\"dateModified\":\"2025-09-10T09:44:17+00:00\",\"description\":\"Kritt e Bonus vu 50% op \u00c4r z\u00e9ngt Depot bis zu 300 EUR an 100 gratis Spiller! Maacht einfach 10 EUR an d'Kaddoe sinn \u00c4r! Verpasst \u00c4r Chance op Mega-Gew\u00ebnn net, befollegt d\u00e9i einfach Reegelen a spillt grouss!\",\"breadcrumb\":{\"@id\":\"https:\/\/planbet.promo\/lu\/bonus\/ten-deposit\/#breadcrumb\"},\"inLanguage\":\"lb-LU\",\"potentialAction\":[{\"@type\":\"ReadAction\",\"target\":[\"https:\/\/planbet.promo\/lu\/bonus\/ten-deposit\/\"]}]},{\"@type\":\"BreadcrumbList\",\"@id\":\"https:\/\/planbet.promo\/lu\/bonus\/ten-deposit\/#breadcrumb\",\"itemListElement\":[{\"@type\":\"ListItem\",\"position\":1,\"name\":\"Home\",\"item\":\"https:\/\/planbet.promo\/lu\/\"},{\"@type\":\"ListItem\",\"position\":2,\"name\":\"Bonus\",\"item\":\"https:\/\/planbet.promo\/lu\/bonus\/\"},{\"@type\":\"ListItem\",\"position\":3,\"name\":\"Z\u00e9ng Depot\"}]},{\"@type\":\"WebSite\",\"@id\":\"https:\/\/planbet.promo\/lu\/#website\",\"url\":\"https:\/\/planbet.promo\/lu\/\",\"name\":\"Planbet Promo LU\",\"description\":\"My WordPress Blog\",\"potentialAction\":[{\"@type\":\"SearchAction\",\"target\":{\"@type\":\"EntryPoint\",\"urlTemplate\":\"https:\/\/planbet.promo\/lu\/?s={search_term_string}\"},\"query-input\":{\"@type\":\"PropertyValueSpecification\",\"valueRequired\":true,\"valueName\":\"search_term_string\"}}],\"inLanguage\":\"lb-LU\"}]}<\/script>\n<!-- \/ Yoast SEO plugin. -->","yoast_head_json":{"title":"Bonus op 10. Depot am PlanBet Casino: 50% + 100 FS","description":"Kritt e Bonus vu 50% op \u00c4r z\u00e9ngt Depot bis zu 300 EUR an 100 gratis Spiller! Maacht einfach 10 EUR an d'Kaddoe sinn \u00c4r! Verpasst \u00c4r Chance op Mega-Gew\u00ebnn net, befollegt d\u00e9i einfach Reegelen a spillt grouss!","robots":{"index":"index","follow":"follow","max-snippet":"max-snippet:-1","max-image-preview":"max-image-preview:large","max-video-preview":"max-video-preview:-1"},"og_locale":"en_US","og_type":"article","og_title":"Bonus op 10. Depot am PlanBet Casino: 50% + 100 FS","og_description":"Kritt e Bonus vu 50% op \u00c4r z\u00e9ngt Depot bis zu 300 EUR an 100 gratis Spiller! Maacht einfach 10 EUR an d'Kaddoe sinn \u00c4r! Verpasst \u00c4r Chance op Mega-Gew\u00ebnn net, befollegt d\u00e9i einfach Reegelen a spillt grouss!","og_url":"https:\/\/planbet.promo\/lu\/bonus\/ten-deposit\/","og_site_name":"Planbet Promo LU","article_modified_time":"2025-09-10T09:44:17+00:00","twitter_card":"summary_large_image","schema":{"@context":"https:\/\/schema.org","@graph":[{"@type":"WebPage","@id":"https:\/\/planbet.promo\/lu\/bonus\/ten-deposit\/","url":"https:\/\/planbet.promo\/lu\/bonus\/ten-deposit\/","name":"Bonus op 10. Depot am PlanBet Casino: 50% + 100 FS","isPartOf":{"@id":"https:\/\/planbet.promo\/lu\/#website"},"datePublished":"2025-05-21T13:06:32+00:00","dateModified":"2025-09-10T09:44:17+00:00","description":"Kritt e Bonus vu 50% op \u00c4r z\u00e9ngt Depot bis zu 300 EUR an 100 gratis Spiller! Maacht einfach 10 EUR an d'Kaddoe sinn \u00c4r! Verpasst \u00c4r Chance op Mega-Gew\u00ebnn net, befollegt d\u00e9i einfach Reegelen a spillt grouss!","breadcrumb":{"@id":"https:\/\/planbet.promo\/lu\/bonus\/ten-deposit\/#breadcrumb"},"inLanguage":"lb-LU","potentialAction":[{"@type":"ReadAction","target":["https:\/\/planbet.promo\/lu\/bonus\/ten-deposit\/"]}]},{"@type":"BreadcrumbList","@id":"https:\/\/planbet.promo\/lu\/bonus\/ten-deposit\/#breadcrumb","itemListElement":[{"@type":"ListItem","position":1,"name":"Home","item":"https:\/\/planbet.promo\/lu\/"},{"@type":"ListItem","position":2,"name":"Bonus","item":"https:\/\/planbet.promo\/lu\/bonus\/"},{"@type":"ListItem","position":3,"name":"Z\u00e9ng Depot"}]},{"@type":"WebSite","@id":"https:\/\/planbet.promo\/lu\/#website","url":"https:\/\/planbet.promo\/lu\/","name":"Planbet Promo LU","description":"My WordPress Blog","potentialAction":[{"@type":"SearchAction","target":{"@type":"EntryPoint","urlTemplate":"https:\/\/planbet.promo\/lu\/?s={search_term_string}"},"query-input":{"@type":"PropertyValueSpecification","valueRequired":true,"valueName":"search_term_string"}}],"inLanguage":"lb-LU"}]}},"_links":{"self":[{"href":"https:\/\/planbet.promo\/lu\/wp-json\/wp\/v2\/pages\/504","targetHints":{"allow":["GET"]}}],"collection":[{"href":"https:\/\/planbet.promo\/lu\/wp-json\/wp\/v2\/pages"}],"about":[{"href":"https:\/\/planbet.promo\/lu\/wp-json\/wp\/v2\/types\/page"}],"author":[{"embeddable":true,"href":"https:\/\/planbet.promo\/lu\/wp-json\/wp\/v2\/users\/1"}],"replies":[{"embeddable":true,"href":"https:\/\/planbet.promo\/lu\/wp-json\/wp\/v2\/comments?post=504"}],"version-history":[{"count":4,"href":"https:\/\/planbet.promo\/lu\/wp-json\/wp\/v2\/pages\/504\/revisions"}],"predecessor-version":[{"id":828,"href":"https:\/\/planbet.promo\/lu\/wp-json\/wp\/v2\/pages\/504\/revisions\/828"}],"up":[{"embeddable":true,"href":"https:\/\/planbet.promo\/lu\/wp-json\/wp\/v2\/pages\/152"}],"wp:attachment":[{"href":"https:\/\/planbet.promo\/lu\/wp-json\/wp\/v2\/media?parent=504"}],"curies":[{"name":"wp","href":"https:\/\/api.w.org\/{rel}","templated":true}]}}