{"id":152,"date":"2023-05-18T17:39:43","date_gmt":"2023-05-18T17:39:43","guid":{"rendered":"https:\/\/betwinner.team\/?page_id=152"},"modified":"2025-07-02T08:41:27","modified_gmt":"2025-07-02T08:41:27","slug":"bonus","status":"publish","type":"page","link":"https:\/\/planbet.promo\/lv\/bonus\/","title":{"rendered":"Bonuss"},"content":{"rendered":"","protected":false},"excerpt":{"rendered":"","protected":false},"author":1,"featured_media":0,"parent":0,"menu_order":0,"comment_status":"closed","ping_status":"closed","template":"","meta":{"footnotes":""},"class_list":["post-152","page","type-page","status-publish","hentry"],"yoast_head":"<!-- This site is optimized with the Yoast SEO plugin v26.2 - https:\/\/yoast.com\/wordpress\/plugins\/seo\/ -->\n<title>PlanBet bonusi un \u012bpa\u0161ie pied\u0101v\u0101jumi 2025<\/title>\n<meta name=\"description\" content=\"PlanBet apsveikuma pied\u0101v\u0101jums re\u0123istr\u0113joties \u2b50 Ieg\u016bstiet 100% depoz\u012bta bonusu jauniem sp\u0113l\u0113t\u0101jiem \u2713 Re\u0123istr\u0113jieties tagad un izbaudiet visas akcijas, kas pieejamas PlanBet\" \/>\n<meta name=\"robots\" content=\"noindex, follow, max-snippet:-1, max-image-preview:large, max-video-preview:-1\" \/>\n<meta property=\"og:locale\" content=\"lv_LV\" \/>\n<meta property=\"og:type\" content=\"article\" \/>\n<meta property=\"og:title\" content=\"PlanBet bonusi un \u012bpa\u0161ie pied\u0101v\u0101jumi 2025\" \/>\n<meta property=\"og:description\" content=\"PlanBet apsveikuma pied\u0101v\u0101jums re\u0123istr\u0113joties \u2b50 Ieg\u016bstiet 100% depoz\u012bta bonusu jauniem sp\u0113l\u0113t\u0101jiem \u2713 Re\u0123istr\u0113jieties tagad un izbaudiet visas akcijas, kas pieejamas PlanBet\" \/>\n<meta property=\"og:url\" content=\"https:\/\/planbet.promo\/lv\/bonus\/\" \/>\n<meta property=\"og:site_name\" content=\"Planbet Promo LV\" \/>\n<meta property=\"article:modified_time\" content=\"2025-07-02T08:41:27+00:00\" \/>\n<meta name=\"twitter:card\" content=\"summary_large_image\" \/>\n<script type=\"application\/ld+json\" class=\"yoast-schema-graph\">{\"@context\":\"https:\/\/schema.org\",\"@graph\":[{\"@type\":\"WebPage\",\"@id\":\"https:\/\/planbet.promo\/lv\/bonus\/\",\"url\":\"https:\/\/planbet.promo\/lv\/bonus\/\",\"name\":\"PlanBet bonusi un \u012bpa\u0161ie pied\u0101v\u0101jumi 2025\",\"isPartOf\":{\"@id\":\"https:\/\/planbet.promo\/lv\/#website\"},\"datePublished\":\"2023-05-18T17:39:43+00:00\",\"dateModified\":\"2025-07-02T08:41:27+00:00\",\"description\":\"PlanBet apsveikuma pied\u0101v\u0101jums re\u0123istr\u0113joties \u2b50 Ieg\u016bstiet 100% depoz\u012bta bonusu jauniem sp\u0113l\u0113t\u0101jiem \u2713 Re\u0123istr\u0113jieties tagad un izbaudiet visas akcijas, kas pieejamas PlanBet\",\"breadcrumb\":{\"@id\":\"https:\/\/planbet.promo\/lv\/bonus\/#breadcrumb\"},\"inLanguage\":\"lv-LV\",\"potentialAction\":[{\"@type\":\"ReadAction\",\"target\":[\"https:\/\/planbet.promo\/lv\/bonus\/\"]}]},{\"@type\":\"BreadcrumbList\",\"@id\":\"https:\/\/planbet.promo\/lv\/bonus\/#breadcrumb\",\"itemListElement\":[{\"@type\":\"ListItem\",\"position\":1,\"name\":\"Home\",\"item\":\"https:\/\/planbet.promo\/lv\/\"},{\"@type\":\"ListItem\",\"position\":2,\"name\":\"Bonuss\"}]},{\"@type\":\"WebSite\",\"@id\":\"https:\/\/planbet.promo\/lv\/#website\",\"url\":\"https:\/\/planbet.promo\/lv\/\",\"name\":\"Planbet Promo LV\",\"description\":\"My WordPress Blog\",\"potentialAction\":[{\"@type\":\"SearchAction\",\"target\":{\"@type\":\"EntryPoint\",\"urlTemplate\":\"https:\/\/planbet.promo\/lv\/?s={search_term_string}\"},\"query-input\":{\"@type\":\"PropertyValueSpecification\",\"valueRequired\":true,\"valueName\":\"search_term_string\"}}],\"inLanguage\":\"lv-LV\"}]}<\/script>\n<!-- \/ Yoast SEO plugin. -->","yoast_head_json":{"title":"PlanBet bonusi un \u012bpa\u0161ie pied\u0101v\u0101jumi 2025","description":"PlanBet apsveikuma pied\u0101v\u0101jums re\u0123istr\u0113joties \u2b50 Ieg\u016bstiet 100% depoz\u012bta bonusu jauniem sp\u0113l\u0113t\u0101jiem \u2713 Re\u0123istr\u0113jieties tagad un izbaudiet visas akcijas, kas pieejamas PlanBet","robots":{"index":"noindex","follow":"follow","max-snippet":"max-snippet:-1","max-image-preview":"max-image-preview:large","max-video-preview":"max-video-preview:-1"},"og_locale":"lv_LV","og_type":"article","og_title":"PlanBet bonusi un \u012bpa\u0161ie pied\u0101v\u0101jumi 2025","og_description":"PlanBet apsveikuma pied\u0101v\u0101jums re\u0123istr\u0113joties \u2b50 Ieg\u016bstiet 100% depoz\u012bta bonusu jauniem sp\u0113l\u0113t\u0101jiem \u2713 Re\u0123istr\u0113jieties tagad un izbaudiet visas akcijas, kas pieejamas PlanBet","og_url":"https:\/\/planbet.promo\/lv\/bonus\/","og_site_name":"Planbet Promo LV","article_modified_time":"2025-07-02T08:41:27+00:00","twitter_card":"summary_large_image","schema":{"@context":"https:\/\/schema.org","@graph":[{"@type":"WebPage","@id":"https:\/\/planbet.promo\/lv\/bonus\/","url":"https:\/\/planbet.promo\/lv\/bonus\/","name":"PlanBet bonusi un \u012bpa\u0161ie pied\u0101v\u0101jumi 2025","isPartOf":{"@id":"https:\/\/planbet.promo\/lv\/#website"},"datePublished":"2023-05-18T17:39:43+00:00","dateModified":"2025-07-02T08:41:27+00:00","description":"PlanBet apsveikuma pied\u0101v\u0101jums re\u0123istr\u0113joties \u2b50 Ieg\u016bstiet 100% depoz\u012bta bonusu jauniem sp\u0113l\u0113t\u0101jiem \u2713 Re\u0123istr\u0113jieties tagad un izbaudiet visas akcijas, kas pieejamas PlanBet","breadcrumb":{"@id":"https:\/\/planbet.promo\/lv\/bonus\/#breadcrumb"},"inLanguage":"lv-LV","potentialAction":[{"@type":"ReadAction","target":["https:\/\/planbet.promo\/lv\/bonus\/"]}]},{"@type":"BreadcrumbList","@id":"https:\/\/planbet.promo\/lv\/bonus\/#breadcrumb","itemListElement":[{"@type":"ListItem","position":1,"name":"Home","item":"https:\/\/planbet.promo\/lv\/"},{"@type":"ListItem","position":2,"name":"Bonuss"}]},{"@type":"WebSite","@id":"https:\/\/planbet.promo\/lv\/#website","url":"https:\/\/planbet.promo\/lv\/","name":"Planbet Promo LV","description":"My WordPress Blog","potentialAction":[{"@type":"SearchAction","target":{"@type":"EntryPoint","urlTemplate":"https:\/\/planbet.promo\/lv\/?s={search_term_string}"},"query-input":{"@type":"PropertyValueSpecification","valueRequired":true,"valueName":"search_term_string"}}],"inLanguage":"lv-LV"}]}},"_links":{"self":[{"href":"https:\/\/planbet.promo\/lv\/wp-json\/wp\/v2\/pages\/152","targetHints":{"allow":["GET"]}}],"collection":[{"href":"https:\/\/planbet.promo\/lv\/wp-json\/wp\/v2\/pages"}],"about":[{"href":"https:\/\/planbet.promo\/lv\/wp-json\/wp\/v2\/types\/page"}],"author":[{"embeddable":true,"href":"https:\/\/planbet.promo\/lv\/wp-json\/wp\/v2\/users\/1"}],"replies":[{"embeddable":true,"href":"https:\/\/planbet.promo\/lv\/wp-json\/wp\/v2\/comments?post=152"}],"version-history":[{"count":6,"href":"https:\/\/planbet.promo\/lv\/wp-json\/wp\/v2\/pages\/152\/revisions"}],"predecessor-version":[{"id":721,"href":"https:\/\/planbet.promo\/lv\/wp-json\/wp\/v2\/pages\/152\/revisions\/721"}],"wp:attachment":[{"href":"https:\/\/planbet.promo\/lv\/wp-json\/wp\/v2\/media?parent=152"}],"curies":[{"name":"wp","href":"https:\/\/api.w.org\/{rel}","templated":true}]}}