{"id":2,"date":"2023-04-18T17:18:34","date_gmt":"2023-04-18T17:18:34","guid":{"rendered":"https:\/\/betwinner.team\/?page_id=2"},"modified":"2026-01-16T09:11:58","modified_gmt":"2026-01-16T09:11:58","slug":"sample-page","status":"publish","type":"page","link":"https:\/\/planbet.promo\/lv\/","title":{"rendered":"S\u0101kums"},"content":{"rendered":"","protected":false},"excerpt":{"rendered":"","protected":false},"author":1,"featured_media":0,"parent":0,"menu_order":0,"comment_status":"closed","ping_status":"closed","template":"","meta":{"footnotes":""},"class_list":["post-2","page","type-page","status-publish","hentry"],"yoast_head":"<!-- This site is optimized with the Yoast SEO plugin v26.2 - https:\/\/yoast.com\/wordpress\/plugins\/seo\/ -->\n<title>PlanBet \u2705 Online sporta der\u012bbas un kazino sp\u0113les<\/title>\n<meta name=\"description\" content=\"Re\u0123istr\u0113jieties un sa\u0146emiet 100% bonusu \ud83d\uddf8 Pla\u0161a sporta likmju izv\u0113le, dz\u012bv\u0101s kazino sp\u0113les un bonusi sp\u0113l\u0113t\u0101jiem \ud83d\uddf8 \u0100tri noguld\u012bjumi un 24\/7 atbalsts\" \/>\n<meta name=\"robots\" content=\"noindex, follow, max-snippet:-1, max-image-preview:large, max-video-preview:-1\" \/>\n<meta property=\"og:locale\" content=\"lv_LV\" \/>\n<meta property=\"og:type\" content=\"article\" \/>\n<meta property=\"og:title\" content=\"PlanBet \u2705 Online sporta der\u012bbas un kazino sp\u0113les\" \/>\n<meta property=\"og:description\" content=\"Re\u0123istr\u0113jieties un sa\u0146emiet 100% bonusu \ud83d\uddf8 Pla\u0161a sporta likmju izv\u0113le, dz\u012bv\u0101s kazino sp\u0113les un bonusi sp\u0113l\u0113t\u0101jiem \ud83d\uddf8 \u0100tri noguld\u012bjumi un 24\/7 atbalsts\" \/>\n<meta property=\"og:url\" content=\"https:\/\/planbet.promo\/lv\/\" \/>\n<meta property=\"og:site_name\" content=\"Planbet Promo LV\" \/>\n<meta property=\"article:modified_time\" content=\"2026-01-16T09:11:58+00:00\" \/>\n<meta name=\"twitter:card\" content=\"summary_large_image\" \/>\n<script type=\"application\/ld+json\" class=\"yoast-schema-graph\">{\"@context\":\"https:\/\/schema.org\",\"@graph\":[{\"@type\":\"WebPage\",\"@id\":\"https:\/\/planbet.promo\/lv\/\",\"url\":\"https:\/\/planbet.promo\/lv\/\",\"name\":\"PlanBet \u2705 Online sporta der\u012bbas un kazino sp\u0113les\",\"isPartOf\":{\"@id\":\"https:\/\/planbet.promo\/lv\/#website\"},\"datePublished\":\"2023-04-18T17:18:34+00:00\",\"dateModified\":\"2026-01-16T09:11:58+00:00\",\"description\":\"Re\u0123istr\u0113jieties un sa\u0146emiet 100% bonusu \ud83d\uddf8 Pla\u0161a sporta likmju izv\u0113le, dz\u012bv\u0101s kazino sp\u0113les un bonusi sp\u0113l\u0113t\u0101jiem \ud83d\uddf8 \u0100tri noguld\u012bjumi un 24\/7 atbalsts\",\"breadcrumb\":{\"@id\":\"https:\/\/planbet.promo\/lv\/#breadcrumb\"},\"inLanguage\":\"lv-LV\",\"potentialAction\":[{\"@type\":\"ReadAction\",\"target\":[\"https:\/\/planbet.promo\/lv\/\"]}]},{\"@type\":\"BreadcrumbList\",\"@id\":\"https:\/\/planbet.promo\/lv\/#breadcrumb\",\"itemListElement\":[{\"@type\":\"ListItem\",\"position\":1,\"name\":\"Home\",\"item\":\"https:\/\/planbet.promo\/lv\/\"},{\"@type\":\"ListItem\",\"position\":2,\"name\":\"S\u0101kums\"}]},{\"@type\":\"WebSite\",\"@id\":\"https:\/\/planbet.promo\/lv\/#website\",\"url\":\"https:\/\/planbet.promo\/lv\/\",\"name\":\"Planbet Promo LV\",\"description\":\"My WordPress Blog\",\"potentialAction\":[{\"@type\":\"SearchAction\",\"target\":{\"@type\":\"EntryPoint\",\"urlTemplate\":\"https:\/\/planbet.promo\/lv\/?s={search_term_string}\"},\"query-input\":{\"@type\":\"PropertyValueSpecification\",\"valueRequired\":true,\"valueName\":\"search_term_string\"}}],\"inLanguage\":\"lv-LV\"}]}<\/script>\n<!-- \/ Yoast SEO plugin. -->","yoast_head_json":{"title":"PlanBet \u2705 Online sporta der\u012bbas un kazino sp\u0113les","description":"Re\u0123istr\u0113jieties un sa\u0146emiet 100% bonusu \ud83d\uddf8 Pla\u0161a sporta likmju izv\u0113le, dz\u012bv\u0101s kazino sp\u0113les un bonusi sp\u0113l\u0113t\u0101jiem \ud83d\uddf8 \u0100tri noguld\u012bjumi un 24\/7 atbalsts","robots":{"index":"noindex","follow":"follow","max-snippet":"max-snippet:-1","max-image-preview":"max-image-preview:large","max-video-preview":"max-video-preview:-1"},"og_locale":"lv_LV","og_type":"article","og_title":"PlanBet \u2705 Online sporta der\u012bbas un kazino sp\u0113les","og_description":"Re\u0123istr\u0113jieties un sa\u0146emiet 100% bonusu \ud83d\uddf8 Pla\u0161a sporta likmju izv\u0113le, dz\u012bv\u0101s kazino sp\u0113les un bonusi sp\u0113l\u0113t\u0101jiem \ud83d\uddf8 \u0100tri noguld\u012bjumi un 24\/7 atbalsts","og_url":"https:\/\/planbet.promo\/lv\/","og_site_name":"Planbet Promo LV","article_modified_time":"2026-01-16T09:11:58+00:00","twitter_card":"summary_large_image","schema":{"@context":"https:\/\/schema.org","@graph":[{"@type":"WebPage","@id":"https:\/\/planbet.promo\/lv\/","url":"https:\/\/planbet.promo\/lv\/","name":"PlanBet \u2705 Online sporta der\u012bbas un kazino sp\u0113les","isPartOf":{"@id":"https:\/\/planbet.promo\/lv\/#website"},"datePublished":"2023-04-18T17:18:34+00:00","dateModified":"2026-01-16T09:11:58+00:00","description":"Re\u0123istr\u0113jieties un sa\u0146emiet 100% bonusu \ud83d\uddf8 Pla\u0161a sporta likmju izv\u0113le, dz\u012bv\u0101s kazino sp\u0113les un bonusi sp\u0113l\u0113t\u0101jiem \ud83d\uddf8 \u0100tri noguld\u012bjumi un 24\/7 atbalsts","breadcrumb":{"@id":"https:\/\/planbet.promo\/lv\/#breadcrumb"},"inLanguage":"lv-LV","potentialAction":[{"@type":"ReadAction","target":["https:\/\/planbet.promo\/lv\/"]}]},{"@type":"BreadcrumbList","@id":"https:\/\/planbet.promo\/lv\/#breadcrumb","itemListElement":[{"@type":"ListItem","position":1,"name":"Home","item":"https:\/\/planbet.promo\/lv\/"},{"@type":"ListItem","position":2,"name":"S\u0101kums"}]},{"@type":"WebSite","@id":"https:\/\/planbet.promo\/lv\/#website","url":"https:\/\/planbet.promo\/lv\/","name":"Planbet Promo LV","description":"My WordPress Blog","potentialAction":[{"@type":"SearchAction","target":{"@type":"EntryPoint","urlTemplate":"https:\/\/planbet.promo\/lv\/?s={search_term_string}"},"query-input":{"@type":"PropertyValueSpecification","valueRequired":true,"valueName":"search_term_string"}}],"inLanguage":"lv-LV"}]}},"_links":{"self":[{"href":"https:\/\/planbet.promo\/lv\/wp-json\/wp\/v2\/pages\/2","targetHints":{"allow":["GET"]}}],"collection":[{"href":"https:\/\/planbet.promo\/lv\/wp-json\/wp\/v2\/pages"}],"about":[{"href":"https:\/\/planbet.promo\/lv\/wp-json\/wp\/v2\/types\/page"}],"author":[{"embeddable":true,"href":"https:\/\/planbet.promo\/lv\/wp-json\/wp\/v2\/users\/1"}],"replies":[{"embeddable":true,"href":"https:\/\/planbet.promo\/lv\/wp-json\/wp\/v2\/comments?post=2"}],"version-history":[{"count":14,"href":"https:\/\/planbet.promo\/lv\/wp-json\/wp\/v2\/pages\/2\/revisions"}],"predecessor-version":[{"id":741,"href":"https:\/\/planbet.promo\/lv\/wp-json\/wp\/v2\/pages\/2\/revisions\/741"}],"wp:attachment":[{"href":"https:\/\/planbet.promo\/lv\/wp-json\/wp\/v2\/media?parent=2"}],"curies":[{"name":"wp","href":"https:\/\/api.w.org\/{rel}","templated":true}]}}