{"id":270,"date":"2024-05-28T12:15:13","date_gmt":"2024-05-28T12:15:13","guid":{"rendered":"https:\/\/betwinner.team\/?page_id=270"},"modified":"2025-07-02T09:34:02","modified_gmt":"2025-07-02T09:34:02","slug":"registration","status":"publish","type":"page","link":"https:\/\/planbet.promo\/lv\/registration\/","title":{"rendered":"Re\u0123istr\u0101cija"},"content":{"rendered":"","protected":false},"excerpt":{"rendered":"","protected":false},"author":1,"featured_media":0,"parent":0,"menu_order":0,"comment_status":"closed","ping_status":"closed","template":"","meta":{"footnotes":""},"class_list":["post-270","page","type-page","status-publish","hentry"],"yoast_head":"<!-- This site is optimized with the Yoast SEO plugin v26.2 - https:\/\/yoast.com\/wordpress\/plugins\/seo\/ -->\n<title>PlanBet re\u0123istr\u0101cijas ce\u013cvedis | Labv\u0113l\u012bgais pied\u0101v\u0101jums<\/title>\n<meta name=\"description\" content=\"PlanBet Re\u0123istr\u0113\u0161an\u0101s ce\u013cvedis jaunam kontam jaunajiem sp\u0113l\u0113t\u0101jiem \u2713 Sa\u0146emiet l\u012bdz pat 130% bonusu, kad J\u016bs re\u0123istr\u0113jaties! PlanBet Re\u0123istr\u0101cija un p\u0101rbaude\" \/>\n<meta name=\"robots\" content=\"noindex, follow, max-snippet:-1, max-image-preview:large, max-video-preview:-1\" \/>\n<meta property=\"og:locale\" content=\"lv_LV\" \/>\n<meta property=\"og:type\" content=\"article\" \/>\n<meta property=\"og:title\" content=\"PlanBet re\u0123istr\u0101cijas ce\u013cvedis | Labv\u0113l\u012bgais pied\u0101v\u0101jums\" \/>\n<meta property=\"og:description\" content=\"PlanBet Re\u0123istr\u0113\u0161an\u0101s ce\u013cvedis jaunam kontam jaunajiem sp\u0113l\u0113t\u0101jiem \u2713 Sa\u0146emiet l\u012bdz pat 130% bonusu, kad J\u016bs re\u0123istr\u0113jaties! PlanBet Re\u0123istr\u0101cija un p\u0101rbaude\" \/>\n<meta property=\"og:url\" content=\"https:\/\/planbet.promo\/lv\/registration\/\" \/>\n<meta property=\"og:site_name\" content=\"Planbet Promo LV\" \/>\n<meta property=\"article:modified_time\" content=\"2025-07-02T09:34:02+00:00\" \/>\n<meta name=\"twitter:card\" content=\"summary_large_image\" \/>\n<script type=\"application\/ld+json\" class=\"yoast-schema-graph\">{\"@context\":\"https:\/\/schema.org\",\"@graph\":[{\"@type\":\"WebPage\",\"@id\":\"https:\/\/planbet.promo\/lv\/registration\/\",\"url\":\"https:\/\/planbet.promo\/lv\/registration\/\",\"name\":\"PlanBet re\u0123istr\u0101cijas ce\u013cvedis | Labv\u0113l\u012bgais pied\u0101v\u0101jums\",\"isPartOf\":{\"@id\":\"https:\/\/planbet.promo\/lv\/#website\"},\"datePublished\":\"2024-05-28T12:15:13+00:00\",\"dateModified\":\"2025-07-02T09:34:02+00:00\",\"description\":\"PlanBet Re\u0123istr\u0113\u0161an\u0101s ce\u013cvedis jaunam kontam jaunajiem sp\u0113l\u0113t\u0101jiem \u2713 Sa\u0146emiet l\u012bdz pat 130% bonusu, kad J\u016bs re\u0123istr\u0113jaties! PlanBet Re\u0123istr\u0101cija un p\u0101rbaude\",\"breadcrumb\":{\"@id\":\"https:\/\/planbet.promo\/lv\/registration\/#breadcrumb\"},\"inLanguage\":\"lv-LV\",\"potentialAction\":[{\"@type\":\"ReadAction\",\"target\":[\"https:\/\/planbet.promo\/lv\/registration\/\"]}]},{\"@type\":\"BreadcrumbList\",\"@id\":\"https:\/\/planbet.promo\/lv\/registration\/#breadcrumb\",\"itemListElement\":[{\"@type\":\"ListItem\",\"position\":1,\"name\":\"Home\",\"item\":\"https:\/\/planbet.promo\/lv\/\"},{\"@type\":\"ListItem\",\"position\":2,\"name\":\"Re\u0123istr\u0101cija\"}]},{\"@type\":\"WebSite\",\"@id\":\"https:\/\/planbet.promo\/lv\/#website\",\"url\":\"https:\/\/planbet.promo\/lv\/\",\"name\":\"Planbet Promo LV\",\"description\":\"My WordPress Blog\",\"potentialAction\":[{\"@type\":\"SearchAction\",\"target\":{\"@type\":\"EntryPoint\",\"urlTemplate\":\"https:\/\/planbet.promo\/lv\/?s={search_term_string}\"},\"query-input\":{\"@type\":\"PropertyValueSpecification\",\"valueRequired\":true,\"valueName\":\"search_term_string\"}}],\"inLanguage\":\"lv-LV\"}]}<\/script>\n<!-- \/ Yoast SEO plugin. -->","yoast_head_json":{"title":"PlanBet re\u0123istr\u0101cijas ce\u013cvedis | Labv\u0113l\u012bgais pied\u0101v\u0101jums","description":"PlanBet Re\u0123istr\u0113\u0161an\u0101s ce\u013cvedis jaunam kontam jaunajiem sp\u0113l\u0113t\u0101jiem \u2713 Sa\u0146emiet l\u012bdz pat 130% bonusu, kad J\u016bs re\u0123istr\u0113jaties! PlanBet Re\u0123istr\u0101cija un p\u0101rbaude","robots":{"index":"noindex","follow":"follow","max-snippet":"max-snippet:-1","max-image-preview":"max-image-preview:large","max-video-preview":"max-video-preview:-1"},"og_locale":"lv_LV","og_type":"article","og_title":"PlanBet re\u0123istr\u0101cijas ce\u013cvedis | Labv\u0113l\u012bgais pied\u0101v\u0101jums","og_description":"PlanBet Re\u0123istr\u0113\u0161an\u0101s ce\u013cvedis jaunam kontam jaunajiem sp\u0113l\u0113t\u0101jiem \u2713 Sa\u0146emiet l\u012bdz pat 130% bonusu, kad J\u016bs re\u0123istr\u0113jaties! PlanBet Re\u0123istr\u0101cija un p\u0101rbaude","og_url":"https:\/\/planbet.promo\/lv\/registration\/","og_site_name":"Planbet Promo LV","article_modified_time":"2025-07-02T09:34:02+00:00","twitter_card":"summary_large_image","schema":{"@context":"https:\/\/schema.org","@graph":[{"@type":"WebPage","@id":"https:\/\/planbet.promo\/lv\/registration\/","url":"https:\/\/planbet.promo\/lv\/registration\/","name":"PlanBet re\u0123istr\u0101cijas ce\u013cvedis | Labv\u0113l\u012bgais pied\u0101v\u0101jums","isPartOf":{"@id":"https:\/\/planbet.promo\/lv\/#website"},"datePublished":"2024-05-28T12:15:13+00:00","dateModified":"2025-07-02T09:34:02+00:00","description":"PlanBet Re\u0123istr\u0113\u0161an\u0101s ce\u013cvedis jaunam kontam jaunajiem sp\u0113l\u0113t\u0101jiem \u2713 Sa\u0146emiet l\u012bdz pat 130% bonusu, kad J\u016bs re\u0123istr\u0113jaties! PlanBet Re\u0123istr\u0101cija un p\u0101rbaude","breadcrumb":{"@id":"https:\/\/planbet.promo\/lv\/registration\/#breadcrumb"},"inLanguage":"lv-LV","potentialAction":[{"@type":"ReadAction","target":["https:\/\/planbet.promo\/lv\/registration\/"]}]},{"@type":"BreadcrumbList","@id":"https:\/\/planbet.promo\/lv\/registration\/#breadcrumb","itemListElement":[{"@type":"ListItem","position":1,"name":"Home","item":"https:\/\/planbet.promo\/lv\/"},{"@type":"ListItem","position":2,"name":"Re\u0123istr\u0101cija"}]},{"@type":"WebSite","@id":"https:\/\/planbet.promo\/lv\/#website","url":"https:\/\/planbet.promo\/lv\/","name":"Planbet Promo LV","description":"My WordPress Blog","potentialAction":[{"@type":"SearchAction","target":{"@type":"EntryPoint","urlTemplate":"https:\/\/planbet.promo\/lv\/?s={search_term_string}"},"query-input":{"@type":"PropertyValueSpecification","valueRequired":true,"valueName":"search_term_string"}}],"inLanguage":"lv-LV"}]}},"_links":{"self":[{"href":"https:\/\/planbet.promo\/lv\/wp-json\/wp\/v2\/pages\/270","targetHints":{"allow":["GET"]}}],"collection":[{"href":"https:\/\/planbet.promo\/lv\/wp-json\/wp\/v2\/pages"}],"about":[{"href":"https:\/\/planbet.promo\/lv\/wp-json\/wp\/v2\/types\/page"}],"author":[{"embeddable":true,"href":"https:\/\/planbet.promo\/lv\/wp-json\/wp\/v2\/users\/1"}],"replies":[{"embeddable":true,"href":"https:\/\/planbet.promo\/lv\/wp-json\/wp\/v2\/comments?post=270"}],"version-history":[{"count":5,"href":"https:\/\/planbet.promo\/lv\/wp-json\/wp\/v2\/pages\/270\/revisions"}],"predecessor-version":[{"id":738,"href":"https:\/\/planbet.promo\/lv\/wp-json\/wp\/v2\/pages\/270\/revisions\/738"}],"wp:attachment":[{"href":"https:\/\/planbet.promo\/lv\/wp-json\/wp\/v2\/media?parent=270"}],"curies":[{"name":"wp","href":"https:\/\/api.w.org\/{rel}","templated":true}]}}