{"id":304,"date":"2024-05-28T13:23:17","date_gmt":"2024-05-28T13:23:17","guid":{"rendered":"https:\/\/betwinner.team\/?page_id=304"},"modified":"2025-07-02T09:17:31","modified_gmt":"2025-07-02T09:17:31","slug":"login","status":"publish","type":"page","link":"https:\/\/planbet.promo\/lv\/login\/","title":{"rendered":"Piesl\u0113gties"},"content":{"rendered":"","protected":false},"excerpt":{"rendered":"","protected":false},"author":1,"featured_media":0,"parent":0,"menu_order":0,"comment_status":"closed","ping_status":"closed","template":"","meta":{"footnotes":""},"class_list":["post-304","page","type-page","status-publish","hentry"],"yoast_head":"<!-- This site is optimized with the Yoast SEO plugin v26.2 - https:\/\/yoast.com\/wordpress\/plugins\/seo\/ -->\n<title>PlanBet pieteik\u0161an\u0101s \ud83d\udfe2 K\u0101 piek\u013c\u016bt savam kontam<\/title>\n<meta name=\"description\" content=\"Re\u0123istr\u0113jieties ar vienu klik\u0161\u0137i PlanBet vietn\u0113 un sa\u0146emiet lab\u0101kos bonusus PlanBet.com \ud83d\uddf8 Piesl\u0113dzieties un s\u0101ciet der\u012bbas tagad\" \/>\n<meta name=\"robots\" content=\"noindex, follow, max-snippet:-1, max-image-preview:large, max-video-preview:-1\" \/>\n<meta property=\"og:locale\" content=\"lv_LV\" \/>\n<meta property=\"og:type\" content=\"article\" \/>\n<meta property=\"og:title\" content=\"PlanBet pieteik\u0161an\u0101s \ud83d\udfe2 K\u0101 piek\u013c\u016bt savam kontam\" \/>\n<meta property=\"og:description\" content=\"Re\u0123istr\u0113jieties ar vienu klik\u0161\u0137i PlanBet vietn\u0113 un sa\u0146emiet lab\u0101kos bonusus PlanBet.com \ud83d\uddf8 Piesl\u0113dzieties un s\u0101ciet der\u012bbas tagad\" \/>\n<meta property=\"og:url\" content=\"https:\/\/planbet.promo\/lv\/login\/\" \/>\n<meta property=\"og:site_name\" content=\"Planbet Promo LV\" \/>\n<meta property=\"article:modified_time\" content=\"2025-07-02T09:17:31+00:00\" \/>\n<meta name=\"twitter:card\" content=\"summary_large_image\" \/>\n<script type=\"application\/ld+json\" class=\"yoast-schema-graph\">{\"@context\":\"https:\/\/schema.org\",\"@graph\":[{\"@type\":\"WebPage\",\"@id\":\"https:\/\/planbet.promo\/lv\/login\/\",\"url\":\"https:\/\/planbet.promo\/lv\/login\/\",\"name\":\"PlanBet pieteik\u0161an\u0101s \ud83d\udfe2 K\u0101 piek\u013c\u016bt savam kontam\",\"isPartOf\":{\"@id\":\"https:\/\/planbet.promo\/lv\/#website\"},\"datePublished\":\"2024-05-28T13:23:17+00:00\",\"dateModified\":\"2025-07-02T09:17:31+00:00\",\"description\":\"Re\u0123istr\u0113jieties ar vienu klik\u0161\u0137i PlanBet vietn\u0113 un sa\u0146emiet lab\u0101kos bonusus PlanBet.com \ud83d\uddf8 Piesl\u0113dzieties un s\u0101ciet der\u012bbas tagad\",\"breadcrumb\":{\"@id\":\"https:\/\/planbet.promo\/lv\/login\/#breadcrumb\"},\"inLanguage\":\"lv-LV\",\"potentialAction\":[{\"@type\":\"ReadAction\",\"target\":[\"https:\/\/planbet.promo\/lv\/login\/\"]}]},{\"@type\":\"BreadcrumbList\",\"@id\":\"https:\/\/planbet.promo\/lv\/login\/#breadcrumb\",\"itemListElement\":[{\"@type\":\"ListItem\",\"position\":1,\"name\":\"Home\",\"item\":\"https:\/\/planbet.promo\/lv\/\"},{\"@type\":\"ListItem\",\"position\":2,\"name\":\"Piesl\u0113gties\"}]},{\"@type\":\"WebSite\",\"@id\":\"https:\/\/planbet.promo\/lv\/#website\",\"url\":\"https:\/\/planbet.promo\/lv\/\",\"name\":\"Planbet Promo LV\",\"description\":\"My WordPress Blog\",\"potentialAction\":[{\"@type\":\"SearchAction\",\"target\":{\"@type\":\"EntryPoint\",\"urlTemplate\":\"https:\/\/planbet.promo\/lv\/?s={search_term_string}\"},\"query-input\":{\"@type\":\"PropertyValueSpecification\",\"valueRequired\":true,\"valueName\":\"search_term_string\"}}],\"inLanguage\":\"lv-LV\"}]}<\/script>\n<!-- \/ Yoast SEO plugin. -->","yoast_head_json":{"title":"PlanBet pieteik\u0161an\u0101s \ud83d\udfe2 K\u0101 piek\u013c\u016bt savam kontam","description":"Re\u0123istr\u0113jieties ar vienu klik\u0161\u0137i PlanBet vietn\u0113 un sa\u0146emiet lab\u0101kos bonusus PlanBet.com \ud83d\uddf8 Piesl\u0113dzieties un s\u0101ciet der\u012bbas tagad","robots":{"index":"noindex","follow":"follow","max-snippet":"max-snippet:-1","max-image-preview":"max-image-preview:large","max-video-preview":"max-video-preview:-1"},"og_locale":"lv_LV","og_type":"article","og_title":"PlanBet pieteik\u0161an\u0101s \ud83d\udfe2 K\u0101 piek\u013c\u016bt savam kontam","og_description":"Re\u0123istr\u0113jieties ar vienu klik\u0161\u0137i PlanBet vietn\u0113 un sa\u0146emiet lab\u0101kos bonusus PlanBet.com \ud83d\uddf8 Piesl\u0113dzieties un s\u0101ciet der\u012bbas tagad","og_url":"https:\/\/planbet.promo\/lv\/login\/","og_site_name":"Planbet Promo LV","article_modified_time":"2025-07-02T09:17:31+00:00","twitter_card":"summary_large_image","schema":{"@context":"https:\/\/schema.org","@graph":[{"@type":"WebPage","@id":"https:\/\/planbet.promo\/lv\/login\/","url":"https:\/\/planbet.promo\/lv\/login\/","name":"PlanBet pieteik\u0161an\u0101s \ud83d\udfe2 K\u0101 piek\u013c\u016bt savam kontam","isPartOf":{"@id":"https:\/\/planbet.promo\/lv\/#website"},"datePublished":"2024-05-28T13:23:17+00:00","dateModified":"2025-07-02T09:17:31+00:00","description":"Re\u0123istr\u0113jieties ar vienu klik\u0161\u0137i PlanBet vietn\u0113 un sa\u0146emiet lab\u0101kos bonusus PlanBet.com \ud83d\uddf8 Piesl\u0113dzieties un s\u0101ciet der\u012bbas tagad","breadcrumb":{"@id":"https:\/\/planbet.promo\/lv\/login\/#breadcrumb"},"inLanguage":"lv-LV","potentialAction":[{"@type":"ReadAction","target":["https:\/\/planbet.promo\/lv\/login\/"]}]},{"@type":"BreadcrumbList","@id":"https:\/\/planbet.promo\/lv\/login\/#breadcrumb","itemListElement":[{"@type":"ListItem","position":1,"name":"Home","item":"https:\/\/planbet.promo\/lv\/"},{"@type":"ListItem","position":2,"name":"Piesl\u0113gties"}]},{"@type":"WebSite","@id":"https:\/\/planbet.promo\/lv\/#website","url":"https:\/\/planbet.promo\/lv\/","name":"Planbet Promo LV","description":"My WordPress Blog","potentialAction":[{"@type":"SearchAction","target":{"@type":"EntryPoint","urlTemplate":"https:\/\/planbet.promo\/lv\/?s={search_term_string}"},"query-input":{"@type":"PropertyValueSpecification","valueRequired":true,"valueName":"search_term_string"}}],"inLanguage":"lv-LV"}]}},"_links":{"self":[{"href":"https:\/\/planbet.promo\/lv\/wp-json\/wp\/v2\/pages\/304","targetHints":{"allow":["GET"]}}],"collection":[{"href":"https:\/\/planbet.promo\/lv\/wp-json\/wp\/v2\/pages"}],"about":[{"href":"https:\/\/planbet.promo\/lv\/wp-json\/wp\/v2\/types\/page"}],"author":[{"embeddable":true,"href":"https:\/\/planbet.promo\/lv\/wp-json\/wp\/v2\/users\/1"}],"replies":[{"embeddable":true,"href":"https:\/\/planbet.promo\/lv\/wp-json\/wp\/v2\/comments?post=304"}],"version-history":[{"count":5,"href":"https:\/\/planbet.promo\/lv\/wp-json\/wp\/v2\/pages\/304\/revisions"}],"predecessor-version":[{"id":734,"href":"https:\/\/planbet.promo\/lv\/wp-json\/wp\/v2\/pages\/304\/revisions\/734"}],"wp:attachment":[{"href":"https:\/\/planbet.promo\/lv\/wp-json\/wp\/v2\/media?parent=304"}],"curies":[{"name":"wp","href":"https:\/\/api.w.org\/{rel}","templated":true}]}}