{"id":462,"date":"2025-05-21T08:41:58","date_gmt":"2025-05-21T08:41:58","guid":{"rendered":"https:\/\/betwinner.team\/?page_id=462"},"modified":"2025-07-02T08:53:35","modified_gmt":"2025-07-02T08:53:35","slug":"first-deposit","status":"publish","type":"page","link":"https:\/\/planbet.promo\/lv\/bonus\/first-deposit\/","title":{"rendered":"Pievieno\u0161an\u0101s bonuss"},"content":{"rendered":"","protected":false},"excerpt":{"rendered":"","protected":false},"author":1,"featured_media":0,"parent":152,"menu_order":0,"comment_status":"closed","ping_status":"closed","template":"","meta":{"footnotes":""},"class_list":["post-462","page","type-page","status-publish","hentry"],"yoast_head":"<!-- This site is optimized with the Yoast SEO plugin v26.2 - https:\/\/yoast.com\/wordpress\/plugins\/seo\/ -->\n<title>100% pirm\u0101 depoz\u012bta bonuss pie PlanBet \u1409 Ieg\u016bstiet l\u012bdz pat 110 EUR!<\/title>\n<meta name=\"description\" content=\"Re\u0123istr\u0113jieties PlanBet un sa\u0146emiet 100% bonusu par pirmo iemaksu l\u012bdz 110 EUR! Dubultojiet savu bilanci un izm\u0113\u0123iniet savu veiksmi! Nepalaidiet gar\u0101m iesp\u0113ju sa\u0146emt izdev\u012bgu pied\u0101v\u0101jumu - s\u0101ciet vinn\u0113t jau no pirm\u0101s iemaksas!\" \/>\n<meta name=\"robots\" content=\"noindex, follow, max-snippet:-1, max-image-preview:large, max-video-preview:-1\" \/>\n<meta property=\"og:locale\" content=\"lv_LV\" \/>\n<meta property=\"og:type\" content=\"article\" \/>\n<meta property=\"og:title\" content=\"100% pirm\u0101 depoz\u012bta bonuss pie PlanBet \u1409 Ieg\u016bstiet l\u012bdz pat 110 EUR!\" \/>\n<meta property=\"og:description\" content=\"Re\u0123istr\u0113jieties PlanBet un sa\u0146emiet 100% bonusu par pirmo iemaksu l\u012bdz 110 EUR! Dubultojiet savu bilanci un izm\u0113\u0123iniet savu veiksmi! Nepalaidiet gar\u0101m iesp\u0113ju sa\u0146emt izdev\u012bgu pied\u0101v\u0101jumu - s\u0101ciet vinn\u0113t jau no pirm\u0101s iemaksas!\" \/>\n<meta property=\"og:url\" content=\"https:\/\/planbet.promo\/lv\/bonus\/first-deposit\/\" \/>\n<meta property=\"og:site_name\" content=\"Planbet Promo LV\" \/>\n<meta property=\"article:modified_time\" content=\"2025-07-02T08:53:35+00:00\" \/>\n<meta name=\"twitter:card\" content=\"summary_large_image\" \/>\n<script type=\"application\/ld+json\" class=\"yoast-schema-graph\">{\"@context\":\"https:\/\/schema.org\",\"@graph\":[{\"@type\":\"WebPage\",\"@id\":\"https:\/\/planbet.promo\/lv\/bonus\/first-deposit\/\",\"url\":\"https:\/\/planbet.promo\/lv\/bonus\/first-deposit\/\",\"name\":\"100% pirm\u0101 depoz\u012bta bonuss pie PlanBet \u1409 Ieg\u016bstiet l\u012bdz pat 110 EUR!\",\"isPartOf\":{\"@id\":\"https:\/\/planbet.promo\/lv\/#website\"},\"datePublished\":\"2025-05-21T08:41:58+00:00\",\"dateModified\":\"2025-07-02T08:53:35+00:00\",\"description\":\"Re\u0123istr\u0113jieties PlanBet un sa\u0146emiet 100% bonusu par pirmo iemaksu l\u012bdz 110 EUR! Dubultojiet savu bilanci un izm\u0113\u0123iniet savu veiksmi! Nepalaidiet gar\u0101m iesp\u0113ju sa\u0146emt izdev\u012bgu pied\u0101v\u0101jumu - s\u0101ciet vinn\u0113t jau no pirm\u0101s iemaksas!\",\"breadcrumb\":{\"@id\":\"https:\/\/planbet.promo\/lv\/bonus\/first-deposit\/#breadcrumb\"},\"inLanguage\":\"lv-LV\",\"potentialAction\":[{\"@type\":\"ReadAction\",\"target\":[\"https:\/\/planbet.promo\/lv\/bonus\/first-deposit\/\"]}]},{\"@type\":\"BreadcrumbList\",\"@id\":\"https:\/\/planbet.promo\/lv\/bonus\/first-deposit\/#breadcrumb\",\"itemListElement\":[{\"@type\":\"ListItem\",\"position\":1,\"name\":\"Home\",\"item\":\"https:\/\/planbet.promo\/lv\/\"},{\"@type\":\"ListItem\",\"position\":2,\"name\":\"Bonuss\",\"item\":\"https:\/\/planbet.promo\/lv\/bonus\/\"},{\"@type\":\"ListItem\",\"position\":3,\"name\":\"Pievieno\u0161an\u0101s bonuss\"}]},{\"@type\":\"WebSite\",\"@id\":\"https:\/\/planbet.promo\/lv\/#website\",\"url\":\"https:\/\/planbet.promo\/lv\/\",\"name\":\"Planbet Promo LV\",\"description\":\"My WordPress Blog\",\"potentialAction\":[{\"@type\":\"SearchAction\",\"target\":{\"@type\":\"EntryPoint\",\"urlTemplate\":\"https:\/\/planbet.promo\/lv\/?s={search_term_string}\"},\"query-input\":{\"@type\":\"PropertyValueSpecification\",\"valueRequired\":true,\"valueName\":\"search_term_string\"}}],\"inLanguage\":\"lv-LV\"}]}<\/script>\n<!-- \/ Yoast SEO plugin. -->","yoast_head_json":{"title":"100% pirm\u0101 depoz\u012bta bonuss pie PlanBet \u1409 Ieg\u016bstiet l\u012bdz pat 110 EUR!","description":"Re\u0123istr\u0113jieties PlanBet un sa\u0146emiet 100% bonusu par pirmo iemaksu l\u012bdz 110 EUR! Dubultojiet savu bilanci un izm\u0113\u0123iniet savu veiksmi! Nepalaidiet gar\u0101m iesp\u0113ju sa\u0146emt izdev\u012bgu pied\u0101v\u0101jumu - s\u0101ciet vinn\u0113t jau no pirm\u0101s iemaksas!","robots":{"index":"noindex","follow":"follow","max-snippet":"max-snippet:-1","max-image-preview":"max-image-preview:large","max-video-preview":"max-video-preview:-1"},"og_locale":"lv_LV","og_type":"article","og_title":"100% pirm\u0101 depoz\u012bta bonuss pie PlanBet \u1409 Ieg\u016bstiet l\u012bdz pat 110 EUR!","og_description":"Re\u0123istr\u0113jieties PlanBet un sa\u0146emiet 100% bonusu par pirmo iemaksu l\u012bdz 110 EUR! Dubultojiet savu bilanci un izm\u0113\u0123iniet savu veiksmi! Nepalaidiet gar\u0101m iesp\u0113ju sa\u0146emt izdev\u012bgu pied\u0101v\u0101jumu - s\u0101ciet vinn\u0113t jau no pirm\u0101s iemaksas!","og_url":"https:\/\/planbet.promo\/lv\/bonus\/first-deposit\/","og_site_name":"Planbet Promo LV","article_modified_time":"2025-07-02T08:53:35+00:00","twitter_card":"summary_large_image","schema":{"@context":"https:\/\/schema.org","@graph":[{"@type":"WebPage","@id":"https:\/\/planbet.promo\/lv\/bonus\/first-deposit\/","url":"https:\/\/planbet.promo\/lv\/bonus\/first-deposit\/","name":"100% pirm\u0101 depoz\u012bta bonuss pie PlanBet \u1409 Ieg\u016bstiet l\u012bdz pat 110 EUR!","isPartOf":{"@id":"https:\/\/planbet.promo\/lv\/#website"},"datePublished":"2025-05-21T08:41:58+00:00","dateModified":"2025-07-02T08:53:35+00:00","description":"Re\u0123istr\u0113jieties PlanBet un sa\u0146emiet 100% bonusu par pirmo iemaksu l\u012bdz 110 EUR! Dubultojiet savu bilanci un izm\u0113\u0123iniet savu veiksmi! Nepalaidiet gar\u0101m iesp\u0113ju sa\u0146emt izdev\u012bgu pied\u0101v\u0101jumu - s\u0101ciet vinn\u0113t jau no pirm\u0101s iemaksas!","breadcrumb":{"@id":"https:\/\/planbet.promo\/lv\/bonus\/first-deposit\/#breadcrumb"},"inLanguage":"lv-LV","potentialAction":[{"@type":"ReadAction","target":["https:\/\/planbet.promo\/lv\/bonus\/first-deposit\/"]}]},{"@type":"BreadcrumbList","@id":"https:\/\/planbet.promo\/lv\/bonus\/first-deposit\/#breadcrumb","itemListElement":[{"@type":"ListItem","position":1,"name":"Home","item":"https:\/\/planbet.promo\/lv\/"},{"@type":"ListItem","position":2,"name":"Bonuss","item":"https:\/\/planbet.promo\/lv\/bonus\/"},{"@type":"ListItem","position":3,"name":"Pievieno\u0161an\u0101s bonuss"}]},{"@type":"WebSite","@id":"https:\/\/planbet.promo\/lv\/#website","url":"https:\/\/planbet.promo\/lv\/","name":"Planbet Promo LV","description":"My WordPress Blog","potentialAction":[{"@type":"SearchAction","target":{"@type":"EntryPoint","urlTemplate":"https:\/\/planbet.promo\/lv\/?s={search_term_string}"},"query-input":{"@type":"PropertyValueSpecification","valueRequired":true,"valueName":"search_term_string"}}],"inLanguage":"lv-LV"}]}},"_links":{"self":[{"href":"https:\/\/planbet.promo\/lv\/wp-json\/wp\/v2\/pages\/462","targetHints":{"allow":["GET"]}}],"collection":[{"href":"https:\/\/planbet.promo\/lv\/wp-json\/wp\/v2\/pages"}],"about":[{"href":"https:\/\/planbet.promo\/lv\/wp-json\/wp\/v2\/types\/page"}],"author":[{"embeddable":true,"href":"https:\/\/planbet.promo\/lv\/wp-json\/wp\/v2\/users\/1"}],"replies":[{"embeddable":true,"href":"https:\/\/planbet.promo\/lv\/wp-json\/wp\/v2\/comments?post=462"}],"version-history":[{"count":5,"href":"https:\/\/planbet.promo\/lv\/wp-json\/wp\/v2\/pages\/462\/revisions"}],"predecessor-version":[{"id":729,"href":"https:\/\/planbet.promo\/lv\/wp-json\/wp\/v2\/pages\/462\/revisions\/729"}],"up":[{"embeddable":true,"href":"https:\/\/planbet.promo\/lv\/wp-json\/wp\/v2\/pages\/152"}],"wp:attachment":[{"href":"https:\/\/planbet.promo\/lv\/wp-json\/wp\/v2\/media?parent=462"}],"curies":[{"name":"wp","href":"https:\/\/api.w.org\/{rel}","templated":true}]}}