{"id":499,"date":"2025-05-21T12:52:53","date_gmt":"2025-05-21T12:52:53","guid":{"rendered":"https:\/\/betwinner.team\/?page_id=499"},"modified":"2025-07-02T08:47:15","modified_gmt":"2025-07-02T08:47:15","slug":"casino-welcome-package","status":"publish","type":"page","link":"https:\/\/planbet.promo\/lv\/bonus\/casino-welcome-package\/","title":{"rendered":"Kazino sagaid\u012b\u0161anas pakete"},"content":{"rendered":"","protected":false},"excerpt":{"rendered":"","protected":false},"author":1,"featured_media":0,"parent":152,"menu_order":0,"comment_status":"closed","ping_status":"closed","template":"","meta":{"footnotes":""},"class_list":["post-499","page","type-page","status-publish","hentry"],"yoast_head":"<!-- This site is optimized with the Yoast SEO plugin v26.2 - https:\/\/yoast.com\/wordpress\/plugins\/seo\/ -->\n<title>PlanBet kazino sagaid\u012b\u0161anas pakete \u1409 Ieg\u016bstiet l\u012bdz pat \u20ac1,500 + 150 FS<\/title>\n<meta name=\"description\" content=\"PlanBet Casino sagaida J\u016bs: l\u012bdz \u20ac1,500 un 150 bezmaksas griezieni! Re\u0123istr\u0101cija ir vienk\u0101r\u0161a, un pr\u0113mijas ir d\u0101snas. Nepalaidiet gar\u0101m iesp\u0113ju nodro\u0161in\u0101t savus mega laimestus, sekojot m\u016bsu vienk\u0101r\u0161ajiem so\u013ciem. Dodieties uz azartu!\" \/>\n<meta name=\"robots\" content=\"noindex, follow, max-snippet:-1, max-image-preview:large, max-video-preview:-1\" \/>\n<meta property=\"og:locale\" content=\"lv_LV\" \/>\n<meta property=\"og:type\" content=\"article\" \/>\n<meta property=\"og:title\" content=\"PlanBet kazino sagaid\u012b\u0161anas pakete \u1409 Ieg\u016bstiet l\u012bdz pat \u20ac1,500 + 150 FS\" \/>\n<meta property=\"og:description\" content=\"PlanBet Casino sagaida J\u016bs: l\u012bdz \u20ac1,500 un 150 bezmaksas griezieni! Re\u0123istr\u0101cija ir vienk\u0101r\u0161a, un pr\u0113mijas ir d\u0101snas. Nepalaidiet gar\u0101m iesp\u0113ju nodro\u0161in\u0101t savus mega laimestus, sekojot m\u016bsu vienk\u0101r\u0161ajiem so\u013ciem. Dodieties uz azartu!\" \/>\n<meta property=\"og:url\" content=\"https:\/\/planbet.promo\/lv\/bonus\/casino-welcome-package\/\" \/>\n<meta property=\"og:site_name\" content=\"Planbet Promo LV\" \/>\n<meta property=\"article:modified_time\" content=\"2025-07-02T08:47:15+00:00\" \/>\n<meta name=\"twitter:card\" content=\"summary_large_image\" \/>\n<script type=\"application\/ld+json\" class=\"yoast-schema-graph\">{\"@context\":\"https:\/\/schema.org\",\"@graph\":[{\"@type\":\"WebPage\",\"@id\":\"https:\/\/planbet.promo\/lv\/bonus\/casino-welcome-package\/\",\"url\":\"https:\/\/planbet.promo\/lv\/bonus\/casino-welcome-package\/\",\"name\":\"PlanBet kazino sagaid\u012b\u0161anas pakete \u1409 Ieg\u016bstiet l\u012bdz pat \u20ac1,500 + 150 FS\",\"isPartOf\":{\"@id\":\"https:\/\/planbet.promo\/lv\/#website\"},\"datePublished\":\"2025-05-21T12:52:53+00:00\",\"dateModified\":\"2025-07-02T08:47:15+00:00\",\"description\":\"PlanBet Casino sagaida J\u016bs: l\u012bdz \u20ac1,500 un 150 bezmaksas griezieni! Re\u0123istr\u0101cija ir vienk\u0101r\u0161a, un pr\u0113mijas ir d\u0101snas. Nepalaidiet gar\u0101m iesp\u0113ju nodro\u0161in\u0101t savus mega laimestus, sekojot m\u016bsu vienk\u0101r\u0161ajiem so\u013ciem. Dodieties uz azartu!\",\"breadcrumb\":{\"@id\":\"https:\/\/planbet.promo\/lv\/bonus\/casino-welcome-package\/#breadcrumb\"},\"inLanguage\":\"lv-LV\",\"potentialAction\":[{\"@type\":\"ReadAction\",\"target\":[\"https:\/\/planbet.promo\/lv\/bonus\/casino-welcome-package\/\"]}]},{\"@type\":\"BreadcrumbList\",\"@id\":\"https:\/\/planbet.promo\/lv\/bonus\/casino-welcome-package\/#breadcrumb\",\"itemListElement\":[{\"@type\":\"ListItem\",\"position\":1,\"name\":\"Home\",\"item\":\"https:\/\/planbet.promo\/lv\/\"},{\"@type\":\"ListItem\",\"position\":2,\"name\":\"Bonuss\",\"item\":\"https:\/\/planbet.promo\/lv\/bonus\/\"},{\"@type\":\"ListItem\",\"position\":3,\"name\":\"Kazino sagaid\u012b\u0161anas pakete\"}]},{\"@type\":\"WebSite\",\"@id\":\"https:\/\/planbet.promo\/lv\/#website\",\"url\":\"https:\/\/planbet.promo\/lv\/\",\"name\":\"Planbet Promo LV\",\"description\":\"My WordPress Blog\",\"potentialAction\":[{\"@type\":\"SearchAction\",\"target\":{\"@type\":\"EntryPoint\",\"urlTemplate\":\"https:\/\/planbet.promo\/lv\/?s={search_term_string}\"},\"query-input\":{\"@type\":\"PropertyValueSpecification\",\"valueRequired\":true,\"valueName\":\"search_term_string\"}}],\"inLanguage\":\"lv-LV\"}]}<\/script>\n<!-- \/ Yoast SEO plugin. -->","yoast_head_json":{"title":"PlanBet kazino sagaid\u012b\u0161anas pakete \u1409 Ieg\u016bstiet l\u012bdz pat \u20ac1,500 + 150 FS","description":"PlanBet Casino sagaida J\u016bs: l\u012bdz \u20ac1,500 un 150 bezmaksas griezieni! Re\u0123istr\u0101cija ir vienk\u0101r\u0161a, un pr\u0113mijas ir d\u0101snas. Nepalaidiet gar\u0101m iesp\u0113ju nodro\u0161in\u0101t savus mega laimestus, sekojot m\u016bsu vienk\u0101r\u0161ajiem so\u013ciem. Dodieties uz azartu!","robots":{"index":"noindex","follow":"follow","max-snippet":"max-snippet:-1","max-image-preview":"max-image-preview:large","max-video-preview":"max-video-preview:-1"},"og_locale":"lv_LV","og_type":"article","og_title":"PlanBet kazino sagaid\u012b\u0161anas pakete \u1409 Ieg\u016bstiet l\u012bdz pat \u20ac1,500 + 150 FS","og_description":"PlanBet Casino sagaida J\u016bs: l\u012bdz \u20ac1,500 un 150 bezmaksas griezieni! Re\u0123istr\u0101cija ir vienk\u0101r\u0161a, un pr\u0113mijas ir d\u0101snas. Nepalaidiet gar\u0101m iesp\u0113ju nodro\u0161in\u0101t savus mega laimestus, sekojot m\u016bsu vienk\u0101r\u0161ajiem so\u013ciem. Dodieties uz azartu!","og_url":"https:\/\/planbet.promo\/lv\/bonus\/casino-welcome-package\/","og_site_name":"Planbet Promo LV","article_modified_time":"2025-07-02T08:47:15+00:00","twitter_card":"summary_large_image","schema":{"@context":"https:\/\/schema.org","@graph":[{"@type":"WebPage","@id":"https:\/\/planbet.promo\/lv\/bonus\/casino-welcome-package\/","url":"https:\/\/planbet.promo\/lv\/bonus\/casino-welcome-package\/","name":"PlanBet kazino sagaid\u012b\u0161anas pakete \u1409 Ieg\u016bstiet l\u012bdz pat \u20ac1,500 + 150 FS","isPartOf":{"@id":"https:\/\/planbet.promo\/lv\/#website"},"datePublished":"2025-05-21T12:52:53+00:00","dateModified":"2025-07-02T08:47:15+00:00","description":"PlanBet Casino sagaida J\u016bs: l\u012bdz \u20ac1,500 un 150 bezmaksas griezieni! Re\u0123istr\u0101cija ir vienk\u0101r\u0161a, un pr\u0113mijas ir d\u0101snas. Nepalaidiet gar\u0101m iesp\u0113ju nodro\u0161in\u0101t savus mega laimestus, sekojot m\u016bsu vienk\u0101r\u0161ajiem so\u013ciem. Dodieties uz azartu!","breadcrumb":{"@id":"https:\/\/planbet.promo\/lv\/bonus\/casino-welcome-package\/#breadcrumb"},"inLanguage":"lv-LV","potentialAction":[{"@type":"ReadAction","target":["https:\/\/planbet.promo\/lv\/bonus\/casino-welcome-package\/"]}]},{"@type":"BreadcrumbList","@id":"https:\/\/planbet.promo\/lv\/bonus\/casino-welcome-package\/#breadcrumb","itemListElement":[{"@type":"ListItem","position":1,"name":"Home","item":"https:\/\/planbet.promo\/lv\/"},{"@type":"ListItem","position":2,"name":"Bonuss","item":"https:\/\/planbet.promo\/lv\/bonus\/"},{"@type":"ListItem","position":3,"name":"Kazino sagaid\u012b\u0161anas pakete"}]},{"@type":"WebSite","@id":"https:\/\/planbet.promo\/lv\/#website","url":"https:\/\/planbet.promo\/lv\/","name":"Planbet Promo LV","description":"My WordPress Blog","potentialAction":[{"@type":"SearchAction","target":{"@type":"EntryPoint","urlTemplate":"https:\/\/planbet.promo\/lv\/?s={search_term_string}"},"query-input":{"@type":"PropertyValueSpecification","valueRequired":true,"valueName":"search_term_string"}}],"inLanguage":"lv-LV"}]}},"_links":{"self":[{"href":"https:\/\/planbet.promo\/lv\/wp-json\/wp\/v2\/pages\/499","targetHints":{"allow":["GET"]}}],"collection":[{"href":"https:\/\/planbet.promo\/lv\/wp-json\/wp\/v2\/pages"}],"about":[{"href":"https:\/\/planbet.promo\/lv\/wp-json\/wp\/v2\/types\/page"}],"author":[{"embeddable":true,"href":"https:\/\/planbet.promo\/lv\/wp-json\/wp\/v2\/users\/1"}],"replies":[{"embeddable":true,"href":"https:\/\/planbet.promo\/lv\/wp-json\/wp\/v2\/comments?post=499"}],"version-history":[{"count":4,"href":"https:\/\/planbet.promo\/lv\/wp-json\/wp\/v2\/pages\/499\/revisions"}],"predecessor-version":[{"id":725,"href":"https:\/\/planbet.promo\/lv\/wp-json\/wp\/v2\/pages\/499\/revisions\/725"}],"up":[{"embeddable":true,"href":"https:\/\/planbet.promo\/lv\/wp-json\/wp\/v2\/pages\/152"}],"wp:attachment":[{"href":"https:\/\/planbet.promo\/lv\/wp-json\/wp\/v2\/media?parent=499"}],"curies":[{"name":"wp","href":"https:\/\/api.w.org\/{rel}","templated":true}]}}