{"id":504,"date":"2025-05-21T13:06:32","date_gmt":"2025-05-21T13:06:32","guid":{"rendered":"https:\/\/betwinner.team\/?page_id=504"},"modified":"2025-07-02T08:50:36","modified_gmt":"2025-07-02T08:50:36","slug":"ten-deposit","status":"publish","type":"page","link":"https:\/\/planbet.promo\/lv\/bonus\/ten-deposit\/","title":{"rendered":"Desmit noguld\u012bjumi"},"content":{"rendered":"","protected":false},"excerpt":{"rendered":"","protected":false},"author":1,"featured_media":0,"parent":152,"menu_order":0,"comment_status":"closed","ping_status":"closed","template":"","meta":{"footnotes":""},"class_list":["post-504","page","type-page","status-publish","hentry"],"yoast_head":"<!-- This site is optimized with the Yoast SEO plugin v26.2 - https:\/\/yoast.com\/wordpress\/plugins\/seo\/ -->\n<title>Bonuss par 10. iemaksu PlanBet Casino: 50% + 100 FS<\/title>\n<meta name=\"description\" content=\"Sa\u0146emiet 50% bonusu par savu desmito iemaksu l\u012bdz 300 EUR un 100 bezmaksas griezienus! Noguldiet tikai 10 EUR, un d\u0101vanas ir j\u016bsu! Nepalaidiet gar\u0101m iesp\u0113ju g\u016bt mega laimestus, iev\u0113rojiet vienk\u0101r\u0161os noteikumus un sp\u0113l\u0113jiet lielus laimestus!\" \/>\n<meta name=\"robots\" content=\"noindex, follow, max-snippet:-1, max-image-preview:large, max-video-preview:-1\" \/>\n<meta property=\"og:locale\" content=\"lv_LV\" \/>\n<meta property=\"og:type\" content=\"article\" \/>\n<meta property=\"og:title\" content=\"Bonuss par 10. iemaksu PlanBet Casino: 50% + 100 FS\" \/>\n<meta property=\"og:description\" content=\"Sa\u0146emiet 50% bonusu par savu desmito iemaksu l\u012bdz 300 EUR un 100 bezmaksas griezienus! Noguldiet tikai 10 EUR, un d\u0101vanas ir j\u016bsu! Nepalaidiet gar\u0101m iesp\u0113ju g\u016bt mega laimestus, iev\u0113rojiet vienk\u0101r\u0161os noteikumus un sp\u0113l\u0113jiet lielus laimestus!\" \/>\n<meta property=\"og:url\" content=\"https:\/\/planbet.promo\/lv\/bonus\/ten-deposit\/\" \/>\n<meta property=\"og:site_name\" content=\"Planbet Promo LV\" \/>\n<meta property=\"article:modified_time\" content=\"2025-07-02T08:50:36+00:00\" \/>\n<meta name=\"twitter:card\" content=\"summary_large_image\" \/>\n<script type=\"application\/ld+json\" class=\"yoast-schema-graph\">{\"@context\":\"https:\/\/schema.org\",\"@graph\":[{\"@type\":\"WebPage\",\"@id\":\"https:\/\/planbet.promo\/lv\/bonus\/ten-deposit\/\",\"url\":\"https:\/\/planbet.promo\/lv\/bonus\/ten-deposit\/\",\"name\":\"Bonuss par 10. iemaksu PlanBet Casino: 50% + 100 FS\",\"isPartOf\":{\"@id\":\"https:\/\/planbet.promo\/lv\/#website\"},\"datePublished\":\"2025-05-21T13:06:32+00:00\",\"dateModified\":\"2025-07-02T08:50:36+00:00\",\"description\":\"Sa\u0146emiet 50% bonusu par savu desmito iemaksu l\u012bdz 300 EUR un 100 bezmaksas griezienus! Noguldiet tikai 10 EUR, un d\u0101vanas ir j\u016bsu! Nepalaidiet gar\u0101m iesp\u0113ju g\u016bt mega laimestus, iev\u0113rojiet vienk\u0101r\u0161os noteikumus un sp\u0113l\u0113jiet lielus laimestus!\",\"breadcrumb\":{\"@id\":\"https:\/\/planbet.promo\/lv\/bonus\/ten-deposit\/#breadcrumb\"},\"inLanguage\":\"lv-LV\",\"potentialAction\":[{\"@type\":\"ReadAction\",\"target\":[\"https:\/\/planbet.promo\/lv\/bonus\/ten-deposit\/\"]}]},{\"@type\":\"BreadcrumbList\",\"@id\":\"https:\/\/planbet.promo\/lv\/bonus\/ten-deposit\/#breadcrumb\",\"itemListElement\":[{\"@type\":\"ListItem\",\"position\":1,\"name\":\"Home\",\"item\":\"https:\/\/planbet.promo\/lv\/\"},{\"@type\":\"ListItem\",\"position\":2,\"name\":\"Bonuss\",\"item\":\"https:\/\/planbet.promo\/lv\/bonus\/\"},{\"@type\":\"ListItem\",\"position\":3,\"name\":\"Desmit noguld\u012bjumi\"}]},{\"@type\":\"WebSite\",\"@id\":\"https:\/\/planbet.promo\/lv\/#website\",\"url\":\"https:\/\/planbet.promo\/lv\/\",\"name\":\"Planbet Promo LV\",\"description\":\"My WordPress Blog\",\"potentialAction\":[{\"@type\":\"SearchAction\",\"target\":{\"@type\":\"EntryPoint\",\"urlTemplate\":\"https:\/\/planbet.promo\/lv\/?s={search_term_string}\"},\"query-input\":{\"@type\":\"PropertyValueSpecification\",\"valueRequired\":true,\"valueName\":\"search_term_string\"}}],\"inLanguage\":\"lv-LV\"}]}<\/script>\n<!-- \/ Yoast SEO plugin. -->","yoast_head_json":{"title":"Bonuss par 10. iemaksu PlanBet Casino: 50% + 100 FS","description":"Sa\u0146emiet 50% bonusu par savu desmito iemaksu l\u012bdz 300 EUR un 100 bezmaksas griezienus! Noguldiet tikai 10 EUR, un d\u0101vanas ir j\u016bsu! Nepalaidiet gar\u0101m iesp\u0113ju g\u016bt mega laimestus, iev\u0113rojiet vienk\u0101r\u0161os noteikumus un sp\u0113l\u0113jiet lielus laimestus!","robots":{"index":"noindex","follow":"follow","max-snippet":"max-snippet:-1","max-image-preview":"max-image-preview:large","max-video-preview":"max-video-preview:-1"},"og_locale":"lv_LV","og_type":"article","og_title":"Bonuss par 10. iemaksu PlanBet Casino: 50% + 100 FS","og_description":"Sa\u0146emiet 50% bonusu par savu desmito iemaksu l\u012bdz 300 EUR un 100 bezmaksas griezienus! Noguldiet tikai 10 EUR, un d\u0101vanas ir j\u016bsu! Nepalaidiet gar\u0101m iesp\u0113ju g\u016bt mega laimestus, iev\u0113rojiet vienk\u0101r\u0161os noteikumus un sp\u0113l\u0113jiet lielus laimestus!","og_url":"https:\/\/planbet.promo\/lv\/bonus\/ten-deposit\/","og_site_name":"Planbet Promo LV","article_modified_time":"2025-07-02T08:50:36+00:00","twitter_card":"summary_large_image","schema":{"@context":"https:\/\/schema.org","@graph":[{"@type":"WebPage","@id":"https:\/\/planbet.promo\/lv\/bonus\/ten-deposit\/","url":"https:\/\/planbet.promo\/lv\/bonus\/ten-deposit\/","name":"Bonuss par 10. iemaksu PlanBet Casino: 50% + 100 FS","isPartOf":{"@id":"https:\/\/planbet.promo\/lv\/#website"},"datePublished":"2025-05-21T13:06:32+00:00","dateModified":"2025-07-02T08:50:36+00:00","description":"Sa\u0146emiet 50% bonusu par savu desmito iemaksu l\u012bdz 300 EUR un 100 bezmaksas griezienus! Noguldiet tikai 10 EUR, un d\u0101vanas ir j\u016bsu! Nepalaidiet gar\u0101m iesp\u0113ju g\u016bt mega laimestus, iev\u0113rojiet vienk\u0101r\u0161os noteikumus un sp\u0113l\u0113jiet lielus laimestus!","breadcrumb":{"@id":"https:\/\/planbet.promo\/lv\/bonus\/ten-deposit\/#breadcrumb"},"inLanguage":"lv-LV","potentialAction":[{"@type":"ReadAction","target":["https:\/\/planbet.promo\/lv\/bonus\/ten-deposit\/"]}]},{"@type":"BreadcrumbList","@id":"https:\/\/planbet.promo\/lv\/bonus\/ten-deposit\/#breadcrumb","itemListElement":[{"@type":"ListItem","position":1,"name":"Home","item":"https:\/\/planbet.promo\/lv\/"},{"@type":"ListItem","position":2,"name":"Bonuss","item":"https:\/\/planbet.promo\/lv\/bonus\/"},{"@type":"ListItem","position":3,"name":"Desmit noguld\u012bjumi"}]},{"@type":"WebSite","@id":"https:\/\/planbet.promo\/lv\/#website","url":"https:\/\/planbet.promo\/lv\/","name":"Planbet Promo LV","description":"My WordPress Blog","potentialAction":[{"@type":"SearchAction","target":{"@type":"EntryPoint","urlTemplate":"https:\/\/planbet.promo\/lv\/?s={search_term_string}"},"query-input":{"@type":"PropertyValueSpecification","valueRequired":true,"valueName":"search_term_string"}}],"inLanguage":"lv-LV"}]}},"_links":{"self":[{"href":"https:\/\/planbet.promo\/lv\/wp-json\/wp\/v2\/pages\/504","targetHints":{"allow":["GET"]}}],"collection":[{"href":"https:\/\/planbet.promo\/lv\/wp-json\/wp\/v2\/pages"}],"about":[{"href":"https:\/\/planbet.promo\/lv\/wp-json\/wp\/v2\/types\/page"}],"author":[{"embeddable":true,"href":"https:\/\/planbet.promo\/lv\/wp-json\/wp\/v2\/users\/1"}],"replies":[{"embeddable":true,"href":"https:\/\/planbet.promo\/lv\/wp-json\/wp\/v2\/comments?post=504"}],"version-history":[{"count":4,"href":"https:\/\/planbet.promo\/lv\/wp-json\/wp\/v2\/pages\/504\/revisions"}],"predecessor-version":[{"id":727,"href":"https:\/\/planbet.promo\/lv\/wp-json\/wp\/v2\/pages\/504\/revisions\/727"}],"up":[{"embeddable":true,"href":"https:\/\/planbet.promo\/lv\/wp-json\/wp\/v2\/pages\/152"}],"wp:attachment":[{"href":"https:\/\/planbet.promo\/lv\/wp-json\/wp\/v2\/media?parent=504"}],"curies":[{"name":"wp","href":"https:\/\/api.w.org\/{rel}","templated":true}]}}