{"id":510,"date":"2025-05-21T13:31:40","date_gmt":"2025-05-21T13:31:40","guid":{"rendered":"https:\/\/betwinner.team\/?page_id=510"},"modified":"2025-07-02T08:44:06","modified_gmt":"2025-07-02T08:44:06","slug":"big-match","status":"publish","type":"page","link":"https:\/\/planbet.promo\/lv\/bonus\/big-match\/","title":{"rendered":"Liel\u0101 sp\u0113le"},"content":{"rendered":"","protected":false},"excerpt":{"rendered":"","protected":false},"author":1,"featured_media":0,"parent":152,"menu_order":0,"comment_status":"closed","ping_status":"closed","template":"","meta":{"footnotes":""},"class_list":["post-510","page","type-page","status-publish","hentry"],"yoast_head":"<!-- This site is optimized with the Yoast SEO plugin v26.2 - https:\/\/yoast.com\/wordpress\/plugins\/seo\/ -->\n<title>PlanBet Big Match \u1409 Sa\u0146emiet 10 EUR atmaksu, ja zaud\u0113jat likmi<\/title>\n<meta name=\"description\" content=\"Veiciet likmes bez bail\u0113m! Piedalieties PlanBet akcij\u0101 Big Match un sa\u0146emiet l\u012bdz pat 10 EUR atpaka\u013c pat tad, ja j\u016bsu prognoze neizdodas. Dro\u0161a sp\u0113le ir re\u0101la!\" \/>\n<meta name=\"robots\" content=\"noindex, follow, max-snippet:-1, max-image-preview:large, max-video-preview:-1\" \/>\n<meta property=\"og:locale\" content=\"lv_LV\" \/>\n<meta property=\"og:type\" content=\"article\" \/>\n<meta property=\"og:title\" content=\"PlanBet Big Match \u1409 Sa\u0146emiet 10 EUR atmaksu, ja zaud\u0113jat likmi\" \/>\n<meta property=\"og:description\" content=\"Veiciet likmes bez bail\u0113m! Piedalieties PlanBet akcij\u0101 Big Match un sa\u0146emiet l\u012bdz pat 10 EUR atpaka\u013c pat tad, ja j\u016bsu prognoze neizdodas. Dro\u0161a sp\u0113le ir re\u0101la!\" \/>\n<meta property=\"og:url\" content=\"https:\/\/planbet.promo\/lv\/bonus\/big-match\/\" \/>\n<meta property=\"og:site_name\" content=\"Planbet Promo LV\" \/>\n<meta property=\"article:modified_time\" content=\"2025-07-02T08:44:06+00:00\" \/>\n<meta name=\"twitter:card\" content=\"summary_large_image\" \/>\n<script type=\"application\/ld+json\" class=\"yoast-schema-graph\">{\"@context\":\"https:\/\/schema.org\",\"@graph\":[{\"@type\":\"WebPage\",\"@id\":\"https:\/\/planbet.promo\/lv\/bonus\/big-match\/\",\"url\":\"https:\/\/planbet.promo\/lv\/bonus\/big-match\/\",\"name\":\"PlanBet Big Match \u1409 Sa\u0146emiet 10 EUR atmaksu, ja zaud\u0113jat likmi\",\"isPartOf\":{\"@id\":\"https:\/\/planbet.promo\/lv\/#website\"},\"datePublished\":\"2025-05-21T13:31:40+00:00\",\"dateModified\":\"2025-07-02T08:44:06+00:00\",\"description\":\"Veiciet likmes bez bail\u0113m! Piedalieties PlanBet akcij\u0101 Big Match un sa\u0146emiet l\u012bdz pat 10 EUR atpaka\u013c pat tad, ja j\u016bsu prognoze neizdodas. Dro\u0161a sp\u0113le ir re\u0101la!\",\"breadcrumb\":{\"@id\":\"https:\/\/planbet.promo\/lv\/bonus\/big-match\/#breadcrumb\"},\"inLanguage\":\"lv-LV\",\"potentialAction\":[{\"@type\":\"ReadAction\",\"target\":[\"https:\/\/planbet.promo\/lv\/bonus\/big-match\/\"]}]},{\"@type\":\"BreadcrumbList\",\"@id\":\"https:\/\/planbet.promo\/lv\/bonus\/big-match\/#breadcrumb\",\"itemListElement\":[{\"@type\":\"ListItem\",\"position\":1,\"name\":\"Home\",\"item\":\"https:\/\/planbet.promo\/lv\/\"},{\"@type\":\"ListItem\",\"position\":2,\"name\":\"Bonuss\",\"item\":\"https:\/\/planbet.promo\/lv\/bonus\/\"},{\"@type\":\"ListItem\",\"position\":3,\"name\":\"Liel\u0101 sp\u0113le\"}]},{\"@type\":\"WebSite\",\"@id\":\"https:\/\/planbet.promo\/lv\/#website\",\"url\":\"https:\/\/planbet.promo\/lv\/\",\"name\":\"Planbet Promo LV\",\"description\":\"My WordPress Blog\",\"potentialAction\":[{\"@type\":\"SearchAction\",\"target\":{\"@type\":\"EntryPoint\",\"urlTemplate\":\"https:\/\/planbet.promo\/lv\/?s={search_term_string}\"},\"query-input\":{\"@type\":\"PropertyValueSpecification\",\"valueRequired\":true,\"valueName\":\"search_term_string\"}}],\"inLanguage\":\"lv-LV\"}]}<\/script>\n<!-- \/ Yoast SEO plugin. -->","yoast_head_json":{"title":"PlanBet Big Match \u1409 Sa\u0146emiet 10 EUR atmaksu, ja zaud\u0113jat likmi","description":"Veiciet likmes bez bail\u0113m! Piedalieties PlanBet akcij\u0101 Big Match un sa\u0146emiet l\u012bdz pat 10 EUR atpaka\u013c pat tad, ja j\u016bsu prognoze neizdodas. Dro\u0161a sp\u0113le ir re\u0101la!","robots":{"index":"noindex","follow":"follow","max-snippet":"max-snippet:-1","max-image-preview":"max-image-preview:large","max-video-preview":"max-video-preview:-1"},"og_locale":"lv_LV","og_type":"article","og_title":"PlanBet Big Match \u1409 Sa\u0146emiet 10 EUR atmaksu, ja zaud\u0113jat likmi","og_description":"Veiciet likmes bez bail\u0113m! Piedalieties PlanBet akcij\u0101 Big Match un sa\u0146emiet l\u012bdz pat 10 EUR atpaka\u013c pat tad, ja j\u016bsu prognoze neizdodas. Dro\u0161a sp\u0113le ir re\u0101la!","og_url":"https:\/\/planbet.promo\/lv\/bonus\/big-match\/","og_site_name":"Planbet Promo LV","article_modified_time":"2025-07-02T08:44:06+00:00","twitter_card":"summary_large_image","schema":{"@context":"https:\/\/schema.org","@graph":[{"@type":"WebPage","@id":"https:\/\/planbet.promo\/lv\/bonus\/big-match\/","url":"https:\/\/planbet.promo\/lv\/bonus\/big-match\/","name":"PlanBet Big Match \u1409 Sa\u0146emiet 10 EUR atmaksu, ja zaud\u0113jat likmi","isPartOf":{"@id":"https:\/\/planbet.promo\/lv\/#website"},"datePublished":"2025-05-21T13:31:40+00:00","dateModified":"2025-07-02T08:44:06+00:00","description":"Veiciet likmes bez bail\u0113m! Piedalieties PlanBet akcij\u0101 Big Match un sa\u0146emiet l\u012bdz pat 10 EUR atpaka\u013c pat tad, ja j\u016bsu prognoze neizdodas. Dro\u0161a sp\u0113le ir re\u0101la!","breadcrumb":{"@id":"https:\/\/planbet.promo\/lv\/bonus\/big-match\/#breadcrumb"},"inLanguage":"lv-LV","potentialAction":[{"@type":"ReadAction","target":["https:\/\/planbet.promo\/lv\/bonus\/big-match\/"]}]},{"@type":"BreadcrumbList","@id":"https:\/\/planbet.promo\/lv\/bonus\/big-match\/#breadcrumb","itemListElement":[{"@type":"ListItem","position":1,"name":"Home","item":"https:\/\/planbet.promo\/lv\/"},{"@type":"ListItem","position":2,"name":"Bonuss","item":"https:\/\/planbet.promo\/lv\/bonus\/"},{"@type":"ListItem","position":3,"name":"Liel\u0101 sp\u0113le"}]},{"@type":"WebSite","@id":"https:\/\/planbet.promo\/lv\/#website","url":"https:\/\/planbet.promo\/lv\/","name":"Planbet Promo LV","description":"My WordPress Blog","potentialAction":[{"@type":"SearchAction","target":{"@type":"EntryPoint","urlTemplate":"https:\/\/planbet.promo\/lv\/?s={search_term_string}"},"query-input":{"@type":"PropertyValueSpecification","valueRequired":true,"valueName":"search_term_string"}}],"inLanguage":"lv-LV"}]}},"_links":{"self":[{"href":"https:\/\/planbet.promo\/lv\/wp-json\/wp\/v2\/pages\/510","targetHints":{"allow":["GET"]}}],"collection":[{"href":"https:\/\/planbet.promo\/lv\/wp-json\/wp\/v2\/pages"}],"about":[{"href":"https:\/\/planbet.promo\/lv\/wp-json\/wp\/v2\/types\/page"}],"author":[{"embeddable":true,"href":"https:\/\/planbet.promo\/lv\/wp-json\/wp\/v2\/users\/1"}],"replies":[{"embeddable":true,"href":"https:\/\/planbet.promo\/lv\/wp-json\/wp\/v2\/comments?post=510"}],"version-history":[{"count":5,"href":"https:\/\/planbet.promo\/lv\/wp-json\/wp\/v2\/pages\/510\/revisions"}],"predecessor-version":[{"id":723,"href":"https:\/\/planbet.promo\/lv\/wp-json\/wp\/v2\/pages\/510\/revisions\/723"}],"up":[{"embeddable":true,"href":"https:\/\/planbet.promo\/lv\/wp-json\/wp\/v2\/pages\/152"}],"wp:attachment":[{"href":"https:\/\/planbet.promo\/lv\/wp-json\/wp\/v2\/media?parent=510"}],"curies":[{"name":"wp","href":"https:\/\/api.w.org\/{rel}","templated":true}]}}