{"id":359,"date":"2024-09-24T06:52:08","date_gmt":"2024-09-24T06:52:08","guid":{"rendered":"https:\/\/betwinner.team\/?page_id=359"},"modified":"2025-09-29T08:57:58","modified_gmt":"2025-09-29T08:57:58","slug":"apk","status":"publish","type":"page","link":"https:\/\/planbet.promo\/md\/apk\/","title":{"rendered":"Apk"},"content":{"rendered":"","protected":false},"excerpt":{"rendered":"","protected":false},"author":1,"featured_media":0,"parent":0,"menu_order":0,"comment_status":"closed","ping_status":"closed","template":"","meta":{"footnotes":""},"class_list":["post-359","page","type-page","status-publish","hentry"],"yoast_head":"<!-- This site is optimized with the Yoast SEO plugin v26.2 - https:\/\/yoast.com\/wordpress\/plugins\/seo\/ -->\n<title>PlanBet Moldova Apk pentru Android \u2705 Desc\u0103rcare gratuit\u0103<\/title>\n<meta name=\"description\" content=\"Desc\u0103rca\u021bi PlanBet Apk pentru a v\u0103 bucura de pariuri sportive, cazinou \u0219i pariuri live pe telefonul dvs. Cum se instaleaz\u0103 APK-ul oficial PlanBet Mobile pentru Android \u0219i iOS. Explorarea func\u021biilor principale \u0219i a avantajelor PlanBet apk\" \/>\n<meta name=\"robots\" content=\"index, follow, max-snippet:-1, max-image-preview:large, max-video-preview:-1\" \/>\n<meta property=\"og:locale\" content=\"ro_RO\" \/>\n<meta property=\"og:type\" content=\"article\" \/>\n<meta property=\"og:title\" content=\"PlanBet Moldova Apk pentru Android \u2705 Desc\u0103rcare gratuit\u0103\" \/>\n<meta property=\"og:description\" content=\"Desc\u0103rca\u021bi PlanBet Apk pentru a v\u0103 bucura de pariuri sportive, cazinou \u0219i pariuri live pe telefonul dvs. Cum se instaleaz\u0103 APK-ul oficial PlanBet Mobile pentru Android \u0219i iOS. Explorarea func\u021biilor principale \u0219i a avantajelor PlanBet apk\" \/>\n<meta property=\"og:url\" content=\"https:\/\/planbet.promo\/md\/apk\/\" \/>\n<meta property=\"og:site_name\" content=\"Planbet Promo MD\" \/>\n<meta property=\"article:modified_time\" content=\"2025-09-29T08:57:58+00:00\" \/>\n<meta name=\"twitter:card\" content=\"summary_large_image\" \/>\n<script type=\"application\/ld+json\" class=\"yoast-schema-graph\">{\"@context\":\"https:\/\/schema.org\",\"@graph\":[{\"@type\":\"WebPage\",\"@id\":\"https:\/\/planbet.promo\/md\/apk\/\",\"url\":\"https:\/\/planbet.promo\/md\/apk\/\",\"name\":\"PlanBet Moldova Apk pentru Android \u2705 Desc\u0103rcare gratuit\u0103\",\"isPartOf\":{\"@id\":\"https:\/\/planbet.promo\/md\/#website\"},\"datePublished\":\"2024-09-24T06:52:08+00:00\",\"dateModified\":\"2025-09-29T08:57:58+00:00\",\"description\":\"Desc\u0103rca\u021bi PlanBet Apk pentru a v\u0103 bucura de pariuri sportive, cazinou \u0219i pariuri live pe telefonul dvs. Cum se instaleaz\u0103 APK-ul oficial PlanBet Mobile pentru Android \u0219i iOS. Explorarea func\u021biilor principale \u0219i a avantajelor PlanBet apk\",\"breadcrumb\":{\"@id\":\"https:\/\/planbet.promo\/md\/apk\/#breadcrumb\"},\"inLanguage\":\"ro-MD\",\"potentialAction\":[{\"@type\":\"ReadAction\",\"target\":[\"https:\/\/planbet.promo\/md\/apk\/\"]}]},{\"@type\":\"BreadcrumbList\",\"@id\":\"https:\/\/planbet.promo\/md\/apk\/#breadcrumb\",\"itemListElement\":[{\"@type\":\"ListItem\",\"position\":1,\"name\":\"Home\",\"item\":\"https:\/\/planbet.promo\/md\/\"},{\"@type\":\"ListItem\",\"position\":2,\"name\":\"Apk\"}]},{\"@type\":\"WebSite\",\"@id\":\"https:\/\/planbet.promo\/md\/#website\",\"url\":\"https:\/\/planbet.promo\/md\/\",\"name\":\"Planbet Promo MD\",\"description\":\"My WordPress Blog\",\"potentialAction\":[{\"@type\":\"SearchAction\",\"target\":{\"@type\":\"EntryPoint\",\"urlTemplate\":\"https:\/\/planbet.promo\/md\/?s={search_term_string}\"},\"query-input\":{\"@type\":\"PropertyValueSpecification\",\"valueRequired\":true,\"valueName\":\"search_term_string\"}}],\"inLanguage\":\"ro-MD\"}]}<\/script>\n<!-- \/ Yoast SEO plugin. -->","yoast_head_json":{"title":"PlanBet Moldova Apk pentru Android \u2705 Desc\u0103rcare gratuit\u0103","description":"Desc\u0103rca\u021bi PlanBet Apk pentru a v\u0103 bucura de pariuri sportive, cazinou \u0219i pariuri live pe telefonul dvs. Cum se instaleaz\u0103 APK-ul oficial PlanBet Mobile pentru Android \u0219i iOS. Explorarea func\u021biilor principale \u0219i a avantajelor PlanBet apk","robots":{"index":"index","follow":"follow","max-snippet":"max-snippet:-1","max-image-preview":"max-image-preview:large","max-video-preview":"max-video-preview:-1"},"og_locale":"ro_RO","og_type":"article","og_title":"PlanBet Moldova Apk pentru Android \u2705 Desc\u0103rcare gratuit\u0103","og_description":"Desc\u0103rca\u021bi PlanBet Apk pentru a v\u0103 bucura de pariuri sportive, cazinou \u0219i pariuri live pe telefonul dvs. Cum se instaleaz\u0103 APK-ul oficial PlanBet Mobile pentru Android \u0219i iOS. Explorarea func\u021biilor principale \u0219i a avantajelor PlanBet apk","og_url":"https:\/\/planbet.promo\/md\/apk\/","og_site_name":"Planbet Promo MD","article_modified_time":"2025-09-29T08:57:58+00:00","twitter_card":"summary_large_image","schema":{"@context":"https:\/\/schema.org","@graph":[{"@type":"WebPage","@id":"https:\/\/planbet.promo\/md\/apk\/","url":"https:\/\/planbet.promo\/md\/apk\/","name":"PlanBet Moldova Apk pentru Android \u2705 Desc\u0103rcare gratuit\u0103","isPartOf":{"@id":"https:\/\/planbet.promo\/md\/#website"},"datePublished":"2024-09-24T06:52:08+00:00","dateModified":"2025-09-29T08:57:58+00:00","description":"Desc\u0103rca\u021bi PlanBet Apk pentru a v\u0103 bucura de pariuri sportive, cazinou \u0219i pariuri live pe telefonul dvs. Cum se instaleaz\u0103 APK-ul oficial PlanBet Mobile pentru Android \u0219i iOS. Explorarea func\u021biilor principale \u0219i a avantajelor PlanBet apk","breadcrumb":{"@id":"https:\/\/planbet.promo\/md\/apk\/#breadcrumb"},"inLanguage":"ro-MD","potentialAction":[{"@type":"ReadAction","target":["https:\/\/planbet.promo\/md\/apk\/"]}]},{"@type":"BreadcrumbList","@id":"https:\/\/planbet.promo\/md\/apk\/#breadcrumb","itemListElement":[{"@type":"ListItem","position":1,"name":"Home","item":"https:\/\/planbet.promo\/md\/"},{"@type":"ListItem","position":2,"name":"Apk"}]},{"@type":"WebSite","@id":"https:\/\/planbet.promo\/md\/#website","url":"https:\/\/planbet.promo\/md\/","name":"Planbet Promo MD","description":"My WordPress Blog","potentialAction":[{"@type":"SearchAction","target":{"@type":"EntryPoint","urlTemplate":"https:\/\/planbet.promo\/md\/?s={search_term_string}"},"query-input":{"@type":"PropertyValueSpecification","valueRequired":true,"valueName":"search_term_string"}}],"inLanguage":"ro-MD"}]}},"_links":{"self":[{"href":"https:\/\/planbet.promo\/md\/wp-json\/wp\/v2\/pages\/359","targetHints":{"allow":["GET"]}}],"collection":[{"href":"https:\/\/planbet.promo\/md\/wp-json\/wp\/v2\/pages"}],"about":[{"href":"https:\/\/planbet.promo\/md\/wp-json\/wp\/v2\/types\/page"}],"author":[{"embeddable":true,"href":"https:\/\/planbet.promo\/md\/wp-json\/wp\/v2\/users\/1"}],"replies":[{"embeddable":true,"href":"https:\/\/planbet.promo\/md\/wp-json\/wp\/v2\/comments?post=359"}],"version-history":[{"count":6,"href":"https:\/\/planbet.promo\/md\/wp-json\/wp\/v2\/pages\/359\/revisions"}],"predecessor-version":[{"id":800,"href":"https:\/\/planbet.promo\/md\/wp-json\/wp\/v2\/pages\/359\/revisions\/800"}],"wp:attachment":[{"href":"https:\/\/planbet.promo\/md\/wp-json\/wp\/v2\/media?parent=359"}],"curies":[{"name":"wp","href":"https:\/\/api.w.org\/{rel}","templated":true}]}}