{"id":462,"date":"2025-05-21T08:41:58","date_gmt":"2025-05-21T08:41:58","guid":{"rendered":"https:\/\/betwinner.team\/?page_id=462"},"modified":"2025-08-12T14:03:13","modified_gmt":"2025-08-12T14:03:13","slug":"first-deposit","status":"publish","type":"page","link":"https:\/\/planbet.promo\/no\/bonus\/first-deposit\/","title":{"rendered":"Velkomstbonus"},"content":{"rendered":"","protected":false},"excerpt":{"rendered":"","protected":false},"author":1,"featured_media":0,"parent":152,"menu_order":0,"comment_status":"closed","ping_status":"closed","template":"","meta":{"footnotes":""},"class_list":["post-462","page","type-page","status-publish","hentry"],"yoast_head":"<!-- This site is optimized with the Yoast SEO plugin v26.2 - https:\/\/yoast.com\/wordpress\/plugins\/seo\/ -->\n<title>100 % bonus p\u00e5 f\u00f8rste innskudd hos PlanBet \u1409 F\u00e5 opptil 1100 NOK!<\/title>\n<meta name=\"description\" content=\"Registrer deg hos PlanBet og f\u00e5 100 % bonus p\u00e5 ditt f\u00f8rste innskudd opp til 1100 NOK! Doble saldoen din og pr\u00f8v lykken! Ikke g\u00e5 glipp av sjansen til \u00e5 f\u00e5 et gunstig tilbud \u2013 begynn \u00e5 vinne fra ditt f\u00f8rste innskudd!\" \/>\n<meta name=\"robots\" content=\"index, follow, max-snippet:-1, max-image-preview:large, max-video-preview:-1\" \/>\n<meta property=\"og:locale\" content=\"nb_NO\" \/>\n<meta property=\"og:type\" content=\"article\" \/>\n<meta property=\"og:title\" content=\"100 % bonus p\u00e5 f\u00f8rste innskudd hos PlanBet \u1409 F\u00e5 opptil 1100 NOK!\" \/>\n<meta property=\"og:description\" content=\"Registrer deg hos PlanBet og f\u00e5 100 % bonus p\u00e5 ditt f\u00f8rste innskudd opp til 1100 NOK! Doble saldoen din og pr\u00f8v lykken! Ikke g\u00e5 glipp av sjansen til \u00e5 f\u00e5 et gunstig tilbud \u2013 begynn \u00e5 vinne fra ditt f\u00f8rste innskudd!\" \/>\n<meta property=\"og:url\" content=\"https:\/\/planbet.promo\/no\/bonus\/first-deposit\/\" \/>\n<meta property=\"og:site_name\" content=\"Planbet Promo NO\" \/>\n<meta property=\"article:modified_time\" content=\"2025-08-12T14:03:13+00:00\" \/>\n<meta name=\"twitter:card\" content=\"summary_large_image\" \/>\n<script type=\"application\/ld+json\" class=\"yoast-schema-graph\">{\"@context\":\"https:\/\/schema.org\",\"@graph\":[{\"@type\":\"WebPage\",\"@id\":\"https:\/\/planbet.promo\/no\/bonus\/first-deposit\/\",\"url\":\"https:\/\/planbet.promo\/no\/bonus\/first-deposit\/\",\"name\":\"100 % bonus p\u00e5 f\u00f8rste innskudd hos PlanBet \u1409 F\u00e5 opptil 1100 NOK!\",\"isPartOf\":{\"@id\":\"https:\/\/planbet.promo\/no\/#website\"},\"datePublished\":\"2025-05-21T08:41:58+00:00\",\"dateModified\":\"2025-08-12T14:03:13+00:00\",\"description\":\"Registrer deg hos PlanBet og f\u00e5 100 % bonus p\u00e5 ditt f\u00f8rste innskudd opp til 1100 NOK! Doble saldoen din og pr\u00f8v lykken! Ikke g\u00e5 glipp av sjansen til \u00e5 f\u00e5 et gunstig tilbud \u2013 begynn \u00e5 vinne fra ditt f\u00f8rste innskudd!\",\"breadcrumb\":{\"@id\":\"https:\/\/planbet.promo\/no\/bonus\/first-deposit\/#breadcrumb\"},\"inLanguage\":\"nb-NO\",\"potentialAction\":[{\"@type\":\"ReadAction\",\"target\":[\"https:\/\/planbet.promo\/no\/bonus\/first-deposit\/\"]}]},{\"@type\":\"BreadcrumbList\",\"@id\":\"https:\/\/planbet.promo\/no\/bonus\/first-deposit\/#breadcrumb\",\"itemListElement\":[{\"@type\":\"ListItem\",\"position\":1,\"name\":\"Home\",\"item\":\"https:\/\/planbet.promo\/no\/\"},{\"@type\":\"ListItem\",\"position\":2,\"name\":\"Bonus\",\"item\":\"https:\/\/planbet.promo\/no\/bonus\/\"},{\"@type\":\"ListItem\",\"position\":3,\"name\":\"Velkomstbonus\"}]},{\"@type\":\"WebSite\",\"@id\":\"https:\/\/planbet.promo\/no\/#website\",\"url\":\"https:\/\/planbet.promo\/no\/\",\"name\":\"Planbet Promo NO\",\"description\":\"My WordPress Blog\",\"potentialAction\":[{\"@type\":\"SearchAction\",\"target\":{\"@type\":\"EntryPoint\",\"urlTemplate\":\"https:\/\/planbet.promo\/no\/?s={search_term_string}\"},\"query-input\":{\"@type\":\"PropertyValueSpecification\",\"valueRequired\":true,\"valueName\":\"search_term_string\"}}],\"inLanguage\":\"nb-NO\"}]}<\/script>\n<!-- \/ Yoast SEO plugin. -->","yoast_head_json":{"title":"100 % bonus p\u00e5 f\u00f8rste innskudd hos PlanBet \u1409 F\u00e5 opptil 1100 NOK!","description":"Registrer deg hos PlanBet og f\u00e5 100 % bonus p\u00e5 ditt f\u00f8rste innskudd opp til 1100 NOK! Doble saldoen din og pr\u00f8v lykken! Ikke g\u00e5 glipp av sjansen til \u00e5 f\u00e5 et gunstig tilbud \u2013 begynn \u00e5 vinne fra ditt f\u00f8rste innskudd!","robots":{"index":"index","follow":"follow","max-snippet":"max-snippet:-1","max-image-preview":"max-image-preview:large","max-video-preview":"max-video-preview:-1"},"og_locale":"nb_NO","og_type":"article","og_title":"100 % bonus p\u00e5 f\u00f8rste innskudd hos PlanBet \u1409 F\u00e5 opptil 1100 NOK!","og_description":"Registrer deg hos PlanBet og f\u00e5 100 % bonus p\u00e5 ditt f\u00f8rste innskudd opp til 1100 NOK! Doble saldoen din og pr\u00f8v lykken! Ikke g\u00e5 glipp av sjansen til \u00e5 f\u00e5 et gunstig tilbud \u2013 begynn \u00e5 vinne fra ditt f\u00f8rste innskudd!","og_url":"https:\/\/planbet.promo\/no\/bonus\/first-deposit\/","og_site_name":"Planbet Promo NO","article_modified_time":"2025-08-12T14:03:13+00:00","twitter_card":"summary_large_image","schema":{"@context":"https:\/\/schema.org","@graph":[{"@type":"WebPage","@id":"https:\/\/planbet.promo\/no\/bonus\/first-deposit\/","url":"https:\/\/planbet.promo\/no\/bonus\/first-deposit\/","name":"100 % bonus p\u00e5 f\u00f8rste innskudd hos PlanBet \u1409 F\u00e5 opptil 1100 NOK!","isPartOf":{"@id":"https:\/\/planbet.promo\/no\/#website"},"datePublished":"2025-05-21T08:41:58+00:00","dateModified":"2025-08-12T14:03:13+00:00","description":"Registrer deg hos PlanBet og f\u00e5 100 % bonus p\u00e5 ditt f\u00f8rste innskudd opp til 1100 NOK! Doble saldoen din og pr\u00f8v lykken! Ikke g\u00e5 glipp av sjansen til \u00e5 f\u00e5 et gunstig tilbud \u2013 begynn \u00e5 vinne fra ditt f\u00f8rste innskudd!","breadcrumb":{"@id":"https:\/\/planbet.promo\/no\/bonus\/first-deposit\/#breadcrumb"},"inLanguage":"nb-NO","potentialAction":[{"@type":"ReadAction","target":["https:\/\/planbet.promo\/no\/bonus\/first-deposit\/"]}]},{"@type":"BreadcrumbList","@id":"https:\/\/planbet.promo\/no\/bonus\/first-deposit\/#breadcrumb","itemListElement":[{"@type":"ListItem","position":1,"name":"Home","item":"https:\/\/planbet.promo\/no\/"},{"@type":"ListItem","position":2,"name":"Bonus","item":"https:\/\/planbet.promo\/no\/bonus\/"},{"@type":"ListItem","position":3,"name":"Velkomstbonus"}]},{"@type":"WebSite","@id":"https:\/\/planbet.promo\/no\/#website","url":"https:\/\/planbet.promo\/no\/","name":"Planbet Promo NO","description":"My WordPress Blog","potentialAction":[{"@type":"SearchAction","target":{"@type":"EntryPoint","urlTemplate":"https:\/\/planbet.promo\/no\/?s={search_term_string}"},"query-input":{"@type":"PropertyValueSpecification","valueRequired":true,"valueName":"search_term_string"}}],"inLanguage":"nb-NO"}]}},"_links":{"self":[{"href":"https:\/\/planbet.promo\/no\/wp-json\/wp\/v2\/pages\/462","targetHints":{"allow":["GET"]}}],"collection":[{"href":"https:\/\/planbet.promo\/no\/wp-json\/wp\/v2\/pages"}],"about":[{"href":"https:\/\/planbet.promo\/no\/wp-json\/wp\/v2\/types\/page"}],"author":[{"embeddable":true,"href":"https:\/\/planbet.promo\/no\/wp-json\/wp\/v2\/users\/1"}],"replies":[{"embeddable":true,"href":"https:\/\/planbet.promo\/no\/wp-json\/wp\/v2\/comments?post=462"}],"version-history":[{"count":5,"href":"https:\/\/planbet.promo\/no\/wp-json\/wp\/v2\/pages\/462\/revisions"}],"predecessor-version":[{"id":819,"href":"https:\/\/planbet.promo\/no\/wp-json\/wp\/v2\/pages\/462\/revisions\/819"}],"up":[{"embeddable":true,"href":"https:\/\/planbet.promo\/no\/wp-json\/wp\/v2\/pages\/152"}],"wp:attachment":[{"href":"https:\/\/planbet.promo\/no\/wp-json\/wp\/v2\/media?parent=462"}],"curies":[{"name":"wp","href":"https:\/\/api.w.org\/{rel}","templated":true}]}}