{"id":499,"date":"2025-05-21T12:52:53","date_gmt":"2025-05-21T12:52:53","guid":{"rendered":"https:\/\/betwinner.team\/?page_id=499"},"modified":"2025-08-12T13:52:31","modified_gmt":"2025-08-12T13:52:31","slug":"casino-welcome-package","status":"publish","type":"page","link":"https:\/\/planbet.promo\/no\/bonus\/casino-welcome-package\/","title":{"rendered":"Casino velkomstpakke"},"content":{"rendered":"","protected":false},"excerpt":{"rendered":"","protected":false},"author":1,"featured_media":0,"parent":152,"menu_order":0,"comment_status":"closed","ping_status":"closed","template":"","meta":{"footnotes":""},"class_list":["post-499","page","type-page","status-publish","hentry"],"yoast_head":"<!-- This site is optimized with the Yoast SEO plugin v26.2 - https:\/\/yoast.com\/wordpress\/plugins\/seo\/ -->\n<title>PlanBet Casino velkomstpakke \u1409 F\u00e5 opptil 18 000 NOK + 150 FS<\/title>\n<meta name=\"description\" content=\"PlanBet Casino velkomstpakke venter p\u00e5 deg: opptil 18 000 NOK og 150 gratisspinn! Registreringen er enkel og bonusene er sjener\u00f8se. Ikke g\u00e5 glipp av sjansen til \u00e5 sikre deg mega gevinster ved \u00e5 f\u00f8lge v\u00e5re enkle trinn. G\u00e5 for spenningen!\" \/>\n<meta name=\"robots\" content=\"index, follow, max-snippet:-1, max-image-preview:large, max-video-preview:-1\" \/>\n<meta property=\"og:locale\" content=\"nb_NO\" \/>\n<meta property=\"og:type\" content=\"article\" \/>\n<meta property=\"og:title\" content=\"PlanBet Casino velkomstpakke \u1409 F\u00e5 opptil 18 000 NOK + 150 FS\" \/>\n<meta property=\"og:description\" content=\"PlanBet Casino velkomstpakke venter p\u00e5 deg: opptil 18 000 NOK og 150 gratisspinn! Registreringen er enkel og bonusene er sjener\u00f8se. Ikke g\u00e5 glipp av sjansen til \u00e5 sikre deg mega gevinster ved \u00e5 f\u00f8lge v\u00e5re enkle trinn. G\u00e5 for spenningen!\" \/>\n<meta property=\"og:url\" content=\"https:\/\/planbet.promo\/no\/bonus\/casino-welcome-package\/\" \/>\n<meta property=\"og:site_name\" content=\"Planbet Promo NO\" \/>\n<meta property=\"article:modified_time\" content=\"2025-08-12T13:52:31+00:00\" \/>\n<meta name=\"twitter:card\" content=\"summary_large_image\" \/>\n<script type=\"application\/ld+json\" class=\"yoast-schema-graph\">{\"@context\":\"https:\/\/schema.org\",\"@graph\":[{\"@type\":\"WebPage\",\"@id\":\"https:\/\/planbet.promo\/no\/bonus\/casino-welcome-package\/\",\"url\":\"https:\/\/planbet.promo\/no\/bonus\/casino-welcome-package\/\",\"name\":\"PlanBet Casino velkomstpakke \u1409 F\u00e5 opptil 18 000 NOK + 150 FS\",\"isPartOf\":{\"@id\":\"https:\/\/planbet.promo\/no\/#website\"},\"datePublished\":\"2025-05-21T12:52:53+00:00\",\"dateModified\":\"2025-08-12T13:52:31+00:00\",\"description\":\"PlanBet Casino velkomstpakke venter p\u00e5 deg: opptil 18 000 NOK og 150 gratisspinn! Registreringen er enkel og bonusene er sjener\u00f8se. Ikke g\u00e5 glipp av sjansen til \u00e5 sikre deg mega gevinster ved \u00e5 f\u00f8lge v\u00e5re enkle trinn. G\u00e5 for spenningen!\",\"breadcrumb\":{\"@id\":\"https:\/\/planbet.promo\/no\/bonus\/casino-welcome-package\/#breadcrumb\"},\"inLanguage\":\"nb-NO\",\"potentialAction\":[{\"@type\":\"ReadAction\",\"target\":[\"https:\/\/planbet.promo\/no\/bonus\/casino-welcome-package\/\"]}]},{\"@type\":\"BreadcrumbList\",\"@id\":\"https:\/\/planbet.promo\/no\/bonus\/casino-welcome-package\/#breadcrumb\",\"itemListElement\":[{\"@type\":\"ListItem\",\"position\":1,\"name\":\"Home\",\"item\":\"https:\/\/planbet.promo\/no\/\"},{\"@type\":\"ListItem\",\"position\":2,\"name\":\"Bonus\",\"item\":\"https:\/\/planbet.promo\/no\/bonus\/\"},{\"@type\":\"ListItem\",\"position\":3,\"name\":\"Casino velkomstpakke\"}]},{\"@type\":\"WebSite\",\"@id\":\"https:\/\/planbet.promo\/no\/#website\",\"url\":\"https:\/\/planbet.promo\/no\/\",\"name\":\"Planbet Promo NO\",\"description\":\"My WordPress Blog\",\"potentialAction\":[{\"@type\":\"SearchAction\",\"target\":{\"@type\":\"EntryPoint\",\"urlTemplate\":\"https:\/\/planbet.promo\/no\/?s={search_term_string}\"},\"query-input\":{\"@type\":\"PropertyValueSpecification\",\"valueRequired\":true,\"valueName\":\"search_term_string\"}}],\"inLanguage\":\"nb-NO\"}]}<\/script>\n<!-- \/ Yoast SEO plugin. -->","yoast_head_json":{"title":"PlanBet Casino velkomstpakke \u1409 F\u00e5 opptil 18 000 NOK + 150 FS","description":"PlanBet Casino velkomstpakke venter p\u00e5 deg: opptil 18 000 NOK og 150 gratisspinn! Registreringen er enkel og bonusene er sjener\u00f8se. Ikke g\u00e5 glipp av sjansen til \u00e5 sikre deg mega gevinster ved \u00e5 f\u00f8lge v\u00e5re enkle trinn. G\u00e5 for spenningen!","robots":{"index":"index","follow":"follow","max-snippet":"max-snippet:-1","max-image-preview":"max-image-preview:large","max-video-preview":"max-video-preview:-1"},"og_locale":"nb_NO","og_type":"article","og_title":"PlanBet Casino velkomstpakke \u1409 F\u00e5 opptil 18 000 NOK + 150 FS","og_description":"PlanBet Casino velkomstpakke venter p\u00e5 deg: opptil 18 000 NOK og 150 gratisspinn! Registreringen er enkel og bonusene er sjener\u00f8se. Ikke g\u00e5 glipp av sjansen til \u00e5 sikre deg mega gevinster ved \u00e5 f\u00f8lge v\u00e5re enkle trinn. G\u00e5 for spenningen!","og_url":"https:\/\/planbet.promo\/no\/bonus\/casino-welcome-package\/","og_site_name":"Planbet Promo NO","article_modified_time":"2025-08-12T13:52:31+00:00","twitter_card":"summary_large_image","schema":{"@context":"https:\/\/schema.org","@graph":[{"@type":"WebPage","@id":"https:\/\/planbet.promo\/no\/bonus\/casino-welcome-package\/","url":"https:\/\/planbet.promo\/no\/bonus\/casino-welcome-package\/","name":"PlanBet Casino velkomstpakke \u1409 F\u00e5 opptil 18 000 NOK + 150 FS","isPartOf":{"@id":"https:\/\/planbet.promo\/no\/#website"},"datePublished":"2025-05-21T12:52:53+00:00","dateModified":"2025-08-12T13:52:31+00:00","description":"PlanBet Casino velkomstpakke venter p\u00e5 deg: opptil 18 000 NOK og 150 gratisspinn! Registreringen er enkel og bonusene er sjener\u00f8se. Ikke g\u00e5 glipp av sjansen til \u00e5 sikre deg mega gevinster ved \u00e5 f\u00f8lge v\u00e5re enkle trinn. G\u00e5 for spenningen!","breadcrumb":{"@id":"https:\/\/planbet.promo\/no\/bonus\/casino-welcome-package\/#breadcrumb"},"inLanguage":"nb-NO","potentialAction":[{"@type":"ReadAction","target":["https:\/\/planbet.promo\/no\/bonus\/casino-welcome-package\/"]}]},{"@type":"BreadcrumbList","@id":"https:\/\/planbet.promo\/no\/bonus\/casino-welcome-package\/#breadcrumb","itemListElement":[{"@type":"ListItem","position":1,"name":"Home","item":"https:\/\/planbet.promo\/no\/"},{"@type":"ListItem","position":2,"name":"Bonus","item":"https:\/\/planbet.promo\/no\/bonus\/"},{"@type":"ListItem","position":3,"name":"Casino velkomstpakke"}]},{"@type":"WebSite","@id":"https:\/\/planbet.promo\/no\/#website","url":"https:\/\/planbet.promo\/no\/","name":"Planbet Promo NO","description":"My WordPress Blog","potentialAction":[{"@type":"SearchAction","target":{"@type":"EntryPoint","urlTemplate":"https:\/\/planbet.promo\/no\/?s={search_term_string}"},"query-input":{"@type":"PropertyValueSpecification","valueRequired":true,"valueName":"search_term_string"}}],"inLanguage":"nb-NO"}]}},"_links":{"self":[{"href":"https:\/\/planbet.promo\/no\/wp-json\/wp\/v2\/pages\/499","targetHints":{"allow":["GET"]}}],"collection":[{"href":"https:\/\/planbet.promo\/no\/wp-json\/wp\/v2\/pages"}],"about":[{"href":"https:\/\/planbet.promo\/no\/wp-json\/wp\/v2\/types\/page"}],"author":[{"embeddable":true,"href":"https:\/\/planbet.promo\/no\/wp-json\/wp\/v2\/users\/1"}],"replies":[{"embeddable":true,"href":"https:\/\/planbet.promo\/no\/wp-json\/wp\/v2\/comments?post=499"}],"version-history":[{"count":4,"href":"https:\/\/planbet.promo\/no\/wp-json\/wp\/v2\/pages\/499\/revisions"}],"predecessor-version":[{"id":815,"href":"https:\/\/planbet.promo\/no\/wp-json\/wp\/v2\/pages\/499\/revisions\/815"}],"up":[{"embeddable":true,"href":"https:\/\/planbet.promo\/no\/wp-json\/wp\/v2\/pages\/152"}],"wp:attachment":[{"href":"https:\/\/planbet.promo\/no\/wp-json\/wp\/v2\/media?parent=499"}],"curies":[{"name":"wp","href":"https:\/\/api.w.org\/{rel}","templated":true}]}}