{"id":504,"date":"2025-05-21T13:06:32","date_gmt":"2025-05-21T13:06:32","guid":{"rendered":"https:\/\/betwinner.team\/?page_id=504"},"modified":"2025-08-12T13:58:19","modified_gmt":"2025-08-12T13:58:19","slug":"ten-deposit","status":"publish","type":"page","link":"https:\/\/planbet.promo\/no\/bonus\/ten-deposit\/","title":{"rendered":"Ti innskudd"},"content":{"rendered":"","protected":false},"excerpt":{"rendered":"","protected":false},"author":1,"featured_media":0,"parent":152,"menu_order":0,"comment_status":"closed","ping_status":"closed","template":"","meta":{"footnotes":""},"class_list":["post-504","page","type-page","status-publish","hentry"],"yoast_head":"<!-- This site is optimized with the Yoast SEO plugin v26.2 - https:\/\/yoast.com\/wordpress\/plugins\/seo\/ -->\n<title>Bonus p\u00e5 10. innskudd hos PlanBet Casino: 50 % + 100 FS<\/title>\n<meta name=\"description\" content=\"F\u00e5 50 % bonus p\u00e5 ditt tiende innskudd opp til 3000 NOK og 100 NOK gratisspinn! Bare sett inn 100 NOK, s\u00e5 er gavene dine! Ikke g\u00e5 glipp av sjansen til \u00e5 vinne stort, f\u00f8lg de enkle reglene og spill stort!\" \/>\n<meta name=\"robots\" content=\"index, follow, max-snippet:-1, max-image-preview:large, max-video-preview:-1\" \/>\n<meta property=\"og:locale\" content=\"nb_NO\" \/>\n<meta property=\"og:type\" content=\"article\" \/>\n<meta property=\"og:title\" content=\"Bonus p\u00e5 10. innskudd hos PlanBet Casino: 50 % + 100 FS\" \/>\n<meta property=\"og:description\" content=\"F\u00e5 50 % bonus p\u00e5 ditt tiende innskudd opp til 3000 NOK og 100 NOK gratisspinn! Bare sett inn 100 NOK, s\u00e5 er gavene dine! Ikke g\u00e5 glipp av sjansen til \u00e5 vinne stort, f\u00f8lg de enkle reglene og spill stort!\" \/>\n<meta property=\"og:url\" content=\"https:\/\/planbet.promo\/no\/bonus\/ten-deposit\/\" \/>\n<meta property=\"og:site_name\" content=\"Planbet Promo NO\" \/>\n<meta property=\"article:modified_time\" content=\"2025-08-12T13:58:19+00:00\" \/>\n<meta name=\"twitter:card\" content=\"summary_large_image\" \/>\n<script type=\"application\/ld+json\" class=\"yoast-schema-graph\">{\"@context\":\"https:\/\/schema.org\",\"@graph\":[{\"@type\":\"WebPage\",\"@id\":\"https:\/\/planbet.promo\/no\/bonus\/ten-deposit\/\",\"url\":\"https:\/\/planbet.promo\/no\/bonus\/ten-deposit\/\",\"name\":\"Bonus p\u00e5 10. innskudd hos PlanBet Casino: 50 % + 100 FS\",\"isPartOf\":{\"@id\":\"https:\/\/planbet.promo\/no\/#website\"},\"datePublished\":\"2025-05-21T13:06:32+00:00\",\"dateModified\":\"2025-08-12T13:58:19+00:00\",\"description\":\"F\u00e5 50 % bonus p\u00e5 ditt tiende innskudd opp til 3000 NOK og 100 NOK gratisspinn! Bare sett inn 100 NOK, s\u00e5 er gavene dine! Ikke g\u00e5 glipp av sjansen til \u00e5 vinne stort, f\u00f8lg de enkle reglene og spill stort!\",\"breadcrumb\":{\"@id\":\"https:\/\/planbet.promo\/no\/bonus\/ten-deposit\/#breadcrumb\"},\"inLanguage\":\"nb-NO\",\"potentialAction\":[{\"@type\":\"ReadAction\",\"target\":[\"https:\/\/planbet.promo\/no\/bonus\/ten-deposit\/\"]}]},{\"@type\":\"BreadcrumbList\",\"@id\":\"https:\/\/planbet.promo\/no\/bonus\/ten-deposit\/#breadcrumb\",\"itemListElement\":[{\"@type\":\"ListItem\",\"position\":1,\"name\":\"Home\",\"item\":\"https:\/\/planbet.promo\/no\/\"},{\"@type\":\"ListItem\",\"position\":2,\"name\":\"Bonus\",\"item\":\"https:\/\/planbet.promo\/no\/bonus\/\"},{\"@type\":\"ListItem\",\"position\":3,\"name\":\"Ti innskudd\"}]},{\"@type\":\"WebSite\",\"@id\":\"https:\/\/planbet.promo\/no\/#website\",\"url\":\"https:\/\/planbet.promo\/no\/\",\"name\":\"Planbet Promo NO\",\"description\":\"My WordPress Blog\",\"potentialAction\":[{\"@type\":\"SearchAction\",\"target\":{\"@type\":\"EntryPoint\",\"urlTemplate\":\"https:\/\/planbet.promo\/no\/?s={search_term_string}\"},\"query-input\":{\"@type\":\"PropertyValueSpecification\",\"valueRequired\":true,\"valueName\":\"search_term_string\"}}],\"inLanguage\":\"nb-NO\"}]}<\/script>\n<!-- \/ Yoast SEO plugin. -->","yoast_head_json":{"title":"Bonus p\u00e5 10. innskudd hos PlanBet Casino: 50 % + 100 FS","description":"F\u00e5 50 % bonus p\u00e5 ditt tiende innskudd opp til 3000 NOK og 100 NOK gratisspinn! Bare sett inn 100 NOK, s\u00e5 er gavene dine! Ikke g\u00e5 glipp av sjansen til \u00e5 vinne stort, f\u00f8lg de enkle reglene og spill stort!","robots":{"index":"index","follow":"follow","max-snippet":"max-snippet:-1","max-image-preview":"max-image-preview:large","max-video-preview":"max-video-preview:-1"},"og_locale":"nb_NO","og_type":"article","og_title":"Bonus p\u00e5 10. innskudd hos PlanBet Casino: 50 % + 100 FS","og_description":"F\u00e5 50 % bonus p\u00e5 ditt tiende innskudd opp til 3000 NOK og 100 NOK gratisspinn! Bare sett inn 100 NOK, s\u00e5 er gavene dine! Ikke g\u00e5 glipp av sjansen til \u00e5 vinne stort, f\u00f8lg de enkle reglene og spill stort!","og_url":"https:\/\/planbet.promo\/no\/bonus\/ten-deposit\/","og_site_name":"Planbet Promo NO","article_modified_time":"2025-08-12T13:58:19+00:00","twitter_card":"summary_large_image","schema":{"@context":"https:\/\/schema.org","@graph":[{"@type":"WebPage","@id":"https:\/\/planbet.promo\/no\/bonus\/ten-deposit\/","url":"https:\/\/planbet.promo\/no\/bonus\/ten-deposit\/","name":"Bonus p\u00e5 10. innskudd hos PlanBet Casino: 50 % + 100 FS","isPartOf":{"@id":"https:\/\/planbet.promo\/no\/#website"},"datePublished":"2025-05-21T13:06:32+00:00","dateModified":"2025-08-12T13:58:19+00:00","description":"F\u00e5 50 % bonus p\u00e5 ditt tiende innskudd opp til 3000 NOK og 100 NOK gratisspinn! Bare sett inn 100 NOK, s\u00e5 er gavene dine! Ikke g\u00e5 glipp av sjansen til \u00e5 vinne stort, f\u00f8lg de enkle reglene og spill stort!","breadcrumb":{"@id":"https:\/\/planbet.promo\/no\/bonus\/ten-deposit\/#breadcrumb"},"inLanguage":"nb-NO","potentialAction":[{"@type":"ReadAction","target":["https:\/\/planbet.promo\/no\/bonus\/ten-deposit\/"]}]},{"@type":"BreadcrumbList","@id":"https:\/\/planbet.promo\/no\/bonus\/ten-deposit\/#breadcrumb","itemListElement":[{"@type":"ListItem","position":1,"name":"Home","item":"https:\/\/planbet.promo\/no\/"},{"@type":"ListItem","position":2,"name":"Bonus","item":"https:\/\/planbet.promo\/no\/bonus\/"},{"@type":"ListItem","position":3,"name":"Ti innskudd"}]},{"@type":"WebSite","@id":"https:\/\/planbet.promo\/no\/#website","url":"https:\/\/planbet.promo\/no\/","name":"Planbet Promo NO","description":"My WordPress Blog","potentialAction":[{"@type":"SearchAction","target":{"@type":"EntryPoint","urlTemplate":"https:\/\/planbet.promo\/no\/?s={search_term_string}"},"query-input":{"@type":"PropertyValueSpecification","valueRequired":true,"valueName":"search_term_string"}}],"inLanguage":"nb-NO"}]}},"_links":{"self":[{"href":"https:\/\/planbet.promo\/no\/wp-json\/wp\/v2\/pages\/504","targetHints":{"allow":["GET"]}}],"collection":[{"href":"https:\/\/planbet.promo\/no\/wp-json\/wp\/v2\/pages"}],"about":[{"href":"https:\/\/planbet.promo\/no\/wp-json\/wp\/v2\/types\/page"}],"author":[{"embeddable":true,"href":"https:\/\/planbet.promo\/no\/wp-json\/wp\/v2\/users\/1"}],"replies":[{"embeddable":true,"href":"https:\/\/planbet.promo\/no\/wp-json\/wp\/v2\/comments?post=504"}],"version-history":[{"count":4,"href":"https:\/\/planbet.promo\/no\/wp-json\/wp\/v2\/pages\/504\/revisions"}],"predecessor-version":[{"id":817,"href":"https:\/\/planbet.promo\/no\/wp-json\/wp\/v2\/pages\/504\/revisions\/817"}],"up":[{"embeddable":true,"href":"https:\/\/planbet.promo\/no\/wp-json\/wp\/v2\/pages\/152"}],"wp:attachment":[{"href":"https:\/\/planbet.promo\/no\/wp-json\/wp\/v2\/media?parent=504"}],"curies":[{"name":"wp","href":"https:\/\/api.w.org\/{rel}","templated":true}]}}