{"id":510,"date":"2025-05-21T13:31:40","date_gmt":"2025-05-21T13:31:40","guid":{"rendered":"https:\/\/betwinner.team\/?page_id=510"},"modified":"2025-08-12T13:44:41","modified_gmt":"2025-08-12T13:44:41","slug":"big-match","status":"publish","type":"page","link":"https:\/\/planbet.promo\/no\/bonus\/big-match\/","title":{"rendered":"Stor kamp"},"content":{"rendered":"","protected":false},"excerpt":{"rendered":"","protected":false},"author":1,"featured_media":0,"parent":152,"menu_order":0,"comment_status":"closed","ping_status":"closed","template":"","meta":{"footnotes":""},"class_list":["post-510","page","type-page","status-publish","hentry"],"yoast_head":"<!-- This site is optimized with the Yoast SEO plugin v26.2 - https:\/\/yoast.com\/wordpress\/plugins\/seo\/ -->\n<title>PlanBet Stor Kamp\u1409 F\u00e5 100 NOK tilbake n\u00e5r du taper et spill<\/title>\n<meta name=\"description\" content=\"Spill uten frykt! Delta i PlanBets Stor kamp-kampanje og f\u00e5 opptil 100 NOK tilbake selv om sp\u00e5dommen din ikke sl\u00e5r til. Det er trygt \u00e5 spille!\" \/>\n<meta name=\"robots\" content=\"index, follow, max-snippet:-1, max-image-preview:large, max-video-preview:-1\" \/>\n<meta property=\"og:locale\" content=\"nb_NO\" \/>\n<meta property=\"og:type\" content=\"article\" \/>\n<meta property=\"og:title\" content=\"PlanBet Stor Kamp\u1409 F\u00e5 100 NOK tilbake n\u00e5r du taper et spill\" \/>\n<meta property=\"og:description\" content=\"Spill uten frykt! Delta i PlanBets Stor kamp-kampanje og f\u00e5 opptil 100 NOK tilbake selv om sp\u00e5dommen din ikke sl\u00e5r til. Det er trygt \u00e5 spille!\" \/>\n<meta property=\"og:url\" content=\"https:\/\/planbet.promo\/no\/bonus\/big-match\/\" \/>\n<meta property=\"og:site_name\" content=\"Planbet Promo NO\" \/>\n<meta property=\"article:modified_time\" content=\"2025-08-12T13:44:41+00:00\" \/>\n<meta name=\"twitter:card\" content=\"summary_large_image\" \/>\n<script type=\"application\/ld+json\" class=\"yoast-schema-graph\">{\"@context\":\"https:\/\/schema.org\",\"@graph\":[{\"@type\":\"WebPage\",\"@id\":\"https:\/\/planbet.promo\/no\/bonus\/big-match\/\",\"url\":\"https:\/\/planbet.promo\/no\/bonus\/big-match\/\",\"name\":\"PlanBet Stor Kamp\u1409 F\u00e5 100 NOK tilbake n\u00e5r du taper et spill\",\"isPartOf\":{\"@id\":\"https:\/\/planbet.promo\/no\/#website\"},\"datePublished\":\"2025-05-21T13:31:40+00:00\",\"dateModified\":\"2025-08-12T13:44:41+00:00\",\"description\":\"Spill uten frykt! Delta i PlanBets Stor kamp-kampanje og f\u00e5 opptil 100 NOK tilbake selv om sp\u00e5dommen din ikke sl\u00e5r til. Det er trygt \u00e5 spille!\",\"breadcrumb\":{\"@id\":\"https:\/\/planbet.promo\/no\/bonus\/big-match\/#breadcrumb\"},\"inLanguage\":\"nb-NO\",\"potentialAction\":[{\"@type\":\"ReadAction\",\"target\":[\"https:\/\/planbet.promo\/no\/bonus\/big-match\/\"]}]},{\"@type\":\"BreadcrumbList\",\"@id\":\"https:\/\/planbet.promo\/no\/bonus\/big-match\/#breadcrumb\",\"itemListElement\":[{\"@type\":\"ListItem\",\"position\":1,\"name\":\"Home\",\"item\":\"https:\/\/planbet.promo\/no\/\"},{\"@type\":\"ListItem\",\"position\":2,\"name\":\"Bonus\",\"item\":\"https:\/\/planbet.promo\/no\/bonus\/\"},{\"@type\":\"ListItem\",\"position\":3,\"name\":\"Stor kamp\"}]},{\"@type\":\"WebSite\",\"@id\":\"https:\/\/planbet.promo\/no\/#website\",\"url\":\"https:\/\/planbet.promo\/no\/\",\"name\":\"Planbet Promo NO\",\"description\":\"My WordPress Blog\",\"potentialAction\":[{\"@type\":\"SearchAction\",\"target\":{\"@type\":\"EntryPoint\",\"urlTemplate\":\"https:\/\/planbet.promo\/no\/?s={search_term_string}\"},\"query-input\":{\"@type\":\"PropertyValueSpecification\",\"valueRequired\":true,\"valueName\":\"search_term_string\"}}],\"inLanguage\":\"nb-NO\"}]}<\/script>\n<!-- \/ Yoast SEO plugin. -->","yoast_head_json":{"title":"PlanBet Stor Kamp\u1409 F\u00e5 100 NOK tilbake n\u00e5r du taper et spill","description":"Spill uten frykt! Delta i PlanBets Stor kamp-kampanje og f\u00e5 opptil 100 NOK tilbake selv om sp\u00e5dommen din ikke sl\u00e5r til. Det er trygt \u00e5 spille!","robots":{"index":"index","follow":"follow","max-snippet":"max-snippet:-1","max-image-preview":"max-image-preview:large","max-video-preview":"max-video-preview:-1"},"og_locale":"nb_NO","og_type":"article","og_title":"PlanBet Stor Kamp\u1409 F\u00e5 100 NOK tilbake n\u00e5r du taper et spill","og_description":"Spill uten frykt! Delta i PlanBets Stor kamp-kampanje og f\u00e5 opptil 100 NOK tilbake selv om sp\u00e5dommen din ikke sl\u00e5r til. Det er trygt \u00e5 spille!","og_url":"https:\/\/planbet.promo\/no\/bonus\/big-match\/","og_site_name":"Planbet Promo NO","article_modified_time":"2025-08-12T13:44:41+00:00","twitter_card":"summary_large_image","schema":{"@context":"https:\/\/schema.org","@graph":[{"@type":"WebPage","@id":"https:\/\/planbet.promo\/no\/bonus\/big-match\/","url":"https:\/\/planbet.promo\/no\/bonus\/big-match\/","name":"PlanBet Stor Kamp\u1409 F\u00e5 100 NOK tilbake n\u00e5r du taper et spill","isPartOf":{"@id":"https:\/\/planbet.promo\/no\/#website"},"datePublished":"2025-05-21T13:31:40+00:00","dateModified":"2025-08-12T13:44:41+00:00","description":"Spill uten frykt! Delta i PlanBets Stor kamp-kampanje og f\u00e5 opptil 100 NOK tilbake selv om sp\u00e5dommen din ikke sl\u00e5r til. Det er trygt \u00e5 spille!","breadcrumb":{"@id":"https:\/\/planbet.promo\/no\/bonus\/big-match\/#breadcrumb"},"inLanguage":"nb-NO","potentialAction":[{"@type":"ReadAction","target":["https:\/\/planbet.promo\/no\/bonus\/big-match\/"]}]},{"@type":"BreadcrumbList","@id":"https:\/\/planbet.promo\/no\/bonus\/big-match\/#breadcrumb","itemListElement":[{"@type":"ListItem","position":1,"name":"Home","item":"https:\/\/planbet.promo\/no\/"},{"@type":"ListItem","position":2,"name":"Bonus","item":"https:\/\/planbet.promo\/no\/bonus\/"},{"@type":"ListItem","position":3,"name":"Stor kamp"}]},{"@type":"WebSite","@id":"https:\/\/planbet.promo\/no\/#website","url":"https:\/\/planbet.promo\/no\/","name":"Planbet Promo NO","description":"My WordPress Blog","potentialAction":[{"@type":"SearchAction","target":{"@type":"EntryPoint","urlTemplate":"https:\/\/planbet.promo\/no\/?s={search_term_string}"},"query-input":{"@type":"PropertyValueSpecification","valueRequired":true,"valueName":"search_term_string"}}],"inLanguage":"nb-NO"}]}},"_links":{"self":[{"href":"https:\/\/planbet.promo\/no\/wp-json\/wp\/v2\/pages\/510","targetHints":{"allow":["GET"]}}],"collection":[{"href":"https:\/\/planbet.promo\/no\/wp-json\/wp\/v2\/pages"}],"about":[{"href":"https:\/\/planbet.promo\/no\/wp-json\/wp\/v2\/types\/page"}],"author":[{"embeddable":true,"href":"https:\/\/planbet.promo\/no\/wp-json\/wp\/v2\/users\/1"}],"replies":[{"embeddable":true,"href":"https:\/\/planbet.promo\/no\/wp-json\/wp\/v2\/comments?post=510"}],"version-history":[{"count":6,"href":"https:\/\/planbet.promo\/no\/wp-json\/wp\/v2\/pages\/510\/revisions"}],"predecessor-version":[{"id":813,"href":"https:\/\/planbet.promo\/no\/wp-json\/wp\/v2\/pages\/510\/revisions\/813"}],"up":[{"embeddable":true,"href":"https:\/\/planbet.promo\/no\/wp-json\/wp\/v2\/pages\/152"}],"wp:attachment":[{"href":"https:\/\/planbet.promo\/no\/wp-json\/wp\/v2\/media?parent=510"}],"curies":[{"name":"wp","href":"https:\/\/api.w.org\/{rel}","templated":true}]}}