{"id":462,"date":"2025-05-21T08:41:58","date_gmt":"2025-05-21T08:41:58","guid":{"rendered":"https:\/\/betwinner.team\/?page_id=462"},"modified":"2025-07-26T06:42:56","modified_gmt":"2025-07-26T06:42:56","slug":"first-deposit","status":"publish","type":"page","link":"https:\/\/planbet.promo\/pl\/bonus\/first-deposit\/","title":{"rendered":"Bonus powitalny"},"content":{"rendered":"","protected":false},"excerpt":{"rendered":"","protected":false},"author":1,"featured_media":0,"parent":152,"menu_order":0,"comment_status":"closed","ping_status":"closed","template":"","meta":{"footnotes":""},"class_list":["post-462","page","type-page","status-publish","hentry"],"yoast_head":"<!-- This site is optimized with the Yoast SEO plugin v26.2 - https:\/\/yoast.com\/wordpress\/plugins\/seo\/ -->\n<title>100% Bonus od pierwszego depozytu w PlanBet \u1409 do 400 PLN!<\/title>\n<meta name=\"description\" content=\"Zarejestruj si\u0119 w PlanBet i otrzymaj bonus 100% od pierwszego depozytu do 400 PLN! Podw\u00f3j swoje saldo i spr\u00f3buj szcz\u0119\u015bcia! Nie przegap szansy na otrzymanie korzystnej oferty - zacznij wygrywa\u0107 ju\u017c od pierwszej wp\u0142aty!\" \/>\n<meta name=\"robots\" content=\"index, follow, max-snippet:-1, max-image-preview:large, max-video-preview:-1\" \/>\n<meta property=\"og:locale\" content=\"pl_PL\" \/>\n<meta property=\"og:type\" content=\"article\" \/>\n<meta property=\"og:title\" content=\"100% Bonus od pierwszego depozytu w PlanBet \u1409 do 400 PLN!\" \/>\n<meta property=\"og:description\" content=\"Zarejestruj si\u0119 w PlanBet i otrzymaj bonus 100% od pierwszego depozytu do 400 PLN! Podw\u00f3j swoje saldo i spr\u00f3buj szcz\u0119\u015bcia! Nie przegap szansy na otrzymanie korzystnej oferty - zacznij wygrywa\u0107 ju\u017c od pierwszej wp\u0142aty!\" \/>\n<meta property=\"og:url\" content=\"https:\/\/planbet.promo\/pl\/bonus\/first-deposit\/\" \/>\n<meta property=\"og:site_name\" content=\"Planbet Promo PL\" \/>\n<meta property=\"article:modified_time\" content=\"2025-07-26T06:42:56+00:00\" \/>\n<meta name=\"twitter:card\" content=\"summary_large_image\" \/>\n<script type=\"application\/ld+json\" class=\"yoast-schema-graph\">{\"@context\":\"https:\/\/schema.org\",\"@graph\":[{\"@type\":\"WebPage\",\"@id\":\"https:\/\/planbet.promo\/pl\/bonus\/first-deposit\/\",\"url\":\"https:\/\/planbet.promo\/pl\/bonus\/first-deposit\/\",\"name\":\"100% Bonus od pierwszego depozytu w PlanBet \u1409 do 400 PLN!\",\"isPartOf\":{\"@id\":\"https:\/\/planbet.promo\/pl\/#website\"},\"datePublished\":\"2025-05-21T08:41:58+00:00\",\"dateModified\":\"2025-07-26T06:42:56+00:00\",\"description\":\"Zarejestruj si\u0119 w PlanBet i otrzymaj bonus 100% od pierwszego depozytu do 400 PLN! Podw\u00f3j swoje saldo i spr\u00f3buj szcz\u0119\u015bcia! Nie przegap szansy na otrzymanie korzystnej oferty - zacznij wygrywa\u0107 ju\u017c od pierwszej wp\u0142aty!\",\"breadcrumb\":{\"@id\":\"https:\/\/planbet.promo\/pl\/bonus\/first-deposit\/#breadcrumb\"},\"inLanguage\":\"pl-PL\",\"potentialAction\":[{\"@type\":\"ReadAction\",\"target\":[\"https:\/\/planbet.promo\/pl\/bonus\/first-deposit\/\"]}]},{\"@type\":\"BreadcrumbList\",\"@id\":\"https:\/\/planbet.promo\/pl\/bonus\/first-deposit\/#breadcrumb\",\"itemListElement\":[{\"@type\":\"ListItem\",\"position\":1,\"name\":\"Home\",\"item\":\"https:\/\/planbet.promo\/pl\/\"},{\"@type\":\"ListItem\",\"position\":2,\"name\":\"Bonus\",\"item\":\"https:\/\/planbet.promo\/pl\/bonus\/\"},{\"@type\":\"ListItem\",\"position\":3,\"name\":\"Bonus powitalny\"}]},{\"@type\":\"WebSite\",\"@id\":\"https:\/\/planbet.promo\/pl\/#website\",\"url\":\"https:\/\/planbet.promo\/pl\/\",\"name\":\"Planbet Promo PL\",\"description\":\"My WordPress Blog\",\"potentialAction\":[{\"@type\":\"SearchAction\",\"target\":{\"@type\":\"EntryPoint\",\"urlTemplate\":\"https:\/\/planbet.promo\/pl\/?s={search_term_string}\"},\"query-input\":{\"@type\":\"PropertyValueSpecification\",\"valueRequired\":true,\"valueName\":\"search_term_string\"}}],\"inLanguage\":\"pl-PL\"}]}<\/script>\n<!-- \/ Yoast SEO plugin. -->","yoast_head_json":{"title":"100% Bonus od pierwszego depozytu w PlanBet \u1409 do 400 PLN!","description":"Zarejestruj si\u0119 w PlanBet i otrzymaj bonus 100% od pierwszego depozytu do 400 PLN! Podw\u00f3j swoje saldo i spr\u00f3buj szcz\u0119\u015bcia! Nie przegap szansy na otrzymanie korzystnej oferty - zacznij wygrywa\u0107 ju\u017c od pierwszej wp\u0142aty!","robots":{"index":"index","follow":"follow","max-snippet":"max-snippet:-1","max-image-preview":"max-image-preview:large","max-video-preview":"max-video-preview:-1"},"og_locale":"pl_PL","og_type":"article","og_title":"100% Bonus od pierwszego depozytu w PlanBet \u1409 do 400 PLN!","og_description":"Zarejestruj si\u0119 w PlanBet i otrzymaj bonus 100% od pierwszego depozytu do 400 PLN! Podw\u00f3j swoje saldo i spr\u00f3buj szcz\u0119\u015bcia! Nie przegap szansy na otrzymanie korzystnej oferty - zacznij wygrywa\u0107 ju\u017c od pierwszej wp\u0142aty!","og_url":"https:\/\/planbet.promo\/pl\/bonus\/first-deposit\/","og_site_name":"Planbet Promo PL","article_modified_time":"2025-07-26T06:42:56+00:00","twitter_card":"summary_large_image","schema":{"@context":"https:\/\/schema.org","@graph":[{"@type":"WebPage","@id":"https:\/\/planbet.promo\/pl\/bonus\/first-deposit\/","url":"https:\/\/planbet.promo\/pl\/bonus\/first-deposit\/","name":"100% Bonus od pierwszego depozytu w PlanBet \u1409 do 400 PLN!","isPartOf":{"@id":"https:\/\/planbet.promo\/pl\/#website"},"datePublished":"2025-05-21T08:41:58+00:00","dateModified":"2025-07-26T06:42:56+00:00","description":"Zarejestruj si\u0119 w PlanBet i otrzymaj bonus 100% od pierwszego depozytu do 400 PLN! Podw\u00f3j swoje saldo i spr\u00f3buj szcz\u0119\u015bcia! Nie przegap szansy na otrzymanie korzystnej oferty - zacznij wygrywa\u0107 ju\u017c od pierwszej wp\u0142aty!","breadcrumb":{"@id":"https:\/\/planbet.promo\/pl\/bonus\/first-deposit\/#breadcrumb"},"inLanguage":"pl-PL","potentialAction":[{"@type":"ReadAction","target":["https:\/\/planbet.promo\/pl\/bonus\/first-deposit\/"]}]},{"@type":"BreadcrumbList","@id":"https:\/\/planbet.promo\/pl\/bonus\/first-deposit\/#breadcrumb","itemListElement":[{"@type":"ListItem","position":1,"name":"Home","item":"https:\/\/planbet.promo\/pl\/"},{"@type":"ListItem","position":2,"name":"Bonus","item":"https:\/\/planbet.promo\/pl\/bonus\/"},{"@type":"ListItem","position":3,"name":"Bonus powitalny"}]},{"@type":"WebSite","@id":"https:\/\/planbet.promo\/pl\/#website","url":"https:\/\/planbet.promo\/pl\/","name":"Planbet Promo PL","description":"My WordPress Blog","potentialAction":[{"@type":"SearchAction","target":{"@type":"EntryPoint","urlTemplate":"https:\/\/planbet.promo\/pl\/?s={search_term_string}"},"query-input":{"@type":"PropertyValueSpecification","valueRequired":true,"valueName":"search_term_string"}}],"inLanguage":"pl-PL"}]}},"_links":{"self":[{"href":"https:\/\/planbet.promo\/pl\/wp-json\/wp\/v2\/pages\/462","targetHints":{"allow":["GET"]}}],"collection":[{"href":"https:\/\/planbet.promo\/pl\/wp-json\/wp\/v2\/pages"}],"about":[{"href":"https:\/\/planbet.promo\/pl\/wp-json\/wp\/v2\/types\/page"}],"author":[{"embeddable":true,"href":"https:\/\/planbet.promo\/pl\/wp-json\/wp\/v2\/users\/1"}],"replies":[{"embeddable":true,"href":"https:\/\/planbet.promo\/pl\/wp-json\/wp\/v2\/comments?post=462"}],"version-history":[{"count":5,"href":"https:\/\/planbet.promo\/pl\/wp-json\/wp\/v2\/pages\/462\/revisions"}],"predecessor-version":[{"id":732,"href":"https:\/\/planbet.promo\/pl\/wp-json\/wp\/v2\/pages\/462\/revisions\/732"}],"up":[{"embeddable":true,"href":"https:\/\/planbet.promo\/pl\/wp-json\/wp\/v2\/pages\/152"}],"wp:attachment":[{"href":"https:\/\/planbet.promo\/pl\/wp-json\/wp\/v2\/media?parent=462"}],"curies":[{"name":"wp","href":"https:\/\/api.w.org\/{rel}","templated":true}]}}