{"id":504,"date":"2025-05-21T13:06:32","date_gmt":"2025-05-21T13:06:32","guid":{"rendered":"https:\/\/betwinner.team\/?page_id=504"},"modified":"2025-07-14T16:23:44","modified_gmt":"2025-07-14T16:23:44","slug":"ten-deposit","status":"publish","type":"page","link":"https:\/\/planbet.promo\/pl\/bonus\/ten-deposit\/","title":{"rendered":"Dziesi\u0119\u0107 depozyt\u00f3w"},"content":{"rendered":"","protected":false},"excerpt":{"rendered":"","protected":false},"author":1,"featured_media":0,"parent":152,"menu_order":0,"comment_status":"closed","ping_status":"closed","template":"","meta":{"footnotes":""},"class_list":["post-504","page","type-page","status-publish","hentry"],"yoast_head":"<!-- This site is optimized with the Yoast SEO plugin v26.2 - https:\/\/yoast.com\/wordpress\/plugins\/seo\/ -->\n<title>Bonus od 10. depozytu w kasynie PlanBet: 50% + 100 FS<\/title>\n<meta name=\"description\" content=\"Zdob\u0105d\u017a 50% bonusu przy dziesi\u0105tym depozycie do 1.000 PLN i 100 darmowych spin\u00f3w! Wystarczy wp\u0142aci\u0107 35 PLN i prezenty s\u0105 twoje! Nie przegap swojej szansy na mega wygran\u0105, przestrzegaj prostych zasad i graj o du\u017ce pieni\u0105dze!\" \/>\n<meta name=\"robots\" content=\"index, follow, max-snippet:-1, max-image-preview:large, max-video-preview:-1\" \/>\n<meta property=\"og:locale\" content=\"pl_PL\" \/>\n<meta property=\"og:type\" content=\"article\" \/>\n<meta property=\"og:title\" content=\"Bonus od 10. depozytu w kasynie PlanBet: 50% + 100 FS\" \/>\n<meta property=\"og:description\" content=\"Zdob\u0105d\u017a 50% bonusu przy dziesi\u0105tym depozycie do 1.000 PLN i 100 darmowych spin\u00f3w! Wystarczy wp\u0142aci\u0107 35 PLN i prezenty s\u0105 twoje! Nie przegap swojej szansy na mega wygran\u0105, przestrzegaj prostych zasad i graj o du\u017ce pieni\u0105dze!\" \/>\n<meta property=\"og:url\" content=\"https:\/\/planbet.promo\/pl\/bonus\/ten-deposit\/\" \/>\n<meta property=\"og:site_name\" content=\"Planbet Promo PL\" \/>\n<meta property=\"article:modified_time\" content=\"2025-07-14T16:23:44+00:00\" \/>\n<meta name=\"twitter:card\" content=\"summary_large_image\" \/>\n<script type=\"application\/ld+json\" class=\"yoast-schema-graph\">{\"@context\":\"https:\/\/schema.org\",\"@graph\":[{\"@type\":\"WebPage\",\"@id\":\"https:\/\/planbet.promo\/pl\/bonus\/ten-deposit\/\",\"url\":\"https:\/\/planbet.promo\/pl\/bonus\/ten-deposit\/\",\"name\":\"Bonus od 10. depozytu w kasynie PlanBet: 50% + 100 FS\",\"isPartOf\":{\"@id\":\"https:\/\/planbet.promo\/pl\/#website\"},\"datePublished\":\"2025-05-21T13:06:32+00:00\",\"dateModified\":\"2025-07-14T16:23:44+00:00\",\"description\":\"Zdob\u0105d\u017a 50% bonusu przy dziesi\u0105tym depozycie do 1.000 PLN i 100 darmowych spin\u00f3w! Wystarczy wp\u0142aci\u0107 35 PLN i prezenty s\u0105 twoje! Nie przegap swojej szansy na mega wygran\u0105, przestrzegaj prostych zasad i graj o du\u017ce pieni\u0105dze!\",\"breadcrumb\":{\"@id\":\"https:\/\/planbet.promo\/pl\/bonus\/ten-deposit\/#breadcrumb\"},\"inLanguage\":\"pl-PL\",\"potentialAction\":[{\"@type\":\"ReadAction\",\"target\":[\"https:\/\/planbet.promo\/pl\/bonus\/ten-deposit\/\"]}]},{\"@type\":\"BreadcrumbList\",\"@id\":\"https:\/\/planbet.promo\/pl\/bonus\/ten-deposit\/#breadcrumb\",\"itemListElement\":[{\"@type\":\"ListItem\",\"position\":1,\"name\":\"Home\",\"item\":\"https:\/\/planbet.promo\/pl\/\"},{\"@type\":\"ListItem\",\"position\":2,\"name\":\"Bonus\",\"item\":\"https:\/\/planbet.promo\/pl\/bonus\/\"},{\"@type\":\"ListItem\",\"position\":3,\"name\":\"Dziesi\u0119\u0107 depozyt\u00f3w\"}]},{\"@type\":\"WebSite\",\"@id\":\"https:\/\/planbet.promo\/pl\/#website\",\"url\":\"https:\/\/planbet.promo\/pl\/\",\"name\":\"Planbet Promo PL\",\"description\":\"My WordPress Blog\",\"potentialAction\":[{\"@type\":\"SearchAction\",\"target\":{\"@type\":\"EntryPoint\",\"urlTemplate\":\"https:\/\/planbet.promo\/pl\/?s={search_term_string}\"},\"query-input\":{\"@type\":\"PropertyValueSpecification\",\"valueRequired\":true,\"valueName\":\"search_term_string\"}}],\"inLanguage\":\"pl-PL\"}]}<\/script>\n<!-- \/ Yoast SEO plugin. -->","yoast_head_json":{"title":"Bonus od 10. depozytu w kasynie PlanBet: 50% + 100 FS","description":"Zdob\u0105d\u017a 50% bonusu przy dziesi\u0105tym depozycie do 1.000 PLN i 100 darmowych spin\u00f3w! Wystarczy wp\u0142aci\u0107 35 PLN i prezenty s\u0105 twoje! Nie przegap swojej szansy na mega wygran\u0105, przestrzegaj prostych zasad i graj o du\u017ce pieni\u0105dze!","robots":{"index":"index","follow":"follow","max-snippet":"max-snippet:-1","max-image-preview":"max-image-preview:large","max-video-preview":"max-video-preview:-1"},"og_locale":"pl_PL","og_type":"article","og_title":"Bonus od 10. depozytu w kasynie PlanBet: 50% + 100 FS","og_description":"Zdob\u0105d\u017a 50% bonusu przy dziesi\u0105tym depozycie do 1.000 PLN i 100 darmowych spin\u00f3w! Wystarczy wp\u0142aci\u0107 35 PLN i prezenty s\u0105 twoje! Nie przegap swojej szansy na mega wygran\u0105, przestrzegaj prostych zasad i graj o du\u017ce pieni\u0105dze!","og_url":"https:\/\/planbet.promo\/pl\/bonus\/ten-deposit\/","og_site_name":"Planbet Promo PL","article_modified_time":"2025-07-14T16:23:44+00:00","twitter_card":"summary_large_image","schema":{"@context":"https:\/\/schema.org","@graph":[{"@type":"WebPage","@id":"https:\/\/planbet.promo\/pl\/bonus\/ten-deposit\/","url":"https:\/\/planbet.promo\/pl\/bonus\/ten-deposit\/","name":"Bonus od 10. depozytu w kasynie PlanBet: 50% + 100 FS","isPartOf":{"@id":"https:\/\/planbet.promo\/pl\/#website"},"datePublished":"2025-05-21T13:06:32+00:00","dateModified":"2025-07-14T16:23:44+00:00","description":"Zdob\u0105d\u017a 50% bonusu przy dziesi\u0105tym depozycie do 1.000 PLN i 100 darmowych spin\u00f3w! Wystarczy wp\u0142aci\u0107 35 PLN i prezenty s\u0105 twoje! Nie przegap swojej szansy na mega wygran\u0105, przestrzegaj prostych zasad i graj o du\u017ce pieni\u0105dze!","breadcrumb":{"@id":"https:\/\/planbet.promo\/pl\/bonus\/ten-deposit\/#breadcrumb"},"inLanguage":"pl-PL","potentialAction":[{"@type":"ReadAction","target":["https:\/\/planbet.promo\/pl\/bonus\/ten-deposit\/"]}]},{"@type":"BreadcrumbList","@id":"https:\/\/planbet.promo\/pl\/bonus\/ten-deposit\/#breadcrumb","itemListElement":[{"@type":"ListItem","position":1,"name":"Home","item":"https:\/\/planbet.promo\/pl\/"},{"@type":"ListItem","position":2,"name":"Bonus","item":"https:\/\/planbet.promo\/pl\/bonus\/"},{"@type":"ListItem","position":3,"name":"Dziesi\u0119\u0107 depozyt\u00f3w"}]},{"@type":"WebSite","@id":"https:\/\/planbet.promo\/pl\/#website","url":"https:\/\/planbet.promo\/pl\/","name":"Planbet Promo PL","description":"My WordPress Blog","potentialAction":[{"@type":"SearchAction","target":{"@type":"EntryPoint","urlTemplate":"https:\/\/planbet.promo\/pl\/?s={search_term_string}"},"query-input":{"@type":"PropertyValueSpecification","valueRequired":true,"valueName":"search_term_string"}}],"inLanguage":"pl-PL"}]}},"_links":{"self":[{"href":"https:\/\/planbet.promo\/pl\/wp-json\/wp\/v2\/pages\/504","targetHints":{"allow":["GET"]}}],"collection":[{"href":"https:\/\/planbet.promo\/pl\/wp-json\/wp\/v2\/pages"}],"about":[{"href":"https:\/\/planbet.promo\/pl\/wp-json\/wp\/v2\/types\/page"}],"author":[{"embeddable":true,"href":"https:\/\/planbet.promo\/pl\/wp-json\/wp\/v2\/users\/1"}],"replies":[{"embeddable":true,"href":"https:\/\/planbet.promo\/pl\/wp-json\/wp\/v2\/comments?post=504"}],"version-history":[{"count":4,"href":"https:\/\/planbet.promo\/pl\/wp-json\/wp\/v2\/pages\/504\/revisions"}],"predecessor-version":[{"id":730,"href":"https:\/\/planbet.promo\/pl\/wp-json\/wp\/v2\/pages\/504\/revisions\/730"}],"up":[{"embeddable":true,"href":"https:\/\/planbet.promo\/pl\/wp-json\/wp\/v2\/pages\/152"}],"wp:attachment":[{"href":"https:\/\/planbet.promo\/pl\/wp-json\/wp\/v2\/media?parent=504"}],"curies":[{"name":"wp","href":"https:\/\/api.w.org\/{rel}","templated":true}]}}