{"id":510,"date":"2025-05-21T13:31:40","date_gmt":"2025-05-21T13:31:40","guid":{"rendered":"https:\/\/betwinner.team\/?page_id=510"},"modified":"2025-07-26T06:44:03","modified_gmt":"2025-07-26T06:44:03","slug":"big-match","status":"publish","type":"page","link":"https:\/\/planbet.promo\/pl\/bonus\/big-match\/","title":{"rendered":"Wielki mecz"},"content":{"rendered":"","protected":false},"excerpt":{"rendered":"","protected":false},"author":1,"featured_media":0,"parent":152,"menu_order":0,"comment_status":"closed","ping_status":"closed","template":"","meta":{"footnotes":""},"class_list":["post-510","page","type-page","status-publish","hentry"],"yoast_head":"<!-- This site is optimized with the Yoast SEO plugin v26.2 - https:\/\/yoast.com\/wordpress\/plugins\/seo\/ -->\n<title>PlanBet Wielki mecz \u1409 Uzyskaj zwrot 35 PLN<\/title>\n<meta name=\"description\" content=\"Obstawiaj bez obaw! We\u017a udzia\u0142 w promocji PlanBet Big Match i otrzymaj do 35 PLN zwrotu, nawet je\u015bli Twoje przewidywania si\u0119 nie sprawdz\u0105. Bezpieczna gra jest prawdziwa!\" \/>\n<meta name=\"robots\" content=\"index, follow, max-snippet:-1, max-image-preview:large, max-video-preview:-1\" \/>\n<meta property=\"og:locale\" content=\"pl_PL\" \/>\n<meta property=\"og:type\" content=\"article\" \/>\n<meta property=\"og:title\" content=\"PlanBet Wielki mecz \u1409 Uzyskaj zwrot 35 PLN\" \/>\n<meta property=\"og:description\" content=\"Obstawiaj bez obaw! We\u017a udzia\u0142 w promocji PlanBet Big Match i otrzymaj do 35 PLN zwrotu, nawet je\u015bli Twoje przewidywania si\u0119 nie sprawdz\u0105. Bezpieczna gra jest prawdziwa!\" \/>\n<meta property=\"og:url\" content=\"https:\/\/planbet.promo\/pl\/bonus\/big-match\/\" \/>\n<meta property=\"og:site_name\" content=\"Planbet Promo PL\" \/>\n<meta property=\"article:modified_time\" content=\"2025-07-26T06:44:03+00:00\" \/>\n<meta name=\"twitter:card\" content=\"summary_large_image\" \/>\n<script type=\"application\/ld+json\" class=\"yoast-schema-graph\">{\"@context\":\"https:\/\/schema.org\",\"@graph\":[{\"@type\":\"WebPage\",\"@id\":\"https:\/\/planbet.promo\/pl\/bonus\/big-match\/\",\"url\":\"https:\/\/planbet.promo\/pl\/bonus\/big-match\/\",\"name\":\"PlanBet Wielki mecz \u1409 Uzyskaj zwrot 35 PLN\",\"isPartOf\":{\"@id\":\"https:\/\/planbet.promo\/pl\/#website\"},\"datePublished\":\"2025-05-21T13:31:40+00:00\",\"dateModified\":\"2025-07-26T06:44:03+00:00\",\"description\":\"Obstawiaj bez obaw! We\u017a udzia\u0142 w promocji PlanBet Big Match i otrzymaj do 35 PLN zwrotu, nawet je\u015bli Twoje przewidywania si\u0119 nie sprawdz\u0105. Bezpieczna gra jest prawdziwa!\",\"breadcrumb\":{\"@id\":\"https:\/\/planbet.promo\/pl\/bonus\/big-match\/#breadcrumb\"},\"inLanguage\":\"pl-PL\",\"potentialAction\":[{\"@type\":\"ReadAction\",\"target\":[\"https:\/\/planbet.promo\/pl\/bonus\/big-match\/\"]}]},{\"@type\":\"BreadcrumbList\",\"@id\":\"https:\/\/planbet.promo\/pl\/bonus\/big-match\/#breadcrumb\",\"itemListElement\":[{\"@type\":\"ListItem\",\"position\":1,\"name\":\"Home\",\"item\":\"https:\/\/planbet.promo\/pl\/\"},{\"@type\":\"ListItem\",\"position\":2,\"name\":\"Bonus\",\"item\":\"https:\/\/planbet.promo\/pl\/bonus\/\"},{\"@type\":\"ListItem\",\"position\":3,\"name\":\"Wielki mecz\"}]},{\"@type\":\"WebSite\",\"@id\":\"https:\/\/planbet.promo\/pl\/#website\",\"url\":\"https:\/\/planbet.promo\/pl\/\",\"name\":\"Planbet Promo PL\",\"description\":\"My WordPress Blog\",\"potentialAction\":[{\"@type\":\"SearchAction\",\"target\":{\"@type\":\"EntryPoint\",\"urlTemplate\":\"https:\/\/planbet.promo\/pl\/?s={search_term_string}\"},\"query-input\":{\"@type\":\"PropertyValueSpecification\",\"valueRequired\":true,\"valueName\":\"search_term_string\"}}],\"inLanguage\":\"pl-PL\"}]}<\/script>\n<!-- \/ Yoast SEO plugin. -->","yoast_head_json":{"title":"PlanBet Wielki mecz \u1409 Uzyskaj zwrot 35 PLN","description":"Obstawiaj bez obaw! We\u017a udzia\u0142 w promocji PlanBet Big Match i otrzymaj do 35 PLN zwrotu, nawet je\u015bli Twoje przewidywania si\u0119 nie sprawdz\u0105. Bezpieczna gra jest prawdziwa!","robots":{"index":"index","follow":"follow","max-snippet":"max-snippet:-1","max-image-preview":"max-image-preview:large","max-video-preview":"max-video-preview:-1"},"og_locale":"pl_PL","og_type":"article","og_title":"PlanBet Wielki mecz \u1409 Uzyskaj zwrot 35 PLN","og_description":"Obstawiaj bez obaw! We\u017a udzia\u0142 w promocji PlanBet Big Match i otrzymaj do 35 PLN zwrotu, nawet je\u015bli Twoje przewidywania si\u0119 nie sprawdz\u0105. Bezpieczna gra jest prawdziwa!","og_url":"https:\/\/planbet.promo\/pl\/bonus\/big-match\/","og_site_name":"Planbet Promo PL","article_modified_time":"2025-07-26T06:44:03+00:00","twitter_card":"summary_large_image","schema":{"@context":"https:\/\/schema.org","@graph":[{"@type":"WebPage","@id":"https:\/\/planbet.promo\/pl\/bonus\/big-match\/","url":"https:\/\/planbet.promo\/pl\/bonus\/big-match\/","name":"PlanBet Wielki mecz \u1409 Uzyskaj zwrot 35 PLN","isPartOf":{"@id":"https:\/\/planbet.promo\/pl\/#website"},"datePublished":"2025-05-21T13:31:40+00:00","dateModified":"2025-07-26T06:44:03+00:00","description":"Obstawiaj bez obaw! We\u017a udzia\u0142 w promocji PlanBet Big Match i otrzymaj do 35 PLN zwrotu, nawet je\u015bli Twoje przewidywania si\u0119 nie sprawdz\u0105. Bezpieczna gra jest prawdziwa!","breadcrumb":{"@id":"https:\/\/planbet.promo\/pl\/bonus\/big-match\/#breadcrumb"},"inLanguage":"pl-PL","potentialAction":[{"@type":"ReadAction","target":["https:\/\/planbet.promo\/pl\/bonus\/big-match\/"]}]},{"@type":"BreadcrumbList","@id":"https:\/\/planbet.promo\/pl\/bonus\/big-match\/#breadcrumb","itemListElement":[{"@type":"ListItem","position":1,"name":"Home","item":"https:\/\/planbet.promo\/pl\/"},{"@type":"ListItem","position":2,"name":"Bonus","item":"https:\/\/planbet.promo\/pl\/bonus\/"},{"@type":"ListItem","position":3,"name":"Wielki mecz"}]},{"@type":"WebSite","@id":"https:\/\/planbet.promo\/pl\/#website","url":"https:\/\/planbet.promo\/pl\/","name":"Planbet Promo PL","description":"My WordPress Blog","potentialAction":[{"@type":"SearchAction","target":{"@type":"EntryPoint","urlTemplate":"https:\/\/planbet.promo\/pl\/?s={search_term_string}"},"query-input":{"@type":"PropertyValueSpecification","valueRequired":true,"valueName":"search_term_string"}}],"inLanguage":"pl-PL"}]}},"_links":{"self":[{"href":"https:\/\/planbet.promo\/pl\/wp-json\/wp\/v2\/pages\/510","targetHints":{"allow":["GET"]}}],"collection":[{"href":"https:\/\/planbet.promo\/pl\/wp-json\/wp\/v2\/pages"}],"about":[{"href":"https:\/\/planbet.promo\/pl\/wp-json\/wp\/v2\/types\/page"}],"author":[{"embeddable":true,"href":"https:\/\/planbet.promo\/pl\/wp-json\/wp\/v2\/users\/1"}],"replies":[{"embeddable":true,"href":"https:\/\/planbet.promo\/pl\/wp-json\/wp\/v2\/comments?post=510"}],"version-history":[{"count":5,"href":"https:\/\/planbet.promo\/pl\/wp-json\/wp\/v2\/pages\/510\/revisions"}],"predecessor-version":[{"id":726,"href":"https:\/\/planbet.promo\/pl\/wp-json\/wp\/v2\/pages\/510\/revisions\/726"}],"up":[{"embeddable":true,"href":"https:\/\/planbet.promo\/pl\/wp-json\/wp\/v2\/pages\/152"}],"wp:attachment":[{"href":"https:\/\/planbet.promo\/pl\/wp-json\/wp\/v2\/media?parent=510"}],"curies":[{"name":"wp","href":"https:\/\/api.w.org\/{rel}","templated":true}]}}