{"id":285,"date":"2024-05-28T12:38:21","date_gmt":"2024-05-28T12:38:21","guid":{"rendered":"https:\/\/betwinner.team\/?page_id=285"},"modified":"2025-08-07T18:06:04","modified_gmt":"2025-08-07T18:06:04","slug":"app","status":"publish","type":"page","link":"https:\/\/planbet.promo\/pt\/app\/","title":{"rendered":"Aplica\u00e7\u00e3o"},"content":{"rendered":"","protected":false},"excerpt":{"rendered":"","protected":false},"author":1,"featured_media":0,"parent":0,"menu_order":0,"comment_status":"closed","ping_status":"closed","template":"","meta":{"footnotes":""},"class_list":["post-285","page","type-page","status-publish","hentry"],"yoast_head":"<!-- This site is optimized with the Yoast SEO plugin v26.2 - https:\/\/yoast.com\/wordpress\/plugins\/seo\/ -->\n<title>PlanBet Mobile para Android ou iOS \u2705 Descarregar a aplica\u00e7\u00e3o<\/title>\n<meta name=\"description\" content=\"Baixe o PlanBet App para o seu dispositivo m\u00f3vel e comece suas apostas com o PlanBet! A vers\u00e3o m\u00f3vel do PlanBet oferece a mais ampla variedade de jogos e op\u00e7\u00f5es de apostas desportivas\" \/>\n<meta name=\"robots\" content=\"index, follow, max-snippet:-1, max-image-preview:large, max-video-preview:-1\" \/>\n<meta property=\"og:locale\" content=\"pt_PT\" \/>\n<meta property=\"og:type\" content=\"article\" \/>\n<meta property=\"og:title\" content=\"PlanBet Mobile para Android ou iOS \u2705 Descarregar a aplica\u00e7\u00e3o\" \/>\n<meta property=\"og:description\" content=\"Baixe o PlanBet App para o seu dispositivo m\u00f3vel e comece suas apostas com o PlanBet! A vers\u00e3o m\u00f3vel do PlanBet oferece a mais ampla variedade de jogos e op\u00e7\u00f5es de apostas desportivas\" \/>\n<meta property=\"og:url\" content=\"https:\/\/planbet.promo\/pt\/app\/\" \/>\n<meta property=\"og:site_name\" content=\"Planbet Promo PT\" \/>\n<meta property=\"article:modified_time\" content=\"2025-08-07T18:06:04+00:00\" \/>\n<meta name=\"twitter:card\" content=\"summary_large_image\" \/>\n<script type=\"application\/ld+json\" class=\"yoast-schema-graph\">{\"@context\":\"https:\/\/schema.org\",\"@graph\":[{\"@type\":\"WebPage\",\"@id\":\"https:\/\/planbet.promo\/pt\/app\/\",\"url\":\"https:\/\/planbet.promo\/pt\/app\/\",\"name\":\"PlanBet Mobile para Android ou iOS \u2705 Descarregar a aplica\u00e7\u00e3o\",\"isPartOf\":{\"@id\":\"https:\/\/planbet.promo\/pt\/#website\"},\"datePublished\":\"2024-05-28T12:38:21+00:00\",\"dateModified\":\"2025-08-07T18:06:04+00:00\",\"description\":\"Baixe o PlanBet App para o seu dispositivo m\u00f3vel e comece suas apostas com o PlanBet! A vers\u00e3o m\u00f3vel do PlanBet oferece a mais ampla variedade de jogos e op\u00e7\u00f5es de apostas desportivas\",\"breadcrumb\":{\"@id\":\"https:\/\/planbet.promo\/pt\/app\/#breadcrumb\"},\"inLanguage\":\"pt-PT\",\"potentialAction\":[{\"@type\":\"ReadAction\",\"target\":[\"https:\/\/planbet.promo\/pt\/app\/\"]}]},{\"@type\":\"BreadcrumbList\",\"@id\":\"https:\/\/planbet.promo\/pt\/app\/#breadcrumb\",\"itemListElement\":[{\"@type\":\"ListItem\",\"position\":1,\"name\":\"Home\",\"item\":\"https:\/\/planbet.promo\/pt\/\"},{\"@type\":\"ListItem\",\"position\":2,\"name\":\"Aplica\u00e7\u00e3o\"}]},{\"@type\":\"WebSite\",\"@id\":\"https:\/\/planbet.promo\/pt\/#website\",\"url\":\"https:\/\/planbet.promo\/pt\/\",\"name\":\"Planbet Promo PT\",\"description\":\"My WordPress Blog\",\"potentialAction\":[{\"@type\":\"SearchAction\",\"target\":{\"@type\":\"EntryPoint\",\"urlTemplate\":\"https:\/\/planbet.promo\/pt\/?s={search_term_string}\"},\"query-input\":{\"@type\":\"PropertyValueSpecification\",\"valueRequired\":true,\"valueName\":\"search_term_string\"}}],\"inLanguage\":\"pt-PT\"}]}<\/script>\n<!-- \/ Yoast SEO plugin. -->","yoast_head_json":{"title":"PlanBet Mobile para Android ou iOS \u2705 Descarregar a aplica\u00e7\u00e3o","description":"Baixe o PlanBet App para o seu dispositivo m\u00f3vel e comece suas apostas com o PlanBet! A vers\u00e3o m\u00f3vel do PlanBet oferece a mais ampla variedade de jogos e op\u00e7\u00f5es de apostas desportivas","robots":{"index":"index","follow":"follow","max-snippet":"max-snippet:-1","max-image-preview":"max-image-preview:large","max-video-preview":"max-video-preview:-1"},"og_locale":"pt_PT","og_type":"article","og_title":"PlanBet Mobile para Android ou iOS \u2705 Descarregar a aplica\u00e7\u00e3o","og_description":"Baixe o PlanBet App para o seu dispositivo m\u00f3vel e comece suas apostas com o PlanBet! A vers\u00e3o m\u00f3vel do PlanBet oferece a mais ampla variedade de jogos e op\u00e7\u00f5es de apostas desportivas","og_url":"https:\/\/planbet.promo\/pt\/app\/","og_site_name":"Planbet Promo PT","article_modified_time":"2025-08-07T18:06:04+00:00","twitter_card":"summary_large_image","schema":{"@context":"https:\/\/schema.org","@graph":[{"@type":"WebPage","@id":"https:\/\/planbet.promo\/pt\/app\/","url":"https:\/\/planbet.promo\/pt\/app\/","name":"PlanBet Mobile para Android ou iOS \u2705 Descarregar a aplica\u00e7\u00e3o","isPartOf":{"@id":"https:\/\/planbet.promo\/pt\/#website"},"datePublished":"2024-05-28T12:38:21+00:00","dateModified":"2025-08-07T18:06:04+00:00","description":"Baixe o PlanBet App para o seu dispositivo m\u00f3vel e comece suas apostas com o PlanBet! A vers\u00e3o m\u00f3vel do PlanBet oferece a mais ampla variedade de jogos e op\u00e7\u00f5es de apostas desportivas","breadcrumb":{"@id":"https:\/\/planbet.promo\/pt\/app\/#breadcrumb"},"inLanguage":"pt-PT","potentialAction":[{"@type":"ReadAction","target":["https:\/\/planbet.promo\/pt\/app\/"]}]},{"@type":"BreadcrumbList","@id":"https:\/\/planbet.promo\/pt\/app\/#breadcrumb","itemListElement":[{"@type":"ListItem","position":1,"name":"Home","item":"https:\/\/planbet.promo\/pt\/"},{"@type":"ListItem","position":2,"name":"Aplica\u00e7\u00e3o"}]},{"@type":"WebSite","@id":"https:\/\/planbet.promo\/pt\/#website","url":"https:\/\/planbet.promo\/pt\/","name":"Planbet Promo PT","description":"My WordPress Blog","potentialAction":[{"@type":"SearchAction","target":{"@type":"EntryPoint","urlTemplate":"https:\/\/planbet.promo\/pt\/?s={search_term_string}"},"query-input":{"@type":"PropertyValueSpecification","valueRequired":true,"valueName":"search_term_string"}}],"inLanguage":"pt-PT"}]}},"_links":{"self":[{"href":"https:\/\/planbet.promo\/pt\/wp-json\/wp\/v2\/pages\/285","targetHints":{"allow":["GET"]}}],"collection":[{"href":"https:\/\/planbet.promo\/pt\/wp-json\/wp\/v2\/pages"}],"about":[{"href":"https:\/\/planbet.promo\/pt\/wp-json\/wp\/v2\/types\/page"}],"author":[{"embeddable":true,"href":"https:\/\/planbet.promo\/pt\/wp-json\/wp\/v2\/users\/1"}],"replies":[{"embeddable":true,"href":"https:\/\/planbet.promo\/pt\/wp-json\/wp\/v2\/comments?post=285"}],"version-history":[{"count":5,"href":"https:\/\/planbet.promo\/pt\/wp-json\/wp\/v2\/pages\/285\/revisions"}],"predecessor-version":[{"id":740,"href":"https:\/\/planbet.promo\/pt\/wp-json\/wp\/v2\/pages\/285\/revisions\/740"}],"wp:attachment":[{"href":"https:\/\/planbet.promo\/pt\/wp-json\/wp\/v2\/media?parent=285"}],"curies":[{"name":"wp","href":"https:\/\/api.w.org\/{rel}","templated":true}]}}