{"id":504,"date":"2025-05-21T13:06:32","date_gmt":"2025-05-21T13:06:32","guid":{"rendered":"https:\/\/betwinner.team\/?page_id=504"},"modified":"2025-08-07T18:02:23","modified_gmt":"2025-08-07T18:02:23","slug":"ten-deposit","status":"publish","type":"page","link":"https:\/\/planbet.promo\/pt\/bonus\/ten-deposit\/","title":{"rendered":"Dez Dep\u00f3sito"},"content":{"rendered":"","protected":false},"excerpt":{"rendered":"","protected":false},"author":1,"featured_media":0,"parent":152,"menu_order":0,"comment_status":"closed","ping_status":"closed","template":"","meta":{"footnotes":""},"class_list":["post-504","page","type-page","status-publish","hentry"],"yoast_head":"<!-- This site is optimized with the Yoast SEO plugin v26.2 - https:\/\/yoast.com\/wordpress\/plugins\/seo\/ -->\n<title>B\u00f3nus no 10\u00ba dep\u00f3sito no PlanBet Casino: 50% + 100 FS<\/title>\n<meta name=\"description\" content=\"Receba um b\u00f3nus de 50% no seu d\u00e9cimo dep\u00f3sito at\u00e9 300 EUR e 100 freespins! Basta depositar 10 EUR e os presentes s\u00e3o seus! N\u00e3o perca a sua oportunidade de ganhar muito dinheiro, siga as regras simples e jogue em grande!\" \/>\n<meta name=\"robots\" content=\"index, follow, max-snippet:-1, max-image-preview:large, max-video-preview:-1\" \/>\n<meta property=\"og:locale\" content=\"pt_PT\" \/>\n<meta property=\"og:type\" content=\"article\" \/>\n<meta property=\"og:title\" content=\"B\u00f3nus no 10\u00ba dep\u00f3sito no PlanBet Casino: 50% + 100 FS\" \/>\n<meta property=\"og:description\" content=\"Receba um b\u00f3nus de 50% no seu d\u00e9cimo dep\u00f3sito at\u00e9 300 EUR e 100 freespins! Basta depositar 10 EUR e os presentes s\u00e3o seus! N\u00e3o perca a sua oportunidade de ganhar muito dinheiro, siga as regras simples e jogue em grande!\" \/>\n<meta property=\"og:url\" content=\"https:\/\/planbet.promo\/pt\/bonus\/ten-deposit\/\" \/>\n<meta property=\"og:site_name\" content=\"Planbet Promo PT\" \/>\n<meta property=\"article:modified_time\" content=\"2025-08-07T18:02:23+00:00\" \/>\n<meta name=\"twitter:card\" content=\"summary_large_image\" \/>\n<script type=\"application\/ld+json\" class=\"yoast-schema-graph\">{\"@context\":\"https:\/\/schema.org\",\"@graph\":[{\"@type\":\"WebPage\",\"@id\":\"https:\/\/planbet.promo\/pt\/bonus\/ten-deposit\/\",\"url\":\"https:\/\/planbet.promo\/pt\/bonus\/ten-deposit\/\",\"name\":\"B\u00f3nus no 10\u00ba dep\u00f3sito no PlanBet Casino: 50% + 100 FS\",\"isPartOf\":{\"@id\":\"https:\/\/planbet.promo\/pt\/#website\"},\"datePublished\":\"2025-05-21T13:06:32+00:00\",\"dateModified\":\"2025-08-07T18:02:23+00:00\",\"description\":\"Receba um b\u00f3nus de 50% no seu d\u00e9cimo dep\u00f3sito at\u00e9 300 EUR e 100 freespins! Basta depositar 10 EUR e os presentes s\u00e3o seus! N\u00e3o perca a sua oportunidade de ganhar muito dinheiro, siga as regras simples e jogue em grande!\",\"breadcrumb\":{\"@id\":\"https:\/\/planbet.promo\/pt\/bonus\/ten-deposit\/#breadcrumb\"},\"inLanguage\":\"pt-PT\",\"potentialAction\":[{\"@type\":\"ReadAction\",\"target\":[\"https:\/\/planbet.promo\/pt\/bonus\/ten-deposit\/\"]}]},{\"@type\":\"BreadcrumbList\",\"@id\":\"https:\/\/planbet.promo\/pt\/bonus\/ten-deposit\/#breadcrumb\",\"itemListElement\":[{\"@type\":\"ListItem\",\"position\":1,\"name\":\"Home\",\"item\":\"https:\/\/planbet.promo\/pt\/\"},{\"@type\":\"ListItem\",\"position\":2,\"name\":\"B\u00f3nus\",\"item\":\"https:\/\/planbet.promo\/pt\/bonus\/\"},{\"@type\":\"ListItem\",\"position\":3,\"name\":\"Dez Dep\u00f3sito\"}]},{\"@type\":\"WebSite\",\"@id\":\"https:\/\/planbet.promo\/pt\/#website\",\"url\":\"https:\/\/planbet.promo\/pt\/\",\"name\":\"Planbet Promo PT\",\"description\":\"My WordPress Blog\",\"potentialAction\":[{\"@type\":\"SearchAction\",\"target\":{\"@type\":\"EntryPoint\",\"urlTemplate\":\"https:\/\/planbet.promo\/pt\/?s={search_term_string}\"},\"query-input\":{\"@type\":\"PropertyValueSpecification\",\"valueRequired\":true,\"valueName\":\"search_term_string\"}}],\"inLanguage\":\"pt-PT\"}]}<\/script>\n<!-- \/ Yoast SEO plugin. -->","yoast_head_json":{"title":"B\u00f3nus no 10\u00ba dep\u00f3sito no PlanBet Casino: 50% + 100 FS","description":"Receba um b\u00f3nus de 50% no seu d\u00e9cimo dep\u00f3sito at\u00e9 300 EUR e 100 freespins! Basta depositar 10 EUR e os presentes s\u00e3o seus! N\u00e3o perca a sua oportunidade de ganhar muito dinheiro, siga as regras simples e jogue em grande!","robots":{"index":"index","follow":"follow","max-snippet":"max-snippet:-1","max-image-preview":"max-image-preview:large","max-video-preview":"max-video-preview:-1"},"og_locale":"pt_PT","og_type":"article","og_title":"B\u00f3nus no 10\u00ba dep\u00f3sito no PlanBet Casino: 50% + 100 FS","og_description":"Receba um b\u00f3nus de 50% no seu d\u00e9cimo dep\u00f3sito at\u00e9 300 EUR e 100 freespins! Basta depositar 10 EUR e os presentes s\u00e3o seus! N\u00e3o perca a sua oportunidade de ganhar muito dinheiro, siga as regras simples e jogue em grande!","og_url":"https:\/\/planbet.promo\/pt\/bonus\/ten-deposit\/","og_site_name":"Planbet Promo PT","article_modified_time":"2025-08-07T18:02:23+00:00","twitter_card":"summary_large_image","schema":{"@context":"https:\/\/schema.org","@graph":[{"@type":"WebPage","@id":"https:\/\/planbet.promo\/pt\/bonus\/ten-deposit\/","url":"https:\/\/planbet.promo\/pt\/bonus\/ten-deposit\/","name":"B\u00f3nus no 10\u00ba dep\u00f3sito no PlanBet Casino: 50% + 100 FS","isPartOf":{"@id":"https:\/\/planbet.promo\/pt\/#website"},"datePublished":"2025-05-21T13:06:32+00:00","dateModified":"2025-08-07T18:02:23+00:00","description":"Receba um b\u00f3nus de 50% no seu d\u00e9cimo dep\u00f3sito at\u00e9 300 EUR e 100 freespins! Basta depositar 10 EUR e os presentes s\u00e3o seus! N\u00e3o perca a sua oportunidade de ganhar muito dinheiro, siga as regras simples e jogue em grande!","breadcrumb":{"@id":"https:\/\/planbet.promo\/pt\/bonus\/ten-deposit\/#breadcrumb"},"inLanguage":"pt-PT","potentialAction":[{"@type":"ReadAction","target":["https:\/\/planbet.promo\/pt\/bonus\/ten-deposit\/"]}]},{"@type":"BreadcrumbList","@id":"https:\/\/planbet.promo\/pt\/bonus\/ten-deposit\/#breadcrumb","itemListElement":[{"@type":"ListItem","position":1,"name":"Home","item":"https:\/\/planbet.promo\/pt\/"},{"@type":"ListItem","position":2,"name":"B\u00f3nus","item":"https:\/\/planbet.promo\/pt\/bonus\/"},{"@type":"ListItem","position":3,"name":"Dez Dep\u00f3sito"}]},{"@type":"WebSite","@id":"https:\/\/planbet.promo\/pt\/#website","url":"https:\/\/planbet.promo\/pt\/","name":"Planbet Promo PT","description":"My WordPress Blog","potentialAction":[{"@type":"SearchAction","target":{"@type":"EntryPoint","urlTemplate":"https:\/\/planbet.promo\/pt\/?s={search_term_string}"},"query-input":{"@type":"PropertyValueSpecification","valueRequired":true,"valueName":"search_term_string"}}],"inLanguage":"pt-PT"}]}},"_links":{"self":[{"href":"https:\/\/planbet.promo\/pt\/wp-json\/wp\/v2\/pages\/504","targetHints":{"allow":["GET"]}}],"collection":[{"href":"https:\/\/planbet.promo\/pt\/wp-json\/wp\/v2\/pages"}],"about":[{"href":"https:\/\/planbet.promo\/pt\/wp-json\/wp\/v2\/types\/page"}],"author":[{"embeddable":true,"href":"https:\/\/planbet.promo\/pt\/wp-json\/wp\/v2\/users\/1"}],"replies":[{"embeddable":true,"href":"https:\/\/planbet.promo\/pt\/wp-json\/wp\/v2\/comments?post=504"}],"version-history":[{"count":5,"href":"https:\/\/planbet.promo\/pt\/wp-json\/wp\/v2\/pages\/504\/revisions"}],"predecessor-version":[{"id":764,"href":"https:\/\/planbet.promo\/pt\/wp-json\/wp\/v2\/pages\/504\/revisions\/764"}],"up":[{"embeddable":true,"href":"https:\/\/planbet.promo\/pt\/wp-json\/wp\/v2\/pages\/152"}],"wp:attachment":[{"href":"https:\/\/planbet.promo\/pt\/wp-json\/wp\/v2\/media?parent=504"}],"curies":[{"name":"wp","href":"https:\/\/api.w.org\/{rel}","templated":true}]}}