{"id":462,"date":"2025-05-21T08:41:58","date_gmt":"2025-05-21T08:41:58","guid":{"rendered":"https:\/\/betwinner.team\/?page_id=462"},"modified":"2025-08-15T18:24:53","modified_gmt":"2025-08-15T18:24:53","slug":"first-deposit","status":"publish","type":"page","link":"https:\/\/planbet.promo\/ro\/bonus\/first-deposit\/","title":{"rendered":"Bonus de bun venit"},"content":{"rendered":"","protected":false},"excerpt":{"rendered":"","protected":false},"author":1,"featured_media":0,"parent":152,"menu_order":0,"comment_status":"closed","ping_status":"closed","template":"","meta":{"footnotes":""},"class_list":["post-462","page","type-page","status-publish","hentry"],"yoast_head":"<!-- This site is optimized with the Yoast SEO plugin v26.2 - https:\/\/yoast.com\/wordpress\/plugins\/seo\/ -->\n<title>Bonus de 100% la prima depunere la PlanBet \u1409 P\u00e2n\u0103 la 550 RON!<\/title>\n<meta name=\"description\" content=\"\u00censcrie-te la PlanBet \u0219i prime\u0219ti un bonus de 100% la prima ta depunere, p\u00e2n\u0103 la 500 RON! Dubleaz\u0103-\u021bi soldul \u0219i \u00eencearc\u0103-\u021bi norocul! Nu rata \u0219ansa de a beneficia de o ofert\u0103 avantajoas\u0103 - \u00eencepe s\u0103 c\u00e2\u0219tigi \u00eenc\u0103 de la prima ta depunere!\" \/>\n<meta name=\"robots\" content=\"index, follow, max-snippet:-1, max-image-preview:large, max-video-preview:-1\" \/>\n<meta property=\"og:locale\" content=\"ro_RO\" \/>\n<meta property=\"og:type\" content=\"article\" \/>\n<meta property=\"og:title\" content=\"Bonus de 100% la prima depunere la PlanBet \u1409 P\u00e2n\u0103 la 550 RON!\" \/>\n<meta property=\"og:description\" content=\"\u00censcrie-te la PlanBet \u0219i prime\u0219ti un bonus de 100% la prima ta depunere, p\u00e2n\u0103 la 500 RON! Dubleaz\u0103-\u021bi soldul \u0219i \u00eencearc\u0103-\u021bi norocul! Nu rata \u0219ansa de a beneficia de o ofert\u0103 avantajoas\u0103 - \u00eencepe s\u0103 c\u00e2\u0219tigi \u00eenc\u0103 de la prima ta depunere!\" \/>\n<meta property=\"og:url\" content=\"https:\/\/planbet.promo\/ro\/bonus\/first-deposit\/\" \/>\n<meta property=\"og:site_name\" content=\"Planbet Promo RO\" \/>\n<meta property=\"article:modified_time\" content=\"2025-08-15T18:24:53+00:00\" \/>\n<meta name=\"twitter:card\" content=\"summary_large_image\" \/>\n<script type=\"application\/ld+json\" class=\"yoast-schema-graph\">{\"@context\":\"https:\/\/schema.org\",\"@graph\":[{\"@type\":\"WebPage\",\"@id\":\"https:\/\/planbet.promo\/ro\/bonus\/first-deposit\/\",\"url\":\"https:\/\/planbet.promo\/ro\/bonus\/first-deposit\/\",\"name\":\"Bonus de 100% la prima depunere la PlanBet \u1409 P\u00e2n\u0103 la 550 RON!\",\"isPartOf\":{\"@id\":\"https:\/\/planbet.promo\/ro\/#website\"},\"datePublished\":\"2025-05-21T08:41:58+00:00\",\"dateModified\":\"2025-08-15T18:24:53+00:00\",\"description\":\"\u00censcrie-te la PlanBet \u0219i prime\u0219ti un bonus de 100% la prima ta depunere, p\u00e2n\u0103 la 500 RON! Dubleaz\u0103-\u021bi soldul \u0219i \u00eencearc\u0103-\u021bi norocul! Nu rata \u0219ansa de a beneficia de o ofert\u0103 avantajoas\u0103 - \u00eencepe s\u0103 c\u00e2\u0219tigi \u00eenc\u0103 de la prima ta depunere!\",\"breadcrumb\":{\"@id\":\"https:\/\/planbet.promo\/ro\/bonus\/first-deposit\/#breadcrumb\"},\"inLanguage\":\"ro-RO\",\"potentialAction\":[{\"@type\":\"ReadAction\",\"target\":[\"https:\/\/planbet.promo\/ro\/bonus\/first-deposit\/\"]}]},{\"@type\":\"BreadcrumbList\",\"@id\":\"https:\/\/planbet.promo\/ro\/bonus\/first-deposit\/#breadcrumb\",\"itemListElement\":[{\"@type\":\"ListItem\",\"position\":1,\"name\":\"Home\",\"item\":\"https:\/\/planbet.promo\/ro\/\"},{\"@type\":\"ListItem\",\"position\":2,\"name\":\"Bonus\",\"item\":\"https:\/\/planbet.promo\/ro\/bonus\/\"},{\"@type\":\"ListItem\",\"position\":3,\"name\":\"Bonus de bun venit\"}]},{\"@type\":\"WebSite\",\"@id\":\"https:\/\/planbet.promo\/ro\/#website\",\"url\":\"https:\/\/planbet.promo\/ro\/\",\"name\":\"Planbet Promo RO\",\"description\":\"My WordPress Blog\",\"potentialAction\":[{\"@type\":\"SearchAction\",\"target\":{\"@type\":\"EntryPoint\",\"urlTemplate\":\"https:\/\/planbet.promo\/ro\/?s={search_term_string}\"},\"query-input\":{\"@type\":\"PropertyValueSpecification\",\"valueRequired\":true,\"valueName\":\"search_term_string\"}}],\"inLanguage\":\"ro-RO\"}]}<\/script>\n<!-- \/ Yoast SEO plugin. -->","yoast_head_json":{"title":"Bonus de 100% la prima depunere la PlanBet \u1409 P\u00e2n\u0103 la 550 RON!","description":"\u00censcrie-te la PlanBet \u0219i prime\u0219ti un bonus de 100% la prima ta depunere, p\u00e2n\u0103 la 500 RON! Dubleaz\u0103-\u021bi soldul \u0219i \u00eencearc\u0103-\u021bi norocul! Nu rata \u0219ansa de a beneficia de o ofert\u0103 avantajoas\u0103 - \u00eencepe s\u0103 c\u00e2\u0219tigi \u00eenc\u0103 de la prima ta depunere!","robots":{"index":"index","follow":"follow","max-snippet":"max-snippet:-1","max-image-preview":"max-image-preview:large","max-video-preview":"max-video-preview:-1"},"og_locale":"ro_RO","og_type":"article","og_title":"Bonus de 100% la prima depunere la PlanBet \u1409 P\u00e2n\u0103 la 550 RON!","og_description":"\u00censcrie-te la PlanBet \u0219i prime\u0219ti un bonus de 100% la prima ta depunere, p\u00e2n\u0103 la 500 RON! Dubleaz\u0103-\u021bi soldul \u0219i \u00eencearc\u0103-\u021bi norocul! Nu rata \u0219ansa de a beneficia de o ofert\u0103 avantajoas\u0103 - \u00eencepe s\u0103 c\u00e2\u0219tigi \u00eenc\u0103 de la prima ta depunere!","og_url":"https:\/\/planbet.promo\/ro\/bonus\/first-deposit\/","og_site_name":"Planbet Promo RO","article_modified_time":"2025-08-15T18:24:53+00:00","twitter_card":"summary_large_image","schema":{"@context":"https:\/\/schema.org","@graph":[{"@type":"WebPage","@id":"https:\/\/planbet.promo\/ro\/bonus\/first-deposit\/","url":"https:\/\/planbet.promo\/ro\/bonus\/first-deposit\/","name":"Bonus de 100% la prima depunere la PlanBet \u1409 P\u00e2n\u0103 la 550 RON!","isPartOf":{"@id":"https:\/\/planbet.promo\/ro\/#website"},"datePublished":"2025-05-21T08:41:58+00:00","dateModified":"2025-08-15T18:24:53+00:00","description":"\u00censcrie-te la PlanBet \u0219i prime\u0219ti un bonus de 100% la prima ta depunere, p\u00e2n\u0103 la 500 RON! Dubleaz\u0103-\u021bi soldul \u0219i \u00eencearc\u0103-\u021bi norocul! Nu rata \u0219ansa de a beneficia de o ofert\u0103 avantajoas\u0103 - \u00eencepe s\u0103 c\u00e2\u0219tigi \u00eenc\u0103 de la prima ta depunere!","breadcrumb":{"@id":"https:\/\/planbet.promo\/ro\/bonus\/first-deposit\/#breadcrumb"},"inLanguage":"ro-RO","potentialAction":[{"@type":"ReadAction","target":["https:\/\/planbet.promo\/ro\/bonus\/first-deposit\/"]}]},{"@type":"BreadcrumbList","@id":"https:\/\/planbet.promo\/ro\/bonus\/first-deposit\/#breadcrumb","itemListElement":[{"@type":"ListItem","position":1,"name":"Home","item":"https:\/\/planbet.promo\/ro\/"},{"@type":"ListItem","position":2,"name":"Bonus","item":"https:\/\/planbet.promo\/ro\/bonus\/"},{"@type":"ListItem","position":3,"name":"Bonus de bun venit"}]},{"@type":"WebSite","@id":"https:\/\/planbet.promo\/ro\/#website","url":"https:\/\/planbet.promo\/ro\/","name":"Planbet Promo RO","description":"My WordPress Blog","potentialAction":[{"@type":"SearchAction","target":{"@type":"EntryPoint","urlTemplate":"https:\/\/planbet.promo\/ro\/?s={search_term_string}"},"query-input":{"@type":"PropertyValueSpecification","valueRequired":true,"valueName":"search_term_string"}}],"inLanguage":"ro-RO"}]}},"_links":{"self":[{"href":"https:\/\/planbet.promo\/ro\/wp-json\/wp\/v2\/pages\/462","targetHints":{"allow":["GET"]}}],"collection":[{"href":"https:\/\/planbet.promo\/ro\/wp-json\/wp\/v2\/pages"}],"about":[{"href":"https:\/\/planbet.promo\/ro\/wp-json\/wp\/v2\/types\/page"}],"author":[{"embeddable":true,"href":"https:\/\/planbet.promo\/ro\/wp-json\/wp\/v2\/users\/1"}],"replies":[{"embeddable":true,"href":"https:\/\/planbet.promo\/ro\/wp-json\/wp\/v2\/comments?post=462"}],"version-history":[{"count":5,"href":"https:\/\/planbet.promo\/ro\/wp-json\/wp\/v2\/pages\/462\/revisions"}],"predecessor-version":[{"id":767,"href":"https:\/\/planbet.promo\/ro\/wp-json\/wp\/v2\/pages\/462\/revisions\/767"}],"up":[{"embeddable":true,"href":"https:\/\/planbet.promo\/ro\/wp-json\/wp\/v2\/pages\/152"}],"wp:attachment":[{"href":"https:\/\/planbet.promo\/ro\/wp-json\/wp\/v2\/media?parent=462"}],"curies":[{"name":"wp","href":"https:\/\/api.w.org\/{rel}","templated":true}]}}