{"id":2,"date":"2023-04-18T17:18:34","date_gmt":"2023-04-18T17:18:34","guid":{"rendered":"https:\/\/betwinner.team\/?page_id=2"},"modified":"2026-01-16T09:44:52","modified_gmt":"2026-01-16T09:44:52","slug":"sample-page","status":"publish","type":"page","link":"https:\/\/planbet.promo\/sk\/","title":{"rendered":"Domov"},"content":{"rendered":"","protected":false},"excerpt":{"rendered":"","protected":false},"author":1,"featured_media":0,"parent":0,"menu_order":0,"comment_status":"closed","ping_status":"closed","template":"","meta":{"footnotes":""},"class_list":["post-2","page","type-page","status-publish","hentry"],"yoast_head":"<!-- This site is optimized with the Yoast SEO plugin v26.2 - https:\/\/yoast.com\/wordpress\/plugins\/seo\/ -->\n<title>PlanBet \u2705 Online \u0161portov\u00e9 st\u00e1vky a kas\u00ednov\u00e9 hry<\/title>\n<meta name=\"description\" content=\"Zaregistrujte sa na PlanBet a z\u00edskajte 100% uv\u00edtac\u00ed bonus \ud83d\uddf8 \u0160irok\u00fd v\u00fdber \u0161portov\u00fdch st\u00e1vok, \u017eiv\u00fdch kas\u00ednov\u00fdch hier a bonusov pre hr\u00e1\u010dov \ud83d\uddf8 R\u00fdchle vklady a podpora 24\/7\" \/>\n<meta name=\"robots\" content=\"index, follow, max-snippet:-1, max-image-preview:large, max-video-preview:-1\" \/>\n<meta property=\"og:locale\" content=\"sk_SK\" \/>\n<meta property=\"og:type\" content=\"article\" \/>\n<meta property=\"og:title\" content=\"PlanBet \u2705 Online \u0161portov\u00e9 st\u00e1vky a kas\u00ednov\u00e9 hry\" \/>\n<meta property=\"og:description\" content=\"Zaregistrujte sa na PlanBet a z\u00edskajte 100% uv\u00edtac\u00ed bonus \ud83d\uddf8 \u0160irok\u00fd v\u00fdber \u0161portov\u00fdch st\u00e1vok, \u017eiv\u00fdch kas\u00ednov\u00fdch hier a bonusov pre hr\u00e1\u010dov \ud83d\uddf8 R\u00fdchle vklady a podpora 24\/7\" \/>\n<meta property=\"og:url\" content=\"https:\/\/planbet.promo\/sk\/\" \/>\n<meta property=\"og:site_name\" content=\"Planbet Promo SK\" \/>\n<meta property=\"article:modified_time\" content=\"2026-01-16T09:44:52+00:00\" \/>\n<meta name=\"twitter:card\" content=\"summary_large_image\" \/>\n<script type=\"application\/ld+json\" class=\"yoast-schema-graph\">{\"@context\":\"https:\/\/schema.org\",\"@graph\":[{\"@type\":\"WebPage\",\"@id\":\"https:\/\/planbet.promo\/sk\/\",\"url\":\"https:\/\/planbet.promo\/sk\/\",\"name\":\"PlanBet \u2705 Online \u0161portov\u00e9 st\u00e1vky a kas\u00ednov\u00e9 hry\",\"isPartOf\":{\"@id\":\"https:\/\/planbet.promo\/sk\/#website\"},\"datePublished\":\"2023-04-18T17:18:34+00:00\",\"dateModified\":\"2026-01-16T09:44:52+00:00\",\"description\":\"Zaregistrujte sa na PlanBet a z\u00edskajte 100% uv\u00edtac\u00ed bonus \ud83d\uddf8 \u0160irok\u00fd v\u00fdber \u0161portov\u00fdch st\u00e1vok, \u017eiv\u00fdch kas\u00ednov\u00fdch hier a bonusov pre hr\u00e1\u010dov \ud83d\uddf8 R\u00fdchle vklady a podpora 24\/7\",\"breadcrumb\":{\"@id\":\"https:\/\/planbet.promo\/sk\/#breadcrumb\"},\"inLanguage\":\"sk-SK\",\"potentialAction\":[{\"@type\":\"ReadAction\",\"target\":[\"https:\/\/planbet.promo\/sk\/\"]}]},{\"@type\":\"BreadcrumbList\",\"@id\":\"https:\/\/planbet.promo\/sk\/#breadcrumb\",\"itemListElement\":[{\"@type\":\"ListItem\",\"position\":1,\"name\":\"Home\",\"item\":\"https:\/\/planbet.promo\/sk\/\"},{\"@type\":\"ListItem\",\"position\":2,\"name\":\"Domov\"}]},{\"@type\":\"WebSite\",\"@id\":\"https:\/\/planbet.promo\/sk\/#website\",\"url\":\"https:\/\/planbet.promo\/sk\/\",\"name\":\"Planbet Promo SK\",\"description\":\"My WordPress Blog\",\"potentialAction\":[{\"@type\":\"SearchAction\",\"target\":{\"@type\":\"EntryPoint\",\"urlTemplate\":\"https:\/\/planbet.promo\/sk\/?s={search_term_string}\"},\"query-input\":{\"@type\":\"PropertyValueSpecification\",\"valueRequired\":true,\"valueName\":\"search_term_string\"}}],\"inLanguage\":\"sk-SK\"}]}<\/script>\n<!-- \/ Yoast SEO plugin. -->","yoast_head_json":{"title":"PlanBet \u2705 Online \u0161portov\u00e9 st\u00e1vky a kas\u00ednov\u00e9 hry","description":"Zaregistrujte sa na PlanBet a z\u00edskajte 100% uv\u00edtac\u00ed bonus \ud83d\uddf8 \u0160irok\u00fd v\u00fdber \u0161portov\u00fdch st\u00e1vok, \u017eiv\u00fdch kas\u00ednov\u00fdch hier a bonusov pre hr\u00e1\u010dov \ud83d\uddf8 R\u00fdchle vklady a podpora 24\/7","robots":{"index":"index","follow":"follow","max-snippet":"max-snippet:-1","max-image-preview":"max-image-preview:large","max-video-preview":"max-video-preview:-1"},"og_locale":"sk_SK","og_type":"article","og_title":"PlanBet \u2705 Online \u0161portov\u00e9 st\u00e1vky a kas\u00ednov\u00e9 hry","og_description":"Zaregistrujte sa na PlanBet a z\u00edskajte 100% uv\u00edtac\u00ed bonus \ud83d\uddf8 \u0160irok\u00fd v\u00fdber \u0161portov\u00fdch st\u00e1vok, \u017eiv\u00fdch kas\u00ednov\u00fdch hier a bonusov pre hr\u00e1\u010dov \ud83d\uddf8 R\u00fdchle vklady a podpora 24\/7","og_url":"https:\/\/planbet.promo\/sk\/","og_site_name":"Planbet Promo SK","article_modified_time":"2026-01-16T09:44:52+00:00","twitter_card":"summary_large_image","schema":{"@context":"https:\/\/schema.org","@graph":[{"@type":"WebPage","@id":"https:\/\/planbet.promo\/sk\/","url":"https:\/\/planbet.promo\/sk\/","name":"PlanBet \u2705 Online \u0161portov\u00e9 st\u00e1vky a kas\u00ednov\u00e9 hry","isPartOf":{"@id":"https:\/\/planbet.promo\/sk\/#website"},"datePublished":"2023-04-18T17:18:34+00:00","dateModified":"2026-01-16T09:44:52+00:00","description":"Zaregistrujte sa na PlanBet a z\u00edskajte 100% uv\u00edtac\u00ed bonus \ud83d\uddf8 \u0160irok\u00fd v\u00fdber \u0161portov\u00fdch st\u00e1vok, \u017eiv\u00fdch kas\u00ednov\u00fdch hier a bonusov pre hr\u00e1\u010dov \ud83d\uddf8 R\u00fdchle vklady a podpora 24\/7","breadcrumb":{"@id":"https:\/\/planbet.promo\/sk\/#breadcrumb"},"inLanguage":"sk-SK","potentialAction":[{"@type":"ReadAction","target":["https:\/\/planbet.promo\/sk\/"]}]},{"@type":"BreadcrumbList","@id":"https:\/\/planbet.promo\/sk\/#breadcrumb","itemListElement":[{"@type":"ListItem","position":1,"name":"Home","item":"https:\/\/planbet.promo\/sk\/"},{"@type":"ListItem","position":2,"name":"Domov"}]},{"@type":"WebSite","@id":"https:\/\/planbet.promo\/sk\/#website","url":"https:\/\/planbet.promo\/sk\/","name":"Planbet Promo SK","description":"My WordPress Blog","potentialAction":[{"@type":"SearchAction","target":{"@type":"EntryPoint","urlTemplate":"https:\/\/planbet.promo\/sk\/?s={search_term_string}"},"query-input":{"@type":"PropertyValueSpecification","valueRequired":true,"valueName":"search_term_string"}}],"inLanguage":"sk-SK"}]}},"_links":{"self":[{"href":"https:\/\/planbet.promo\/sk\/wp-json\/wp\/v2\/pages\/2","targetHints":{"allow":["GET"]}}],"collection":[{"href":"https:\/\/planbet.promo\/sk\/wp-json\/wp\/v2\/pages"}],"about":[{"href":"https:\/\/planbet.promo\/sk\/wp-json\/wp\/v2\/types\/page"}],"author":[{"embeddable":true,"href":"https:\/\/planbet.promo\/sk\/wp-json\/wp\/v2\/users\/1"}],"replies":[{"embeddable":true,"href":"https:\/\/planbet.promo\/sk\/wp-json\/wp\/v2\/comments?post=2"}],"version-history":[{"count":18,"href":"https:\/\/planbet.promo\/sk\/wp-json\/wp\/v2\/pages\/2\/revisions"}],"predecessor-version":[{"id":763,"href":"https:\/\/planbet.promo\/sk\/wp-json\/wp\/v2\/pages\/2\/revisions\/763"}],"wp:attachment":[{"href":"https:\/\/planbet.promo\/sk\/wp-json\/wp\/v2\/media?parent=2"}],"curies":[{"name":"wp","href":"https:\/\/api.w.org\/{rel}","templated":true}]}}