{"id":270,"date":"2024-05-28T12:15:13","date_gmt":"2024-05-28T12:15:13","guid":{"rendered":"https:\/\/betwinner.team\/?page_id=270"},"modified":"2025-07-24T15:32:57","modified_gmt":"2025-07-24T15:32:57","slug":"registration","status":"publish","type":"page","link":"https:\/\/planbet.promo\/sk\/registration\/","title":{"rendered":"Registr\u00e1cia"},"content":{"rendered":"","protected":false},"excerpt":{"rendered":"","protected":false},"author":1,"featured_media":0,"parent":0,"menu_order":0,"comment_status":"closed","ping_status":"closed","template":"","meta":{"footnotes":""},"class_list":["post-270","page","type-page","status-publish","hentry"],"yoast_head":"<!-- This site is optimized with the Yoast SEO plugin v26.2 - https:\/\/yoast.com\/wordpress\/plugins\/seo\/ -->\n<title>Sprievodca registr\u00e1ciou PlanBet | Uv\u00edtacia ponuka<\/title>\n<meta name=\"description\" content=\"PlanBet Sprievodca registr\u00e1ciou pre nov\u00fd \u00fa\u010det pre nov\u00fdch hr\u00e1\u010dov \u2713 Z\u00edskajte a\u017e 130% uv\u00edtac\u00ed bonus pri registr\u00e1cii! Registr\u00e1cia a overenie PlanBet\" \/>\n<meta name=\"robots\" content=\"index, follow, max-snippet:-1, max-image-preview:large, max-video-preview:-1\" \/>\n<meta property=\"og:locale\" content=\"sk_SK\" \/>\n<meta property=\"og:type\" content=\"article\" \/>\n<meta property=\"og:title\" content=\"Sprievodca registr\u00e1ciou PlanBet | Uv\u00edtacia ponuka\" \/>\n<meta property=\"og:description\" content=\"PlanBet Sprievodca registr\u00e1ciou pre nov\u00fd \u00fa\u010det pre nov\u00fdch hr\u00e1\u010dov \u2713 Z\u00edskajte a\u017e 130% uv\u00edtac\u00ed bonus pri registr\u00e1cii! Registr\u00e1cia a overenie PlanBet\" \/>\n<meta property=\"og:url\" content=\"https:\/\/planbet.promo\/sk\/registration\/\" \/>\n<meta property=\"og:site_name\" content=\"Planbet Promo SK\" \/>\n<meta property=\"article:modified_time\" content=\"2025-07-24T15:32:57+00:00\" \/>\n<meta name=\"twitter:card\" content=\"summary_large_image\" \/>\n<script type=\"application\/ld+json\" class=\"yoast-schema-graph\">{\"@context\":\"https:\/\/schema.org\",\"@graph\":[{\"@type\":\"WebPage\",\"@id\":\"https:\/\/planbet.promo\/sk\/registration\/\",\"url\":\"https:\/\/planbet.promo\/sk\/registration\/\",\"name\":\"Sprievodca registr\u00e1ciou PlanBet | Uv\u00edtacia ponuka\",\"isPartOf\":{\"@id\":\"https:\/\/planbet.promo\/sk\/#website\"},\"datePublished\":\"2024-05-28T12:15:13+00:00\",\"dateModified\":\"2025-07-24T15:32:57+00:00\",\"description\":\"PlanBet Sprievodca registr\u00e1ciou pre nov\u00fd \u00fa\u010det pre nov\u00fdch hr\u00e1\u010dov \u2713 Z\u00edskajte a\u017e 130% uv\u00edtac\u00ed bonus pri registr\u00e1cii! Registr\u00e1cia a overenie PlanBet\",\"breadcrumb\":{\"@id\":\"https:\/\/planbet.promo\/sk\/registration\/#breadcrumb\"},\"inLanguage\":\"sk-SK\",\"potentialAction\":[{\"@type\":\"ReadAction\",\"target\":[\"https:\/\/planbet.promo\/sk\/registration\/\"]}]},{\"@type\":\"BreadcrumbList\",\"@id\":\"https:\/\/planbet.promo\/sk\/registration\/#breadcrumb\",\"itemListElement\":[{\"@type\":\"ListItem\",\"position\":1,\"name\":\"Home\",\"item\":\"https:\/\/planbet.promo\/sk\/\"},{\"@type\":\"ListItem\",\"position\":2,\"name\":\"Registr\u00e1cia\"}]},{\"@type\":\"WebSite\",\"@id\":\"https:\/\/planbet.promo\/sk\/#website\",\"url\":\"https:\/\/planbet.promo\/sk\/\",\"name\":\"Planbet Promo SK\",\"description\":\"My WordPress Blog\",\"potentialAction\":[{\"@type\":\"SearchAction\",\"target\":{\"@type\":\"EntryPoint\",\"urlTemplate\":\"https:\/\/planbet.promo\/sk\/?s={search_term_string}\"},\"query-input\":{\"@type\":\"PropertyValueSpecification\",\"valueRequired\":true,\"valueName\":\"search_term_string\"}}],\"inLanguage\":\"sk-SK\"}]}<\/script>\n<!-- \/ Yoast SEO plugin. -->","yoast_head_json":{"title":"Sprievodca registr\u00e1ciou PlanBet | Uv\u00edtacia ponuka","description":"PlanBet Sprievodca registr\u00e1ciou pre nov\u00fd \u00fa\u010det pre nov\u00fdch hr\u00e1\u010dov \u2713 Z\u00edskajte a\u017e 130% uv\u00edtac\u00ed bonus pri registr\u00e1cii! Registr\u00e1cia a overenie PlanBet","robots":{"index":"index","follow":"follow","max-snippet":"max-snippet:-1","max-image-preview":"max-image-preview:large","max-video-preview":"max-video-preview:-1"},"og_locale":"sk_SK","og_type":"article","og_title":"Sprievodca registr\u00e1ciou PlanBet | Uv\u00edtacia ponuka","og_description":"PlanBet Sprievodca registr\u00e1ciou pre nov\u00fd \u00fa\u010det pre nov\u00fdch hr\u00e1\u010dov \u2713 Z\u00edskajte a\u017e 130% uv\u00edtac\u00ed bonus pri registr\u00e1cii! Registr\u00e1cia a overenie PlanBet","og_url":"https:\/\/planbet.promo\/sk\/registration\/","og_site_name":"Planbet Promo SK","article_modified_time":"2025-07-24T15:32:57+00:00","twitter_card":"summary_large_image","schema":{"@context":"https:\/\/schema.org","@graph":[{"@type":"WebPage","@id":"https:\/\/planbet.promo\/sk\/registration\/","url":"https:\/\/planbet.promo\/sk\/registration\/","name":"Sprievodca registr\u00e1ciou PlanBet | Uv\u00edtacia ponuka","isPartOf":{"@id":"https:\/\/planbet.promo\/sk\/#website"},"datePublished":"2024-05-28T12:15:13+00:00","dateModified":"2025-07-24T15:32:57+00:00","description":"PlanBet Sprievodca registr\u00e1ciou pre nov\u00fd \u00fa\u010det pre nov\u00fdch hr\u00e1\u010dov \u2713 Z\u00edskajte a\u017e 130% uv\u00edtac\u00ed bonus pri registr\u00e1cii! Registr\u00e1cia a overenie PlanBet","breadcrumb":{"@id":"https:\/\/planbet.promo\/sk\/registration\/#breadcrumb"},"inLanguage":"sk-SK","potentialAction":[{"@type":"ReadAction","target":["https:\/\/planbet.promo\/sk\/registration\/"]}]},{"@type":"BreadcrumbList","@id":"https:\/\/planbet.promo\/sk\/registration\/#breadcrumb","itemListElement":[{"@type":"ListItem","position":1,"name":"Home","item":"https:\/\/planbet.promo\/sk\/"},{"@type":"ListItem","position":2,"name":"Registr\u00e1cia"}]},{"@type":"WebSite","@id":"https:\/\/planbet.promo\/sk\/#website","url":"https:\/\/planbet.promo\/sk\/","name":"Planbet Promo SK","description":"My WordPress Blog","potentialAction":[{"@type":"SearchAction","target":{"@type":"EntryPoint","urlTemplate":"https:\/\/planbet.promo\/sk\/?s={search_term_string}"},"query-input":{"@type":"PropertyValueSpecification","valueRequired":true,"valueName":"search_term_string"}}],"inLanguage":"sk-SK"}]}},"_links":{"self":[{"href":"https:\/\/planbet.promo\/sk\/wp-json\/wp\/v2\/pages\/270","targetHints":{"allow":["GET"]}}],"collection":[{"href":"https:\/\/planbet.promo\/sk\/wp-json\/wp\/v2\/pages"}],"about":[{"href":"https:\/\/planbet.promo\/sk\/wp-json\/wp\/v2\/types\/page"}],"author":[{"embeddable":true,"href":"https:\/\/planbet.promo\/sk\/wp-json\/wp\/v2\/users\/1"}],"replies":[{"embeddable":true,"href":"https:\/\/planbet.promo\/sk\/wp-json\/wp\/v2\/comments?post=270"}],"version-history":[{"count":7,"href":"https:\/\/planbet.promo\/sk\/wp-json\/wp\/v2\/pages\/270\/revisions"}],"predecessor-version":[{"id":757,"href":"https:\/\/planbet.promo\/sk\/wp-json\/wp\/v2\/pages\/270\/revisions\/757"}],"wp:attachment":[{"href":"https:\/\/planbet.promo\/sk\/wp-json\/wp\/v2\/media?parent=270"}],"curies":[{"name":"wp","href":"https:\/\/api.w.org\/{rel}","templated":true}]}}