{"id":285,"date":"2024-05-28T12:38:21","date_gmt":"2024-05-28T12:38:21","guid":{"rendered":"https:\/\/betwinner.team\/?page_id=285"},"modified":"2025-07-30T03:35:19","modified_gmt":"2025-07-30T03:35:19","slug":"app","status":"publish","type":"page","link":"https:\/\/planbet.promo\/sk\/app\/","title":{"rendered":"Aplik\u00e1cia"},"content":{"rendered":"","protected":false},"excerpt":{"rendered":"","protected":false},"author":1,"featured_media":0,"parent":0,"menu_order":0,"comment_status":"closed","ping_status":"closed","template":"","meta":{"footnotes":""},"class_list":["post-285","page","type-page","status-publish","hentry"],"yoast_head":"<!-- This site is optimized with the Yoast SEO plugin v26.2 - https:\/\/yoast.com\/wordpress\/plugins\/seo\/ -->\n<title>PlanBet Mobile pre Android alebo iOS \u2705 Stiahnite si aplik\u00e1ciu PlanBet<\/title>\n<meta name=\"description\" content=\"Stiahnite si aplik\u00e1ciu PlanBet do svojho mobiln\u00e9ho zariadenia a za\u010dnite tipova\u0165 s PlanBet! \u2713 Mobiln\u00e1 verzia PlanBet pon\u00faka naj\u0161ir\u0161iu \u0161k\u00e1lu hier a mo\u017enost\u00ed \u0161portov\u00e9ho st\u00e1vkovania\" \/>\n<meta name=\"robots\" content=\"index, follow, max-snippet:-1, max-image-preview:large, max-video-preview:-1\" \/>\n<meta property=\"og:locale\" content=\"sk_SK\" \/>\n<meta property=\"og:type\" content=\"article\" \/>\n<meta property=\"og:title\" content=\"PlanBet Mobile pre Android alebo iOS \u2705 Stiahnite si aplik\u00e1ciu PlanBet\" \/>\n<meta property=\"og:description\" content=\"Stiahnite si aplik\u00e1ciu PlanBet do svojho mobiln\u00e9ho zariadenia a za\u010dnite tipova\u0165 s PlanBet! \u2713 Mobiln\u00e1 verzia PlanBet pon\u00faka naj\u0161ir\u0161iu \u0161k\u00e1lu hier a mo\u017enost\u00ed \u0161portov\u00e9ho st\u00e1vkovania\" \/>\n<meta property=\"og:url\" content=\"https:\/\/planbet.promo\/sk\/app\/\" \/>\n<meta property=\"og:site_name\" content=\"Planbet Promo SK\" \/>\n<meta property=\"article:modified_time\" content=\"2025-07-30T03:35:19+00:00\" \/>\n<meta name=\"twitter:card\" content=\"summary_large_image\" \/>\n<script type=\"application\/ld+json\" class=\"yoast-schema-graph\">{\"@context\":\"https:\/\/schema.org\",\"@graph\":[{\"@type\":\"WebPage\",\"@id\":\"https:\/\/planbet.promo\/sk\/app\/\",\"url\":\"https:\/\/planbet.promo\/sk\/app\/\",\"name\":\"PlanBet Mobile pre Android alebo iOS \u2705 Stiahnite si aplik\u00e1ciu PlanBet\",\"isPartOf\":{\"@id\":\"https:\/\/planbet.promo\/sk\/#website\"},\"datePublished\":\"2024-05-28T12:38:21+00:00\",\"dateModified\":\"2025-07-30T03:35:19+00:00\",\"description\":\"Stiahnite si aplik\u00e1ciu PlanBet do svojho mobiln\u00e9ho zariadenia a za\u010dnite tipova\u0165 s PlanBet! \u2713 Mobiln\u00e1 verzia PlanBet pon\u00faka naj\u0161ir\u0161iu \u0161k\u00e1lu hier a mo\u017enost\u00ed \u0161portov\u00e9ho st\u00e1vkovania\",\"breadcrumb\":{\"@id\":\"https:\/\/planbet.promo\/sk\/app\/#breadcrumb\"},\"inLanguage\":\"sk-SK\",\"potentialAction\":[{\"@type\":\"ReadAction\",\"target\":[\"https:\/\/planbet.promo\/sk\/app\/\"]}]},{\"@type\":\"BreadcrumbList\",\"@id\":\"https:\/\/planbet.promo\/sk\/app\/#breadcrumb\",\"itemListElement\":[{\"@type\":\"ListItem\",\"position\":1,\"name\":\"Home\",\"item\":\"https:\/\/planbet.promo\/sk\/\"},{\"@type\":\"ListItem\",\"position\":2,\"name\":\"Aplik\u00e1cia\"}]},{\"@type\":\"WebSite\",\"@id\":\"https:\/\/planbet.promo\/sk\/#website\",\"url\":\"https:\/\/planbet.promo\/sk\/\",\"name\":\"Planbet Promo SK\",\"description\":\"My WordPress Blog\",\"potentialAction\":[{\"@type\":\"SearchAction\",\"target\":{\"@type\":\"EntryPoint\",\"urlTemplate\":\"https:\/\/planbet.promo\/sk\/?s={search_term_string}\"},\"query-input\":{\"@type\":\"PropertyValueSpecification\",\"valueRequired\":true,\"valueName\":\"search_term_string\"}}],\"inLanguage\":\"sk-SK\"}]}<\/script>\n<!-- \/ Yoast SEO plugin. -->","yoast_head_json":{"title":"PlanBet Mobile pre Android alebo iOS \u2705 Stiahnite si aplik\u00e1ciu PlanBet","description":"Stiahnite si aplik\u00e1ciu PlanBet do svojho mobiln\u00e9ho zariadenia a za\u010dnite tipova\u0165 s PlanBet! \u2713 Mobiln\u00e1 verzia PlanBet pon\u00faka naj\u0161ir\u0161iu \u0161k\u00e1lu hier a mo\u017enost\u00ed \u0161portov\u00e9ho st\u00e1vkovania","robots":{"index":"index","follow":"follow","max-snippet":"max-snippet:-1","max-image-preview":"max-image-preview:large","max-video-preview":"max-video-preview:-1"},"og_locale":"sk_SK","og_type":"article","og_title":"PlanBet Mobile pre Android alebo iOS \u2705 Stiahnite si aplik\u00e1ciu PlanBet","og_description":"Stiahnite si aplik\u00e1ciu PlanBet do svojho mobiln\u00e9ho zariadenia a za\u010dnite tipova\u0165 s PlanBet! \u2713 Mobiln\u00e1 verzia PlanBet pon\u00faka naj\u0161ir\u0161iu \u0161k\u00e1lu hier a mo\u017enost\u00ed \u0161portov\u00e9ho st\u00e1vkovania","og_url":"https:\/\/planbet.promo\/sk\/app\/","og_site_name":"Planbet Promo SK","article_modified_time":"2025-07-30T03:35:19+00:00","twitter_card":"summary_large_image","schema":{"@context":"https:\/\/schema.org","@graph":[{"@type":"WebPage","@id":"https:\/\/planbet.promo\/sk\/app\/","url":"https:\/\/planbet.promo\/sk\/app\/","name":"PlanBet Mobile pre Android alebo iOS \u2705 Stiahnite si aplik\u00e1ciu PlanBet","isPartOf":{"@id":"https:\/\/planbet.promo\/sk\/#website"},"datePublished":"2024-05-28T12:38:21+00:00","dateModified":"2025-07-30T03:35:19+00:00","description":"Stiahnite si aplik\u00e1ciu PlanBet do svojho mobiln\u00e9ho zariadenia a za\u010dnite tipova\u0165 s PlanBet! \u2713 Mobiln\u00e1 verzia PlanBet pon\u00faka naj\u0161ir\u0161iu \u0161k\u00e1lu hier a mo\u017enost\u00ed \u0161portov\u00e9ho st\u00e1vkovania","breadcrumb":{"@id":"https:\/\/planbet.promo\/sk\/app\/#breadcrumb"},"inLanguage":"sk-SK","potentialAction":[{"@type":"ReadAction","target":["https:\/\/planbet.promo\/sk\/app\/"]}]},{"@type":"BreadcrumbList","@id":"https:\/\/planbet.promo\/sk\/app\/#breadcrumb","itemListElement":[{"@type":"ListItem","position":1,"name":"Home","item":"https:\/\/planbet.promo\/sk\/"},{"@type":"ListItem","position":2,"name":"Aplik\u00e1cia"}]},{"@type":"WebSite","@id":"https:\/\/planbet.promo\/sk\/#website","url":"https:\/\/planbet.promo\/sk\/","name":"Planbet Promo SK","description":"My WordPress Blog","potentialAction":[{"@type":"SearchAction","target":{"@type":"EntryPoint","urlTemplate":"https:\/\/planbet.promo\/sk\/?s={search_term_string}"},"query-input":{"@type":"PropertyValueSpecification","valueRequired":true,"valueName":"search_term_string"}}],"inLanguage":"sk-SK"}]}},"_links":{"self":[{"href":"https:\/\/planbet.promo\/sk\/wp-json\/wp\/v2\/pages\/285","targetHints":{"allow":["GET"]}}],"collection":[{"href":"https:\/\/planbet.promo\/sk\/wp-json\/wp\/v2\/pages"}],"about":[{"href":"https:\/\/planbet.promo\/sk\/wp-json\/wp\/v2\/types\/page"}],"author":[{"embeddable":true,"href":"https:\/\/planbet.promo\/sk\/wp-json\/wp\/v2\/users\/1"}],"replies":[{"embeddable":true,"href":"https:\/\/planbet.promo\/sk\/wp-json\/wp\/v2\/comments?post=285"}],"version-history":[{"count":7,"href":"https:\/\/planbet.promo\/sk\/wp-json\/wp\/v2\/pages\/285\/revisions"}],"predecessor-version":[{"id":760,"href":"https:\/\/planbet.promo\/sk\/wp-json\/wp\/v2\/pages\/285\/revisions\/760"}],"wp:attachment":[{"href":"https:\/\/planbet.promo\/sk\/wp-json\/wp\/v2\/media?parent=285"}],"curies":[{"name":"wp","href":"https:\/\/api.w.org\/{rel}","templated":true}]}}