{"id":287,"date":"2024-05-28T12:38:43","date_gmt":"2024-05-28T12:38:43","guid":{"rendered":"https:\/\/betwinner.team\/?page_id=287"},"modified":"2025-07-24T15:01:53","modified_gmt":"2025-07-24T15:01:53","slug":"casino","status":"publish","type":"page","link":"https:\/\/planbet.promo\/sk\/casino\/","title":{"rendered":"Kas\u00edno"},"content":{"rendered":"","protected":false},"excerpt":{"rendered":"","protected":false},"author":1,"featured_media":0,"parent":0,"menu_order":0,"comment_status":"closed","ping_status":"closed","template":"","meta":{"footnotes":""},"class_list":["post-287","page","type-page","status-publish","hentry"],"yoast_head":"<!-- This site is optimized with the Yoast SEO plugin v26.2 - https:\/\/yoast.com\/wordpress\/plugins\/seo\/ -->\n<title>PlanBet Kasino \ud83c\udfb0 Automaty a \u017eiv\u00ed predajcovia<\/title>\n<meta name=\"description\" content=\"Kas\u00edno PlanBet pon\u00faka hr\u00e1\u010dom mo\u017enos\u0165 u\u017ei\u0165 si online hry kdeko\u013evek a kedyko\u013evek \ud83d\uddf8 Za\u017eite vzru\u0161enie z ob\u013e\u00faben\u00fdch hier so skuto\u010dn\u00fdmi krupi\u00e9rmi v \u017eivom kas\u00edne\" \/>\n<meta name=\"robots\" content=\"index, follow, max-snippet:-1, max-image-preview:large, max-video-preview:-1\" \/>\n<meta property=\"og:locale\" content=\"sk_SK\" \/>\n<meta property=\"og:type\" content=\"article\" \/>\n<meta property=\"og:title\" content=\"PlanBet Kasino \ud83c\udfb0 Automaty a \u017eiv\u00ed predajcovia\" \/>\n<meta property=\"og:description\" content=\"Kas\u00edno PlanBet pon\u00faka hr\u00e1\u010dom mo\u017enos\u0165 u\u017ei\u0165 si online hry kdeko\u013evek a kedyko\u013evek \ud83d\uddf8 Za\u017eite vzru\u0161enie z ob\u013e\u00faben\u00fdch hier so skuto\u010dn\u00fdmi krupi\u00e9rmi v \u017eivom kas\u00edne\" \/>\n<meta property=\"og:url\" content=\"https:\/\/planbet.promo\/sk\/casino\/\" \/>\n<meta property=\"og:site_name\" content=\"Planbet Promo SK\" \/>\n<meta property=\"article:modified_time\" content=\"2025-07-24T15:01:53+00:00\" \/>\n<meta name=\"twitter:card\" content=\"summary_large_image\" \/>\n<script type=\"application\/ld+json\" class=\"yoast-schema-graph\">{\"@context\":\"https:\/\/schema.org\",\"@graph\":[{\"@type\":\"WebPage\",\"@id\":\"https:\/\/planbet.promo\/sk\/casino\/\",\"url\":\"https:\/\/planbet.promo\/sk\/casino\/\",\"name\":\"PlanBet Kasino \ud83c\udfb0 Automaty a \u017eiv\u00ed predajcovia\",\"isPartOf\":{\"@id\":\"https:\/\/planbet.promo\/sk\/#website\"},\"datePublished\":\"2024-05-28T12:38:43+00:00\",\"dateModified\":\"2025-07-24T15:01:53+00:00\",\"description\":\"Kas\u00edno PlanBet pon\u00faka hr\u00e1\u010dom mo\u017enos\u0165 u\u017ei\u0165 si online hry kdeko\u013evek a kedyko\u013evek \ud83d\uddf8 Za\u017eite vzru\u0161enie z ob\u013e\u00faben\u00fdch hier so skuto\u010dn\u00fdmi krupi\u00e9rmi v \u017eivom kas\u00edne\",\"breadcrumb\":{\"@id\":\"https:\/\/planbet.promo\/sk\/casino\/#breadcrumb\"},\"inLanguage\":\"sk-SK\",\"potentialAction\":[{\"@type\":\"ReadAction\",\"target\":[\"https:\/\/planbet.promo\/sk\/casino\/\"]}]},{\"@type\":\"BreadcrumbList\",\"@id\":\"https:\/\/planbet.promo\/sk\/casino\/#breadcrumb\",\"itemListElement\":[{\"@type\":\"ListItem\",\"position\":1,\"name\":\"Home\",\"item\":\"https:\/\/planbet.promo\/sk\/\"},{\"@type\":\"ListItem\",\"position\":2,\"name\":\"Kas\u00edno\"}]},{\"@type\":\"WebSite\",\"@id\":\"https:\/\/planbet.promo\/sk\/#website\",\"url\":\"https:\/\/planbet.promo\/sk\/\",\"name\":\"Planbet Promo SK\",\"description\":\"My WordPress Blog\",\"potentialAction\":[{\"@type\":\"SearchAction\",\"target\":{\"@type\":\"EntryPoint\",\"urlTemplate\":\"https:\/\/planbet.promo\/sk\/?s={search_term_string}\"},\"query-input\":{\"@type\":\"PropertyValueSpecification\",\"valueRequired\":true,\"valueName\":\"search_term_string\"}}],\"inLanguage\":\"sk-SK\"}]}<\/script>\n<!-- \/ Yoast SEO plugin. -->","yoast_head_json":{"title":"PlanBet Kasino \ud83c\udfb0 Automaty a \u017eiv\u00ed predajcovia","description":"Kas\u00edno PlanBet pon\u00faka hr\u00e1\u010dom mo\u017enos\u0165 u\u017ei\u0165 si online hry kdeko\u013evek a kedyko\u013evek \ud83d\uddf8 Za\u017eite vzru\u0161enie z ob\u013e\u00faben\u00fdch hier so skuto\u010dn\u00fdmi krupi\u00e9rmi v \u017eivom kas\u00edne","robots":{"index":"index","follow":"follow","max-snippet":"max-snippet:-1","max-image-preview":"max-image-preview:large","max-video-preview":"max-video-preview:-1"},"og_locale":"sk_SK","og_type":"article","og_title":"PlanBet Kasino \ud83c\udfb0 Automaty a \u017eiv\u00ed predajcovia","og_description":"Kas\u00edno PlanBet pon\u00faka hr\u00e1\u010dom mo\u017enos\u0165 u\u017ei\u0165 si online hry kdeko\u013evek a kedyko\u013evek \ud83d\uddf8 Za\u017eite vzru\u0161enie z ob\u013e\u00faben\u00fdch hier so skuto\u010dn\u00fdmi krupi\u00e9rmi v \u017eivom kas\u00edne","og_url":"https:\/\/planbet.promo\/sk\/casino\/","og_site_name":"Planbet Promo SK","article_modified_time":"2025-07-24T15:01:53+00:00","twitter_card":"summary_large_image","schema":{"@context":"https:\/\/schema.org","@graph":[{"@type":"WebPage","@id":"https:\/\/planbet.promo\/sk\/casino\/","url":"https:\/\/planbet.promo\/sk\/casino\/","name":"PlanBet Kasino \ud83c\udfb0 Automaty a \u017eiv\u00ed predajcovia","isPartOf":{"@id":"https:\/\/planbet.promo\/sk\/#website"},"datePublished":"2024-05-28T12:38:43+00:00","dateModified":"2025-07-24T15:01:53+00:00","description":"Kas\u00edno PlanBet pon\u00faka hr\u00e1\u010dom mo\u017enos\u0165 u\u017ei\u0165 si online hry kdeko\u013evek a kedyko\u013evek \ud83d\uddf8 Za\u017eite vzru\u0161enie z ob\u013e\u00faben\u00fdch hier so skuto\u010dn\u00fdmi krupi\u00e9rmi v \u017eivom kas\u00edne","breadcrumb":{"@id":"https:\/\/planbet.promo\/sk\/casino\/#breadcrumb"},"inLanguage":"sk-SK","potentialAction":[{"@type":"ReadAction","target":["https:\/\/planbet.promo\/sk\/casino\/"]}]},{"@type":"BreadcrumbList","@id":"https:\/\/planbet.promo\/sk\/casino\/#breadcrumb","itemListElement":[{"@type":"ListItem","position":1,"name":"Home","item":"https:\/\/planbet.promo\/sk\/"},{"@type":"ListItem","position":2,"name":"Kas\u00edno"}]},{"@type":"WebSite","@id":"https:\/\/planbet.promo\/sk\/#website","url":"https:\/\/planbet.promo\/sk\/","name":"Planbet Promo SK","description":"My WordPress Blog","potentialAction":[{"@type":"SearchAction","target":{"@type":"EntryPoint","urlTemplate":"https:\/\/planbet.promo\/sk\/?s={search_term_string}"},"query-input":{"@type":"PropertyValueSpecification","valueRequired":true,"valueName":"search_term_string"}}],"inLanguage":"sk-SK"}]}},"_links":{"self":[{"href":"https:\/\/planbet.promo\/sk\/wp-json\/wp\/v2\/pages\/287","targetHints":{"allow":["GET"]}}],"collection":[{"href":"https:\/\/planbet.promo\/sk\/wp-json\/wp\/v2\/pages"}],"about":[{"href":"https:\/\/planbet.promo\/sk\/wp-json\/wp\/v2\/types\/page"}],"author":[{"embeddable":true,"href":"https:\/\/planbet.promo\/sk\/wp-json\/wp\/v2\/users\/1"}],"replies":[{"embeddable":true,"href":"https:\/\/planbet.promo\/sk\/wp-json\/wp\/v2\/comments?post=287"}],"version-history":[{"count":6,"href":"https:\/\/planbet.promo\/sk\/wp-json\/wp\/v2\/pages\/287\/revisions"}],"predecessor-version":[{"id":749,"href":"https:\/\/planbet.promo\/sk\/wp-json\/wp\/v2\/pages\/287\/revisions\/749"}],"wp:attachment":[{"href":"https:\/\/planbet.promo\/sk\/wp-json\/wp\/v2\/media?parent=287"}],"curies":[{"name":"wp","href":"https:\/\/api.w.org\/{rel}","templated":true}]}}