{"id":462,"date":"2025-05-21T08:41:58","date_gmt":"2025-05-21T08:41:58","guid":{"rendered":"https:\/\/betwinner.team\/?page_id=462"},"modified":"2025-07-24T14:57:04","modified_gmt":"2025-07-24T14:57:04","slug":"first-deposit","status":"publish","type":"page","link":"https:\/\/planbet.promo\/sk\/bonus\/first-deposit\/","title":{"rendered":"Uv\u00edtac\u00ed bonus"},"content":{"rendered":"","protected":false},"excerpt":{"rendered":"","protected":false},"author":1,"featured_media":0,"parent":152,"menu_order":0,"comment_status":"closed","ping_status":"closed","template":"","meta":{"footnotes":""},"class_list":["post-462","page","type-page","status-publish","hentry"],"yoast_head":"<!-- This site is optimized with the Yoast SEO plugin v26.2 - https:\/\/yoast.com\/wordpress\/plugins\/seo\/ -->\n<title>100% bonus za prv\u00fd vklad na PlanBet \u1409 Z\u00edskajte a\u017e 110 \u20ac!<\/title>\n<meta name=\"description\" content=\"Zaregistrujte sa na PlanBet a z\u00edskajte 100% bonus na svoj prv\u00fd vklad a\u017e do v\u00fd\u0161ky 110 \u20ac! Zdvojn\u00e1sobte svoj zostatok a sk\u00faste \u0161\u0165astie! Nepreme\u0161kajte \u0161ancu z\u00edska\u0165 v\u00fdhodn\u00fa ponuku - za\u010dnite vyhr\u00e1va\u0165 od prv\u00e9ho vkladu!\" \/>\n<meta name=\"robots\" content=\"index, follow, max-snippet:-1, max-image-preview:large, max-video-preview:-1\" \/>\n<meta property=\"og:locale\" content=\"sk_SK\" \/>\n<meta property=\"og:type\" content=\"article\" \/>\n<meta property=\"og:title\" content=\"100% bonus za prv\u00fd vklad na PlanBet \u1409 Z\u00edskajte a\u017e 110 \u20ac!\" \/>\n<meta property=\"og:description\" content=\"Zaregistrujte sa na PlanBet a z\u00edskajte 100% bonus na svoj prv\u00fd vklad a\u017e do v\u00fd\u0161ky 110 \u20ac! Zdvojn\u00e1sobte svoj zostatok a sk\u00faste \u0161\u0165astie! Nepreme\u0161kajte \u0161ancu z\u00edska\u0165 v\u00fdhodn\u00fa ponuku - za\u010dnite vyhr\u00e1va\u0165 od prv\u00e9ho vkladu!\" \/>\n<meta property=\"og:url\" content=\"https:\/\/planbet.promo\/sk\/bonus\/first-deposit\/\" \/>\n<meta property=\"og:site_name\" content=\"Planbet Promo SK\" \/>\n<meta property=\"article:modified_time\" content=\"2025-07-24T14:57:04+00:00\" \/>\n<meta name=\"twitter:card\" content=\"summary_large_image\" \/>\n<script type=\"application\/ld+json\" class=\"yoast-schema-graph\">{\"@context\":\"https:\/\/schema.org\",\"@graph\":[{\"@type\":\"WebPage\",\"@id\":\"https:\/\/planbet.promo\/sk\/bonus\/first-deposit\/\",\"url\":\"https:\/\/planbet.promo\/sk\/bonus\/first-deposit\/\",\"name\":\"100% bonus za prv\u00fd vklad na PlanBet \u1409 Z\u00edskajte a\u017e 110 \u20ac!\",\"isPartOf\":{\"@id\":\"https:\/\/planbet.promo\/sk\/#website\"},\"datePublished\":\"2025-05-21T08:41:58+00:00\",\"dateModified\":\"2025-07-24T14:57:04+00:00\",\"description\":\"Zaregistrujte sa na PlanBet a z\u00edskajte 100% bonus na svoj prv\u00fd vklad a\u017e do v\u00fd\u0161ky 110 \u20ac! Zdvojn\u00e1sobte svoj zostatok a sk\u00faste \u0161\u0165astie! Nepreme\u0161kajte \u0161ancu z\u00edska\u0165 v\u00fdhodn\u00fa ponuku - za\u010dnite vyhr\u00e1va\u0165 od prv\u00e9ho vkladu!\",\"breadcrumb\":{\"@id\":\"https:\/\/planbet.promo\/sk\/bonus\/first-deposit\/#breadcrumb\"},\"inLanguage\":\"sk-SK\",\"potentialAction\":[{\"@type\":\"ReadAction\",\"target\":[\"https:\/\/planbet.promo\/sk\/bonus\/first-deposit\/\"]}]},{\"@type\":\"BreadcrumbList\",\"@id\":\"https:\/\/planbet.promo\/sk\/bonus\/first-deposit\/#breadcrumb\",\"itemListElement\":[{\"@type\":\"ListItem\",\"position\":1,\"name\":\"Home\",\"item\":\"https:\/\/planbet.promo\/sk\/\"},{\"@type\":\"ListItem\",\"position\":2,\"name\":\"Bonus\",\"item\":\"https:\/\/planbet.promo\/sk\/bonus\/\"},{\"@type\":\"ListItem\",\"position\":3,\"name\":\"Uv\u00edtac\u00ed bonus\"}]},{\"@type\":\"WebSite\",\"@id\":\"https:\/\/planbet.promo\/sk\/#website\",\"url\":\"https:\/\/planbet.promo\/sk\/\",\"name\":\"Planbet Promo SK\",\"description\":\"My WordPress Blog\",\"potentialAction\":[{\"@type\":\"SearchAction\",\"target\":{\"@type\":\"EntryPoint\",\"urlTemplate\":\"https:\/\/planbet.promo\/sk\/?s={search_term_string}\"},\"query-input\":{\"@type\":\"PropertyValueSpecification\",\"valueRequired\":true,\"valueName\":\"search_term_string\"}}],\"inLanguage\":\"sk-SK\"}]}<\/script>\n<!-- \/ Yoast SEO plugin. -->","yoast_head_json":{"title":"100% bonus za prv\u00fd vklad na PlanBet \u1409 Z\u00edskajte a\u017e 110 \u20ac!","description":"Zaregistrujte sa na PlanBet a z\u00edskajte 100% bonus na svoj prv\u00fd vklad a\u017e do v\u00fd\u0161ky 110 \u20ac! Zdvojn\u00e1sobte svoj zostatok a sk\u00faste \u0161\u0165astie! Nepreme\u0161kajte \u0161ancu z\u00edska\u0165 v\u00fdhodn\u00fa ponuku - za\u010dnite vyhr\u00e1va\u0165 od prv\u00e9ho vkladu!","robots":{"index":"index","follow":"follow","max-snippet":"max-snippet:-1","max-image-preview":"max-image-preview:large","max-video-preview":"max-video-preview:-1"},"og_locale":"sk_SK","og_type":"article","og_title":"100% bonus za prv\u00fd vklad na PlanBet \u1409 Z\u00edskajte a\u017e 110 \u20ac!","og_description":"Zaregistrujte sa na PlanBet a z\u00edskajte 100% bonus na svoj prv\u00fd vklad a\u017e do v\u00fd\u0161ky 110 \u20ac! Zdvojn\u00e1sobte svoj zostatok a sk\u00faste \u0161\u0165astie! Nepreme\u0161kajte \u0161ancu z\u00edska\u0165 v\u00fdhodn\u00fa ponuku - za\u010dnite vyhr\u00e1va\u0165 od prv\u00e9ho vkladu!","og_url":"https:\/\/planbet.promo\/sk\/bonus\/first-deposit\/","og_site_name":"Planbet Promo SK","article_modified_time":"2025-07-24T14:57:04+00:00","twitter_card":"summary_large_image","schema":{"@context":"https:\/\/schema.org","@graph":[{"@type":"WebPage","@id":"https:\/\/planbet.promo\/sk\/bonus\/first-deposit\/","url":"https:\/\/planbet.promo\/sk\/bonus\/first-deposit\/","name":"100% bonus za prv\u00fd vklad na PlanBet \u1409 Z\u00edskajte a\u017e 110 \u20ac!","isPartOf":{"@id":"https:\/\/planbet.promo\/sk\/#website"},"datePublished":"2025-05-21T08:41:58+00:00","dateModified":"2025-07-24T14:57:04+00:00","description":"Zaregistrujte sa na PlanBet a z\u00edskajte 100% bonus na svoj prv\u00fd vklad a\u017e do v\u00fd\u0161ky 110 \u20ac! Zdvojn\u00e1sobte svoj zostatok a sk\u00faste \u0161\u0165astie! Nepreme\u0161kajte \u0161ancu z\u00edska\u0165 v\u00fdhodn\u00fa ponuku - za\u010dnite vyhr\u00e1va\u0165 od prv\u00e9ho vkladu!","breadcrumb":{"@id":"https:\/\/planbet.promo\/sk\/bonus\/first-deposit\/#breadcrumb"},"inLanguage":"sk-SK","potentialAction":[{"@type":"ReadAction","target":["https:\/\/planbet.promo\/sk\/bonus\/first-deposit\/"]}]},{"@type":"BreadcrumbList","@id":"https:\/\/planbet.promo\/sk\/bonus\/first-deposit\/#breadcrumb","itemListElement":[{"@type":"ListItem","position":1,"name":"Home","item":"https:\/\/planbet.promo\/sk\/"},{"@type":"ListItem","position":2,"name":"Bonus","item":"https:\/\/planbet.promo\/sk\/bonus\/"},{"@type":"ListItem","position":3,"name":"Uv\u00edtac\u00ed bonus"}]},{"@type":"WebSite","@id":"https:\/\/planbet.promo\/sk\/#website","url":"https:\/\/planbet.promo\/sk\/","name":"Planbet Promo SK","description":"My WordPress Blog","potentialAction":[{"@type":"SearchAction","target":{"@type":"EntryPoint","urlTemplate":"https:\/\/planbet.promo\/sk\/?s={search_term_string}"},"query-input":{"@type":"PropertyValueSpecification","valueRequired":true,"valueName":"search_term_string"}}],"inLanguage":"sk-SK"}]}},"_links":{"self":[{"href":"https:\/\/planbet.promo\/sk\/wp-json\/wp\/v2\/pages\/462","targetHints":{"allow":["GET"]}}],"collection":[{"href":"https:\/\/planbet.promo\/sk\/wp-json\/wp\/v2\/pages"}],"about":[{"href":"https:\/\/planbet.promo\/sk\/wp-json\/wp\/v2\/types\/page"}],"author":[{"embeddable":true,"href":"https:\/\/planbet.promo\/sk\/wp-json\/wp\/v2\/users\/1"}],"replies":[{"embeddable":true,"href":"https:\/\/planbet.promo\/sk\/wp-json\/wp\/v2\/comments?post=462"}],"version-history":[{"count":5,"href":"https:\/\/planbet.promo\/sk\/wp-json\/wp\/v2\/pages\/462\/revisions"}],"predecessor-version":[{"id":747,"href":"https:\/\/planbet.promo\/sk\/wp-json\/wp\/v2\/pages\/462\/revisions\/747"}],"up":[{"embeddable":true,"href":"https:\/\/planbet.promo\/sk\/wp-json\/wp\/v2\/pages\/152"}],"wp:attachment":[{"href":"https:\/\/planbet.promo\/sk\/wp-json\/wp\/v2\/media?parent=462"}],"curies":[{"name":"wp","href":"https:\/\/api.w.org\/{rel}","templated":true}]}}