{"id":504,"date":"2025-05-21T13:06:32","date_gmt":"2025-05-21T13:06:32","guid":{"rendered":"https:\/\/betwinner.team\/?page_id=504"},"modified":"2025-07-29T18:23:16","modified_gmt":"2025-07-29T18:23:16","slug":"ten-deposit","status":"publish","type":"page","link":"https:\/\/planbet.promo\/sk\/bonus\/ten-deposit\/","title":{"rendered":"Desa\u0165 vkladov"},"content":{"rendered":"","protected":false},"excerpt":{"rendered":"","protected":false},"author":1,"featured_media":0,"parent":152,"menu_order":0,"comment_status":"closed","ping_status":"closed","template":"","meta":{"footnotes":""},"class_list":["post-504","page","type-page","status-publish","hentry"],"yoast_head":"<!-- This site is optimized with the Yoast SEO plugin v26.2 - https:\/\/yoast.com\/wordpress\/plugins\/seo\/ -->\n<title>Bonus na 10 vklad v PlanBet Kas\u00edno: 50% + 100 FS<\/title>\n<meta name=\"description\" content=\"Z\u00edskajte 50% bonus na v\u00e1\u0161 desiaty vklad a\u017e do v\u00fd\u0161ky 300 \u20ac a 100 freespinov! Sta\u010d\u00ed vlo\u017ei\u0165 10 \u20ac a dar\u010deky s\u00fa va\u0161e! Nenechajte si ujs\u0165 \u0161ancu na mega v\u00fdhry, dodr\u017eujte jednoduch\u00e9 pravidl\u00e1 a hrajte vo ve\u013ekom!\" \/>\n<meta name=\"robots\" content=\"index, follow, max-snippet:-1, max-image-preview:large, max-video-preview:-1\" \/>\n<meta property=\"og:locale\" content=\"sk_SK\" \/>\n<meta property=\"og:type\" content=\"article\" \/>\n<meta property=\"og:title\" content=\"Bonus na 10 vklad v PlanBet Kas\u00edno: 50% + 100 FS\" \/>\n<meta property=\"og:description\" content=\"Z\u00edskajte 50% bonus na v\u00e1\u0161 desiaty vklad a\u017e do v\u00fd\u0161ky 300 \u20ac a 100 freespinov! Sta\u010d\u00ed vlo\u017ei\u0165 10 \u20ac a dar\u010deky s\u00fa va\u0161e! Nenechajte si ujs\u0165 \u0161ancu na mega v\u00fdhry, dodr\u017eujte jednoduch\u00e9 pravidl\u00e1 a hrajte vo ve\u013ekom!\" \/>\n<meta property=\"og:url\" content=\"https:\/\/planbet.promo\/sk\/bonus\/ten-deposit\/\" \/>\n<meta property=\"og:site_name\" content=\"Planbet Promo SK\" \/>\n<meta property=\"article:modified_time\" content=\"2025-07-29T18:23:16+00:00\" \/>\n<meta name=\"twitter:card\" content=\"summary_large_image\" \/>\n<script type=\"application\/ld+json\" class=\"yoast-schema-graph\">{\"@context\":\"https:\/\/schema.org\",\"@graph\":[{\"@type\":\"WebPage\",\"@id\":\"https:\/\/planbet.promo\/sk\/bonus\/ten-deposit\/\",\"url\":\"https:\/\/planbet.promo\/sk\/bonus\/ten-deposit\/\",\"name\":\"Bonus na 10 vklad v PlanBet Kas\u00edno: 50% + 100 FS\",\"isPartOf\":{\"@id\":\"https:\/\/planbet.promo\/sk\/#website\"},\"datePublished\":\"2025-05-21T13:06:32+00:00\",\"dateModified\":\"2025-07-29T18:23:16+00:00\",\"description\":\"Z\u00edskajte 50% bonus na v\u00e1\u0161 desiaty vklad a\u017e do v\u00fd\u0161ky 300 \u20ac a 100 freespinov! Sta\u010d\u00ed vlo\u017ei\u0165 10 \u20ac a dar\u010deky s\u00fa va\u0161e! Nenechajte si ujs\u0165 \u0161ancu na mega v\u00fdhry, dodr\u017eujte jednoduch\u00e9 pravidl\u00e1 a hrajte vo ve\u013ekom!\",\"breadcrumb\":{\"@id\":\"https:\/\/planbet.promo\/sk\/bonus\/ten-deposit\/#breadcrumb\"},\"inLanguage\":\"sk-SK\",\"potentialAction\":[{\"@type\":\"ReadAction\",\"target\":[\"https:\/\/planbet.promo\/sk\/bonus\/ten-deposit\/\"]}]},{\"@type\":\"BreadcrumbList\",\"@id\":\"https:\/\/planbet.promo\/sk\/bonus\/ten-deposit\/#breadcrumb\",\"itemListElement\":[{\"@type\":\"ListItem\",\"position\":1,\"name\":\"Home\",\"item\":\"https:\/\/planbet.promo\/sk\/\"},{\"@type\":\"ListItem\",\"position\":2,\"name\":\"Bonus\",\"item\":\"https:\/\/planbet.promo\/sk\/bonus\/\"},{\"@type\":\"ListItem\",\"position\":3,\"name\":\"Desa\u0165 vkladov\"}]},{\"@type\":\"WebSite\",\"@id\":\"https:\/\/planbet.promo\/sk\/#website\",\"url\":\"https:\/\/planbet.promo\/sk\/\",\"name\":\"Planbet Promo SK\",\"description\":\"My WordPress Blog\",\"potentialAction\":[{\"@type\":\"SearchAction\",\"target\":{\"@type\":\"EntryPoint\",\"urlTemplate\":\"https:\/\/planbet.promo\/sk\/?s={search_term_string}\"},\"query-input\":{\"@type\":\"PropertyValueSpecification\",\"valueRequired\":true,\"valueName\":\"search_term_string\"}}],\"inLanguage\":\"sk-SK\"}]}<\/script>\n<!-- \/ Yoast SEO plugin. -->","yoast_head_json":{"title":"Bonus na 10 vklad v PlanBet Kas\u00edno: 50% + 100 FS","description":"Z\u00edskajte 50% bonus na v\u00e1\u0161 desiaty vklad a\u017e do v\u00fd\u0161ky 300 \u20ac a 100 freespinov! Sta\u010d\u00ed vlo\u017ei\u0165 10 \u20ac a dar\u010deky s\u00fa va\u0161e! Nenechajte si ujs\u0165 \u0161ancu na mega v\u00fdhry, dodr\u017eujte jednoduch\u00e9 pravidl\u00e1 a hrajte vo ve\u013ekom!","robots":{"index":"index","follow":"follow","max-snippet":"max-snippet:-1","max-image-preview":"max-image-preview:large","max-video-preview":"max-video-preview:-1"},"og_locale":"sk_SK","og_type":"article","og_title":"Bonus na 10 vklad v PlanBet Kas\u00edno: 50% + 100 FS","og_description":"Z\u00edskajte 50% bonus na v\u00e1\u0161 desiaty vklad a\u017e do v\u00fd\u0161ky 300 \u20ac a 100 freespinov! Sta\u010d\u00ed vlo\u017ei\u0165 10 \u20ac a dar\u010deky s\u00fa va\u0161e! Nenechajte si ujs\u0165 \u0161ancu na mega v\u00fdhry, dodr\u017eujte jednoduch\u00e9 pravidl\u00e1 a hrajte vo ve\u013ekom!","og_url":"https:\/\/planbet.promo\/sk\/bonus\/ten-deposit\/","og_site_name":"Planbet Promo SK","article_modified_time":"2025-07-29T18:23:16+00:00","twitter_card":"summary_large_image","schema":{"@context":"https:\/\/schema.org","@graph":[{"@type":"WebPage","@id":"https:\/\/planbet.promo\/sk\/bonus\/ten-deposit\/","url":"https:\/\/planbet.promo\/sk\/bonus\/ten-deposit\/","name":"Bonus na 10 vklad v PlanBet Kas\u00edno: 50% + 100 FS","isPartOf":{"@id":"https:\/\/planbet.promo\/sk\/#website"},"datePublished":"2025-05-21T13:06:32+00:00","dateModified":"2025-07-29T18:23:16+00:00","description":"Z\u00edskajte 50% bonus na v\u00e1\u0161 desiaty vklad a\u017e do v\u00fd\u0161ky 300 \u20ac a 100 freespinov! Sta\u010d\u00ed vlo\u017ei\u0165 10 \u20ac a dar\u010deky s\u00fa va\u0161e! Nenechajte si ujs\u0165 \u0161ancu na mega v\u00fdhry, dodr\u017eujte jednoduch\u00e9 pravidl\u00e1 a hrajte vo ve\u013ekom!","breadcrumb":{"@id":"https:\/\/planbet.promo\/sk\/bonus\/ten-deposit\/#breadcrumb"},"inLanguage":"sk-SK","potentialAction":[{"@type":"ReadAction","target":["https:\/\/planbet.promo\/sk\/bonus\/ten-deposit\/"]}]},{"@type":"BreadcrumbList","@id":"https:\/\/planbet.promo\/sk\/bonus\/ten-deposit\/#breadcrumb","itemListElement":[{"@type":"ListItem","position":1,"name":"Home","item":"https:\/\/planbet.promo\/sk\/"},{"@type":"ListItem","position":2,"name":"Bonus","item":"https:\/\/planbet.promo\/sk\/bonus\/"},{"@type":"ListItem","position":3,"name":"Desa\u0165 vkladov"}]},{"@type":"WebSite","@id":"https:\/\/planbet.promo\/sk\/#website","url":"https:\/\/planbet.promo\/sk\/","name":"Planbet Promo SK","description":"My WordPress Blog","potentialAction":[{"@type":"SearchAction","target":{"@type":"EntryPoint","urlTemplate":"https:\/\/planbet.promo\/sk\/?s={search_term_string}"},"query-input":{"@type":"PropertyValueSpecification","valueRequired":true,"valueName":"search_term_string"}}],"inLanguage":"sk-SK"}]}},"_links":{"self":[{"href":"https:\/\/planbet.promo\/sk\/wp-json\/wp\/v2\/pages\/504","targetHints":{"allow":["GET"]}}],"collection":[{"href":"https:\/\/planbet.promo\/sk\/wp-json\/wp\/v2\/pages"}],"about":[{"href":"https:\/\/planbet.promo\/sk\/wp-json\/wp\/v2\/types\/page"}],"author":[{"embeddable":true,"href":"https:\/\/planbet.promo\/sk\/wp-json\/wp\/v2\/users\/1"}],"replies":[{"embeddable":true,"href":"https:\/\/planbet.promo\/sk\/wp-json\/wp\/v2\/comments?post=504"}],"version-history":[{"count":4,"href":"https:\/\/planbet.promo\/sk\/wp-json\/wp\/v2\/pages\/504\/revisions"}],"predecessor-version":[{"id":745,"href":"https:\/\/planbet.promo\/sk\/wp-json\/wp\/v2\/pages\/504\/revisions\/745"}],"up":[{"embeddable":true,"href":"https:\/\/planbet.promo\/sk\/wp-json\/wp\/v2\/pages\/152"}],"wp:attachment":[{"href":"https:\/\/planbet.promo\/sk\/wp-json\/wp\/v2\/media?parent=504"}],"curies":[{"name":"wp","href":"https:\/\/api.w.org\/{rel}","templated":true}]}}