{"id":359,"date":"2024-09-24T06:52:08","date_gmt":"2024-09-24T06:52:08","guid":{"rendered":"https:\/\/betwinner.team\/?page_id=359"},"modified":"2025-08-12T08:27:55","modified_gmt":"2025-08-12T08:27:55","slug":"apk","status":"publish","type":"page","link":"https:\/\/planbet.promo\/sl\/apk\/","title":{"rendered":"Apk"},"content":{"rendered":"","protected":false},"excerpt":{"rendered":"","protected":false},"author":1,"featured_media":0,"parent":0,"menu_order":0,"comment_status":"closed","ping_status":"closed","template":"","meta":{"footnotes":""},"class_list":["post-359","page","type-page","status-publish","hentry"],"yoast_head":"<!-- This site is optimized with the Yoast SEO plugin v26.2 - https:\/\/yoast.com\/wordpress\/plugins\/seo\/ -->\n<title>PlanBet Apk za Android \u2705 Brezpla\u010den prenos<\/title>\n<meta name=\"description\" content=\"Prenesite aplikacijo PlanBet Apk in u\u017eivajte v \u0161portnih stavah, igralnici in stavah v \u017eivo na svojem telefonu. Kako namestiti uradno aplikacijo PlanBet Mobile APK za Android in iOS. Odkrivanje glavnih funkcij in prednosti aplikacije PlanBet apkDownload PlanBet Apk to enjoy sports, casino, and live betting on your phone. How to Install the Official PlanBet Mobile APK for Android &amp; iOS. Exploring the PlanBet apk main functions and advantage\" \/>\n<meta name=\"robots\" content=\"index, follow, max-snippet:-1, max-image-preview:large, max-video-preview:-1\" \/>\n<meta property=\"og:locale\" content=\"sl_SI\" \/>\n<meta property=\"og:type\" content=\"article\" \/>\n<meta property=\"og:title\" content=\"PlanBet Apk za Android \u2705 Brezpla\u010den prenos\" \/>\n<meta property=\"og:description\" content=\"Prenesite aplikacijo PlanBet Apk in u\u017eivajte v \u0161portnih stavah, igralnici in stavah v \u017eivo na svojem telefonu. Kako namestiti uradno aplikacijo PlanBet Mobile APK za Android in iOS. Odkrivanje glavnih funkcij in prednosti aplikacije PlanBet apkDownload PlanBet Apk to enjoy sports, casino, and live betting on your phone. How to Install the Official PlanBet Mobile APK for Android &amp; iOS. Exploring the PlanBet apk main functions and advantage\" \/>\n<meta property=\"og:url\" content=\"https:\/\/planbet.promo\/sl\/apk\/\" \/>\n<meta property=\"og:site_name\" content=\"Planbet Promo SL\" \/>\n<meta property=\"article:modified_time\" content=\"2025-08-12T08:27:55+00:00\" \/>\n<meta name=\"twitter:card\" content=\"summary_large_image\" \/>\n<script type=\"application\/ld+json\" class=\"yoast-schema-graph\">{\"@context\":\"https:\/\/schema.org\",\"@graph\":[{\"@type\":\"WebPage\",\"@id\":\"https:\/\/planbet.promo\/sl\/apk\/\",\"url\":\"https:\/\/planbet.promo\/sl\/apk\/\",\"name\":\"PlanBet Apk za Android \u2705 Brezpla\u010den prenos\",\"isPartOf\":{\"@id\":\"https:\/\/planbet.promo\/sl\/#website\"},\"datePublished\":\"2024-09-24T06:52:08+00:00\",\"dateModified\":\"2025-08-12T08:27:55+00:00\",\"description\":\"Prenesite aplikacijo PlanBet Apk in u\u017eivajte v \u0161portnih stavah, igralnici in stavah v \u017eivo na svojem telefonu. Kako namestiti uradno aplikacijo PlanBet Mobile APK za Android in iOS. Odkrivanje glavnih funkcij in prednosti aplikacije PlanBet apkDownload PlanBet Apk to enjoy sports, casino, and live betting on your phone. How to Install the Official PlanBet Mobile APK for Android & iOS. Exploring the PlanBet apk main functions and advantage\",\"breadcrumb\":{\"@id\":\"https:\/\/planbet.promo\/sl\/apk\/#breadcrumb\"},\"inLanguage\":\"sl-SI\",\"potentialAction\":[{\"@type\":\"ReadAction\",\"target\":[\"https:\/\/planbet.promo\/sl\/apk\/\"]}]},{\"@type\":\"BreadcrumbList\",\"@id\":\"https:\/\/planbet.promo\/sl\/apk\/#breadcrumb\",\"itemListElement\":[{\"@type\":\"ListItem\",\"position\":1,\"name\":\"Home\",\"item\":\"https:\/\/planbet.promo\/sl\/\"},{\"@type\":\"ListItem\",\"position\":2,\"name\":\"Apk\"}]},{\"@type\":\"WebSite\",\"@id\":\"https:\/\/planbet.promo\/sl\/#website\",\"url\":\"https:\/\/planbet.promo\/sl\/\",\"name\":\"Planbet Promo SL\",\"description\":\"My WordPress Blog\",\"potentialAction\":[{\"@type\":\"SearchAction\",\"target\":{\"@type\":\"EntryPoint\",\"urlTemplate\":\"https:\/\/planbet.promo\/sl\/?s={search_term_string}\"},\"query-input\":{\"@type\":\"PropertyValueSpecification\",\"valueRequired\":true,\"valueName\":\"search_term_string\"}}],\"inLanguage\":\"sl-SI\"}]}<\/script>\n<!-- \/ Yoast SEO plugin. -->","yoast_head_json":{"title":"PlanBet Apk za Android \u2705 Brezpla\u010den prenos","description":"Prenesite aplikacijo PlanBet Apk in u\u017eivajte v \u0161portnih stavah, igralnici in stavah v \u017eivo na svojem telefonu. Kako namestiti uradno aplikacijo PlanBet Mobile APK za Android in iOS. Odkrivanje glavnih funkcij in prednosti aplikacije PlanBet apkDownload PlanBet Apk to enjoy sports, casino, and live betting on your phone. How to Install the Official PlanBet Mobile APK for Android & iOS. Exploring the PlanBet apk main functions and advantage","robots":{"index":"index","follow":"follow","max-snippet":"max-snippet:-1","max-image-preview":"max-image-preview:large","max-video-preview":"max-video-preview:-1"},"og_locale":"sl_SI","og_type":"article","og_title":"PlanBet Apk za Android \u2705 Brezpla\u010den prenos","og_description":"Prenesite aplikacijo PlanBet Apk in u\u017eivajte v \u0161portnih stavah, igralnici in stavah v \u017eivo na svojem telefonu. Kako namestiti uradno aplikacijo PlanBet Mobile APK za Android in iOS. Odkrivanje glavnih funkcij in prednosti aplikacije PlanBet apkDownload PlanBet Apk to enjoy sports, casino, and live betting on your phone. How to Install the Official PlanBet Mobile APK for Android & iOS. Exploring the PlanBet apk main functions and advantage","og_url":"https:\/\/planbet.promo\/sl\/apk\/","og_site_name":"Planbet Promo SL","article_modified_time":"2025-08-12T08:27:55+00:00","twitter_card":"summary_large_image","schema":{"@context":"https:\/\/schema.org","@graph":[{"@type":"WebPage","@id":"https:\/\/planbet.promo\/sl\/apk\/","url":"https:\/\/planbet.promo\/sl\/apk\/","name":"PlanBet Apk za Android \u2705 Brezpla\u010den prenos","isPartOf":{"@id":"https:\/\/planbet.promo\/sl\/#website"},"datePublished":"2024-09-24T06:52:08+00:00","dateModified":"2025-08-12T08:27:55+00:00","description":"Prenesite aplikacijo PlanBet Apk in u\u017eivajte v \u0161portnih stavah, igralnici in stavah v \u017eivo na svojem telefonu. Kako namestiti uradno aplikacijo PlanBet Mobile APK za Android in iOS. Odkrivanje glavnih funkcij in prednosti aplikacije PlanBet apkDownload PlanBet Apk to enjoy sports, casino, and live betting on your phone. How to Install the Official PlanBet Mobile APK for Android & iOS. Exploring the PlanBet apk main functions and advantage","breadcrumb":{"@id":"https:\/\/planbet.promo\/sl\/apk\/#breadcrumb"},"inLanguage":"sl-SI","potentialAction":[{"@type":"ReadAction","target":["https:\/\/planbet.promo\/sl\/apk\/"]}]},{"@type":"BreadcrumbList","@id":"https:\/\/planbet.promo\/sl\/apk\/#breadcrumb","itemListElement":[{"@type":"ListItem","position":1,"name":"Home","item":"https:\/\/planbet.promo\/sl\/"},{"@type":"ListItem","position":2,"name":"Apk"}]},{"@type":"WebSite","@id":"https:\/\/planbet.promo\/sl\/#website","url":"https:\/\/planbet.promo\/sl\/","name":"Planbet Promo SL","description":"My WordPress Blog","potentialAction":[{"@type":"SearchAction","target":{"@type":"EntryPoint","urlTemplate":"https:\/\/planbet.promo\/sl\/?s={search_term_string}"},"query-input":{"@type":"PropertyValueSpecification","valueRequired":true,"valueName":"search_term_string"}}],"inLanguage":"sl-SI"}]}},"_links":{"self":[{"href":"https:\/\/planbet.promo\/sl\/wp-json\/wp\/v2\/pages\/359","targetHints":{"allow":["GET"]}}],"collection":[{"href":"https:\/\/planbet.promo\/sl\/wp-json\/wp\/v2\/pages"}],"about":[{"href":"https:\/\/planbet.promo\/sl\/wp-json\/wp\/v2\/types\/page"}],"author":[{"embeddable":true,"href":"https:\/\/planbet.promo\/sl\/wp-json\/wp\/v2\/users\/1"}],"replies":[{"embeddable":true,"href":"https:\/\/planbet.promo\/sl\/wp-json\/wp\/v2\/comments?post=359"}],"version-history":[{"count":5,"href":"https:\/\/planbet.promo\/sl\/wp-json\/wp\/v2\/pages\/359\/revisions"}],"predecessor-version":[{"id":806,"href":"https:\/\/planbet.promo\/sl\/wp-json\/wp\/v2\/pages\/359\/revisions\/806"}],"wp:attachment":[{"href":"https:\/\/planbet.promo\/sl\/wp-json\/wp\/v2\/media?parent=359"}],"curies":[{"name":"wp","href":"https:\/\/api.w.org\/{rel}","templated":true}]}}