{"id":504,"date":"2025-05-21T13:06:32","date_gmt":"2025-05-21T13:06:32","guid":{"rendered":"https:\/\/betwinner.team\/?page_id=504"},"modified":"2025-08-12T10:22:19","modified_gmt":"2025-08-12T10:22:19","slug":"ten-deposit","status":"publish","type":"page","link":"https:\/\/planbet.promo\/sl\/bonus\/ten-deposit\/","title":{"rendered":"Deset depozitov"},"content":{"rendered":"","protected":false},"excerpt":{"rendered":"","protected":false},"author":1,"featured_media":0,"parent":152,"menu_order":0,"comment_status":"closed","ping_status":"closed","template":"","meta":{"footnotes":""},"class_list":["post-504","page","type-page","status-publish","hentry"],"yoast_head":"<!-- This site is optimized with the Yoast SEO plugin v26.2 - https:\/\/yoast.com\/wordpress\/plugins\/seo\/ -->\n<title>Bonus za 10. nakazilo v igralnici PlanBet: 50 % + 100 FS<\/title>\n<meta name=\"description\" content=\"Prejmite 50 % bonus na svoj deseti depozit do 300 EUR in 100 brezpla\u010dnih vrtljajev! Samo vpla\u010dajte 10 EUR in darila so va\u0161a! Ne zamudite prilo\u017enosti za mega dobitke, upo\u0161tevajte preprosta pravila in igrajte na veliko!\" \/>\n<meta name=\"robots\" content=\"index, follow, max-snippet:-1, max-image-preview:large, max-video-preview:-1\" \/>\n<meta property=\"og:locale\" content=\"sl_SI\" \/>\n<meta property=\"og:type\" content=\"article\" \/>\n<meta property=\"og:title\" content=\"Bonus za 10. nakazilo v igralnici PlanBet: 50 % + 100 FS\" \/>\n<meta property=\"og:description\" content=\"Prejmite 50 % bonus na svoj deseti depozit do 300 EUR in 100 brezpla\u010dnih vrtljajev! Samo vpla\u010dajte 10 EUR in darila so va\u0161a! Ne zamudite prilo\u017enosti za mega dobitke, upo\u0161tevajte preprosta pravila in igrajte na veliko!\" \/>\n<meta property=\"og:url\" content=\"https:\/\/planbet.promo\/sl\/bonus\/ten-deposit\/\" \/>\n<meta property=\"og:site_name\" content=\"Planbet Promo SL\" \/>\n<meta property=\"article:modified_time\" content=\"2025-08-12T10:22:19+00:00\" \/>\n<meta name=\"twitter:card\" content=\"summary_large_image\" \/>\n<script type=\"application\/ld+json\" class=\"yoast-schema-graph\">{\"@context\":\"https:\/\/schema.org\",\"@graph\":[{\"@type\":\"WebPage\",\"@id\":\"https:\/\/planbet.promo\/sl\/bonus\/ten-deposit\/\",\"url\":\"https:\/\/planbet.promo\/sl\/bonus\/ten-deposit\/\",\"name\":\"Bonus za 10. nakazilo v igralnici PlanBet: 50 % + 100 FS\",\"isPartOf\":{\"@id\":\"https:\/\/planbet.promo\/sl\/#website\"},\"datePublished\":\"2025-05-21T13:06:32+00:00\",\"dateModified\":\"2025-08-12T10:22:19+00:00\",\"description\":\"Prejmite 50 % bonus na svoj deseti depozit do 300 EUR in 100 brezpla\u010dnih vrtljajev! Samo vpla\u010dajte 10 EUR in darila so va\u0161a! Ne zamudite prilo\u017enosti za mega dobitke, upo\u0161tevajte preprosta pravila in igrajte na veliko!\",\"breadcrumb\":{\"@id\":\"https:\/\/planbet.promo\/sl\/bonus\/ten-deposit\/#breadcrumb\"},\"inLanguage\":\"sl-SI\",\"potentialAction\":[{\"@type\":\"ReadAction\",\"target\":[\"https:\/\/planbet.promo\/sl\/bonus\/ten-deposit\/\"]}]},{\"@type\":\"BreadcrumbList\",\"@id\":\"https:\/\/planbet.promo\/sl\/bonus\/ten-deposit\/#breadcrumb\",\"itemListElement\":[{\"@type\":\"ListItem\",\"position\":1,\"name\":\"Home\",\"item\":\"https:\/\/planbet.promo\/sl\/\"},{\"@type\":\"ListItem\",\"position\":2,\"name\":\"Bonus\",\"item\":\"https:\/\/planbet.promo\/sl\/bonus\/\"},{\"@type\":\"ListItem\",\"position\":3,\"name\":\"Deset depozitov\"}]},{\"@type\":\"WebSite\",\"@id\":\"https:\/\/planbet.promo\/sl\/#website\",\"url\":\"https:\/\/planbet.promo\/sl\/\",\"name\":\"Planbet Promo SL\",\"description\":\"My WordPress Blog\",\"potentialAction\":[{\"@type\":\"SearchAction\",\"target\":{\"@type\":\"EntryPoint\",\"urlTemplate\":\"https:\/\/planbet.promo\/sl\/?s={search_term_string}\"},\"query-input\":{\"@type\":\"PropertyValueSpecification\",\"valueRequired\":true,\"valueName\":\"search_term_string\"}}],\"inLanguage\":\"sl-SI\"}]}<\/script>\n<!-- \/ Yoast SEO plugin. -->","yoast_head_json":{"title":"Bonus za 10. nakazilo v igralnici PlanBet: 50 % + 100 FS","description":"Prejmite 50 % bonus na svoj deseti depozit do 300 EUR in 100 brezpla\u010dnih vrtljajev! Samo vpla\u010dajte 10 EUR in darila so va\u0161a! Ne zamudite prilo\u017enosti za mega dobitke, upo\u0161tevajte preprosta pravila in igrajte na veliko!","robots":{"index":"index","follow":"follow","max-snippet":"max-snippet:-1","max-image-preview":"max-image-preview:large","max-video-preview":"max-video-preview:-1"},"og_locale":"sl_SI","og_type":"article","og_title":"Bonus za 10. nakazilo v igralnici PlanBet: 50 % + 100 FS","og_description":"Prejmite 50 % bonus na svoj deseti depozit do 300 EUR in 100 brezpla\u010dnih vrtljajev! Samo vpla\u010dajte 10 EUR in darila so va\u0161a! Ne zamudite prilo\u017enosti za mega dobitke, upo\u0161tevajte preprosta pravila in igrajte na veliko!","og_url":"https:\/\/planbet.promo\/sl\/bonus\/ten-deposit\/","og_site_name":"Planbet Promo SL","article_modified_time":"2025-08-12T10:22:19+00:00","twitter_card":"summary_large_image","schema":{"@context":"https:\/\/schema.org","@graph":[{"@type":"WebPage","@id":"https:\/\/planbet.promo\/sl\/bonus\/ten-deposit\/","url":"https:\/\/planbet.promo\/sl\/bonus\/ten-deposit\/","name":"Bonus za 10. nakazilo v igralnici PlanBet: 50 % + 100 FS","isPartOf":{"@id":"https:\/\/planbet.promo\/sl\/#website"},"datePublished":"2025-05-21T13:06:32+00:00","dateModified":"2025-08-12T10:22:19+00:00","description":"Prejmite 50 % bonus na svoj deseti depozit do 300 EUR in 100 brezpla\u010dnih vrtljajev! Samo vpla\u010dajte 10 EUR in darila so va\u0161a! Ne zamudite prilo\u017enosti za mega dobitke, upo\u0161tevajte preprosta pravila in igrajte na veliko!","breadcrumb":{"@id":"https:\/\/planbet.promo\/sl\/bonus\/ten-deposit\/#breadcrumb"},"inLanguage":"sl-SI","potentialAction":[{"@type":"ReadAction","target":["https:\/\/planbet.promo\/sl\/bonus\/ten-deposit\/"]}]},{"@type":"BreadcrumbList","@id":"https:\/\/planbet.promo\/sl\/bonus\/ten-deposit\/#breadcrumb","itemListElement":[{"@type":"ListItem","position":1,"name":"Home","item":"https:\/\/planbet.promo\/sl\/"},{"@type":"ListItem","position":2,"name":"Bonus","item":"https:\/\/planbet.promo\/sl\/bonus\/"},{"@type":"ListItem","position":3,"name":"Deset depozitov"}]},{"@type":"WebSite","@id":"https:\/\/planbet.promo\/sl\/#website","url":"https:\/\/planbet.promo\/sl\/","name":"Planbet Promo SL","description":"My WordPress Blog","potentialAction":[{"@type":"SearchAction","target":{"@type":"EntryPoint","urlTemplate":"https:\/\/planbet.promo\/sl\/?s={search_term_string}"},"query-input":{"@type":"PropertyValueSpecification","valueRequired":true,"valueName":"search_term_string"}}],"inLanguage":"sl-SI"}]}},"_links":{"self":[{"href":"https:\/\/planbet.promo\/sl\/wp-json\/wp\/v2\/pages\/504","targetHints":{"allow":["GET"]}}],"collection":[{"href":"https:\/\/planbet.promo\/sl\/wp-json\/wp\/v2\/pages"}],"about":[{"href":"https:\/\/planbet.promo\/sl\/wp-json\/wp\/v2\/types\/page"}],"author":[{"embeddable":true,"href":"https:\/\/planbet.promo\/sl\/wp-json\/wp\/v2\/users\/1"}],"replies":[{"embeddable":true,"href":"https:\/\/planbet.promo\/sl\/wp-json\/wp\/v2\/comments?post=504"}],"version-history":[{"count":6,"href":"https:\/\/planbet.promo\/sl\/wp-json\/wp\/v2\/pages\/504\/revisions"}],"predecessor-version":[{"id":818,"href":"https:\/\/planbet.promo\/sl\/wp-json\/wp\/v2\/pages\/504\/revisions\/818"}],"up":[{"embeddable":true,"href":"https:\/\/planbet.promo\/sl\/wp-json\/wp\/v2\/pages\/152"}],"wp:attachment":[{"href":"https:\/\/planbet.promo\/sl\/wp-json\/wp\/v2\/media?parent=504"}],"curies":[{"name":"wp","href":"https:\/\/api.w.org\/{rel}","templated":true}]}}