{"id":270,"date":"2024-05-28T12:15:13","date_gmt":"2024-05-28T12:15:13","guid":{"rendered":"https:\/\/betwinner.team\/?page_id=270"},"modified":"2025-07-28T10:20:42","modified_gmt":"2025-07-28T10:20:42","slug":"registration","status":"publish","type":"page","link":"https:\/\/planbet.promo\/sv\/registration\/","title":{"rendered":"Registrering"},"content":{"rendered":"","protected":false},"excerpt":{"rendered":"","protected":false},"author":1,"featured_media":0,"parent":0,"menu_order":0,"comment_status":"closed","ping_status":"closed","template":"","meta":{"footnotes":""},"class_list":["post-270","page","type-page","status-publish","hentry"],"yoast_head":"<!-- This site is optimized with the Yoast SEO plugin v26.2 - https:\/\/yoast.com\/wordpress\/plugins\/seo\/ -->\n<title>PlanBet registreringsguide | v\u00e4lkomsterbjudande<\/title>\n<meta name=\"description\" content=\"PlanBet Registreringsguide f\u00f6r nytt konto f\u00f6r nya spelare \u2713 F\u00e5 upp till 130% v\u00e4lkomstbonus n\u00e4r du registrerar dig! PlanBet Registrering och verifiering\" \/>\n<meta name=\"robots\" content=\"index, follow, max-snippet:-1, max-image-preview:large, max-video-preview:-1\" \/>\n<meta property=\"og:locale\" content=\"sv_SE\" \/>\n<meta property=\"og:type\" content=\"article\" \/>\n<meta property=\"og:title\" content=\"PlanBet registreringsguide | v\u00e4lkomsterbjudande\" \/>\n<meta property=\"og:description\" content=\"PlanBet Registreringsguide f\u00f6r nytt konto f\u00f6r nya spelare \u2713 F\u00e5 upp till 130% v\u00e4lkomstbonus n\u00e4r du registrerar dig! PlanBet Registrering och verifiering\" \/>\n<meta property=\"og:url\" content=\"https:\/\/planbet.promo\/sv\/registration\/\" \/>\n<meta property=\"og:site_name\" content=\"Planbet Promo SV\" \/>\n<meta property=\"article:modified_time\" content=\"2025-07-28T10:20:42+00:00\" \/>\n<meta name=\"twitter:card\" content=\"summary_large_image\" \/>\n<script type=\"application\/ld+json\" class=\"yoast-schema-graph\">{\"@context\":\"https:\/\/schema.org\",\"@graph\":[{\"@type\":\"WebPage\",\"@id\":\"https:\/\/planbet.promo\/sv\/registration\/\",\"url\":\"https:\/\/planbet.promo\/sv\/registration\/\",\"name\":\"PlanBet registreringsguide | v\u00e4lkomsterbjudande\",\"isPartOf\":{\"@id\":\"https:\/\/planbet.promo\/sv\/#website\"},\"datePublished\":\"2024-05-28T12:15:13+00:00\",\"dateModified\":\"2025-07-28T10:20:42+00:00\",\"description\":\"PlanBet Registreringsguide f\u00f6r nytt konto f\u00f6r nya spelare \u2713 F\u00e5 upp till 130% v\u00e4lkomstbonus n\u00e4r du registrerar dig! PlanBet Registrering och verifiering\",\"breadcrumb\":{\"@id\":\"https:\/\/planbet.promo\/sv\/registration\/#breadcrumb\"},\"inLanguage\":\"sv-SE\",\"potentialAction\":[{\"@type\":\"ReadAction\",\"target\":[\"https:\/\/planbet.promo\/sv\/registration\/\"]}]},{\"@type\":\"BreadcrumbList\",\"@id\":\"https:\/\/planbet.promo\/sv\/registration\/#breadcrumb\",\"itemListElement\":[{\"@type\":\"ListItem\",\"position\":1,\"name\":\"Home\",\"item\":\"https:\/\/planbet.promo\/sv\/\"},{\"@type\":\"ListItem\",\"position\":2,\"name\":\"Registrering\"}]},{\"@type\":\"WebSite\",\"@id\":\"https:\/\/planbet.promo\/sv\/#website\",\"url\":\"https:\/\/planbet.promo\/sv\/\",\"name\":\"Planbet Promo SV\",\"description\":\"My WordPress Blog\",\"potentialAction\":[{\"@type\":\"SearchAction\",\"target\":{\"@type\":\"EntryPoint\",\"urlTemplate\":\"https:\/\/planbet.promo\/sv\/?s={search_term_string}\"},\"query-input\":{\"@type\":\"PropertyValueSpecification\",\"valueRequired\":true,\"valueName\":\"search_term_string\"}}],\"inLanguage\":\"sv-SE\"}]}<\/script>\n<!-- \/ Yoast SEO plugin. -->","yoast_head_json":{"title":"PlanBet registreringsguide | v\u00e4lkomsterbjudande","description":"PlanBet Registreringsguide f\u00f6r nytt konto f\u00f6r nya spelare \u2713 F\u00e5 upp till 130% v\u00e4lkomstbonus n\u00e4r du registrerar dig! PlanBet Registrering och verifiering","robots":{"index":"index","follow":"follow","max-snippet":"max-snippet:-1","max-image-preview":"max-image-preview:large","max-video-preview":"max-video-preview:-1"},"og_locale":"sv_SE","og_type":"article","og_title":"PlanBet registreringsguide | v\u00e4lkomsterbjudande","og_description":"PlanBet Registreringsguide f\u00f6r nytt konto f\u00f6r nya spelare \u2713 F\u00e5 upp till 130% v\u00e4lkomstbonus n\u00e4r du registrerar dig! PlanBet Registrering och verifiering","og_url":"https:\/\/planbet.promo\/sv\/registration\/","og_site_name":"Planbet Promo SV","article_modified_time":"2025-07-28T10:20:42+00:00","twitter_card":"summary_large_image","schema":{"@context":"https:\/\/schema.org","@graph":[{"@type":"WebPage","@id":"https:\/\/planbet.promo\/sv\/registration\/","url":"https:\/\/planbet.promo\/sv\/registration\/","name":"PlanBet registreringsguide | v\u00e4lkomsterbjudande","isPartOf":{"@id":"https:\/\/planbet.promo\/sv\/#website"},"datePublished":"2024-05-28T12:15:13+00:00","dateModified":"2025-07-28T10:20:42+00:00","description":"PlanBet Registreringsguide f\u00f6r nytt konto f\u00f6r nya spelare \u2713 F\u00e5 upp till 130% v\u00e4lkomstbonus n\u00e4r du registrerar dig! PlanBet Registrering och verifiering","breadcrumb":{"@id":"https:\/\/planbet.promo\/sv\/registration\/#breadcrumb"},"inLanguage":"sv-SE","potentialAction":[{"@type":"ReadAction","target":["https:\/\/planbet.promo\/sv\/registration\/"]}]},{"@type":"BreadcrumbList","@id":"https:\/\/planbet.promo\/sv\/registration\/#breadcrumb","itemListElement":[{"@type":"ListItem","position":1,"name":"Home","item":"https:\/\/planbet.promo\/sv\/"},{"@type":"ListItem","position":2,"name":"Registrering"}]},{"@type":"WebSite","@id":"https:\/\/planbet.promo\/sv\/#website","url":"https:\/\/planbet.promo\/sv\/","name":"Planbet Promo SV","description":"My WordPress Blog","potentialAction":[{"@type":"SearchAction","target":{"@type":"EntryPoint","urlTemplate":"https:\/\/planbet.promo\/sv\/?s={search_term_string}"},"query-input":{"@type":"PropertyValueSpecification","valueRequired":true,"valueName":"search_term_string"}}],"inLanguage":"sv-SE"}]}},"_links":{"self":[{"href":"https:\/\/planbet.promo\/sv\/wp-json\/wp\/v2\/pages\/270","targetHints":{"allow":["GET"]}}],"collection":[{"href":"https:\/\/planbet.promo\/sv\/wp-json\/wp\/v2\/pages"}],"about":[{"href":"https:\/\/planbet.promo\/sv\/wp-json\/wp\/v2\/types\/page"}],"author":[{"embeddable":true,"href":"https:\/\/planbet.promo\/sv\/wp-json\/wp\/v2\/users\/1"}],"replies":[{"embeddable":true,"href":"https:\/\/planbet.promo\/sv\/wp-json\/wp\/v2\/comments?post=270"}],"version-history":[{"count":7,"href":"https:\/\/planbet.promo\/sv\/wp-json\/wp\/v2\/pages\/270\/revisions"}],"predecessor-version":[{"id":756,"href":"https:\/\/planbet.promo\/sv\/wp-json\/wp\/v2\/pages\/270\/revisions\/756"}],"wp:attachment":[{"href":"https:\/\/planbet.promo\/sv\/wp-json\/wp\/v2\/media?parent=270"}],"curies":[{"name":"wp","href":"https:\/\/api.w.org\/{rel}","templated":true}]}}