{"id":359,"date":"2024-09-24T06:52:08","date_gmt":"2024-09-24T06:52:08","guid":{"rendered":"https:\/\/betwinner.team\/?page_id=359"},"modified":"2025-07-28T06:43:17","modified_gmt":"2025-07-28T06:43:17","slug":"apk","status":"publish","type":"page","link":"https:\/\/planbet.promo\/sv\/apk\/","title":{"rendered":"Apk"},"content":{"rendered":"","protected":false},"excerpt":{"rendered":"","protected":false},"author":1,"featured_media":0,"parent":0,"menu_order":0,"comment_status":"closed","ping_status":"closed","template":"","meta":{"footnotes":""},"class_list":["post-359","page","type-page","status-publish","hentry"],"yoast_head":"<!-- This site is optimized with the Yoast SEO plugin v26.2 - https:\/\/yoast.com\/wordpress\/plugins\/seo\/ -->\n<title>PlanBet Apk f\u00f6r Android \u2705 Ladda ner gratis<\/title>\n<meta name=\"description\" content=\"Ladda ner PlanBet Apk f\u00f6r att njuta av sport, kasino och livebetting p\u00e5 din telefon. Hur man installerar den officiella PlanBet Mobile APK f\u00f6r Android &amp; iOS. Utforska PlanBet apk huvudfunktioner och f\u00f6rdelar\" \/>\n<meta name=\"robots\" content=\"index, follow, max-snippet:-1, max-image-preview:large, max-video-preview:-1\" \/>\n<meta property=\"og:locale\" content=\"sv_SE\" \/>\n<meta property=\"og:type\" content=\"article\" \/>\n<meta property=\"og:title\" content=\"PlanBet Apk f\u00f6r Android \u2705 Ladda ner gratis\" \/>\n<meta property=\"og:description\" content=\"Ladda ner PlanBet Apk f\u00f6r att njuta av sport, kasino och livebetting p\u00e5 din telefon. Hur man installerar den officiella PlanBet Mobile APK f\u00f6r Android &amp; iOS. Utforska PlanBet apk huvudfunktioner och f\u00f6rdelar\" \/>\n<meta property=\"og:url\" content=\"https:\/\/planbet.promo\/sv\/apk\/\" \/>\n<meta property=\"og:site_name\" content=\"Planbet Promo SV\" \/>\n<meta property=\"article:modified_time\" content=\"2025-07-28T06:43:17+00:00\" \/>\n<meta name=\"twitter:card\" content=\"summary_large_image\" \/>\n<script type=\"application\/ld+json\" class=\"yoast-schema-graph\">{\"@context\":\"https:\/\/schema.org\",\"@graph\":[{\"@type\":\"WebPage\",\"@id\":\"https:\/\/planbet.promo\/sv\/apk\/\",\"url\":\"https:\/\/planbet.promo\/sv\/apk\/\",\"name\":\"PlanBet Apk f\u00f6r Android \u2705 Ladda ner gratis\",\"isPartOf\":{\"@id\":\"https:\/\/planbet.promo\/sv\/#website\"},\"datePublished\":\"2024-09-24T06:52:08+00:00\",\"dateModified\":\"2025-07-28T06:43:17+00:00\",\"description\":\"Ladda ner PlanBet Apk f\u00f6r att njuta av sport, kasino och livebetting p\u00e5 din telefon. Hur man installerar den officiella PlanBet Mobile APK f\u00f6r Android & iOS. Utforska PlanBet apk huvudfunktioner och f\u00f6rdelar\",\"breadcrumb\":{\"@id\":\"https:\/\/planbet.promo\/sv\/apk\/#breadcrumb\"},\"inLanguage\":\"sv-SE\",\"potentialAction\":[{\"@type\":\"ReadAction\",\"target\":[\"https:\/\/planbet.promo\/sv\/apk\/\"]}]},{\"@type\":\"BreadcrumbList\",\"@id\":\"https:\/\/planbet.promo\/sv\/apk\/#breadcrumb\",\"itemListElement\":[{\"@type\":\"ListItem\",\"position\":1,\"name\":\"Home\",\"item\":\"https:\/\/planbet.promo\/sv\/\"},{\"@type\":\"ListItem\",\"position\":2,\"name\":\"Apk\"}]},{\"@type\":\"WebSite\",\"@id\":\"https:\/\/planbet.promo\/sv\/#website\",\"url\":\"https:\/\/planbet.promo\/sv\/\",\"name\":\"Planbet Promo SV\",\"description\":\"My WordPress Blog\",\"potentialAction\":[{\"@type\":\"SearchAction\",\"target\":{\"@type\":\"EntryPoint\",\"urlTemplate\":\"https:\/\/planbet.promo\/sv\/?s={search_term_string}\"},\"query-input\":{\"@type\":\"PropertyValueSpecification\",\"valueRequired\":true,\"valueName\":\"search_term_string\"}}],\"inLanguage\":\"sv-SE\"}]}<\/script>\n<!-- \/ Yoast SEO plugin. -->","yoast_head_json":{"title":"PlanBet Apk f\u00f6r Android \u2705 Ladda ner gratis","description":"Ladda ner PlanBet Apk f\u00f6r att njuta av sport, kasino och livebetting p\u00e5 din telefon. Hur man installerar den officiella PlanBet Mobile APK f\u00f6r Android & iOS. Utforska PlanBet apk huvudfunktioner och f\u00f6rdelar","robots":{"index":"index","follow":"follow","max-snippet":"max-snippet:-1","max-image-preview":"max-image-preview:large","max-video-preview":"max-video-preview:-1"},"og_locale":"sv_SE","og_type":"article","og_title":"PlanBet Apk f\u00f6r Android \u2705 Ladda ner gratis","og_description":"Ladda ner PlanBet Apk f\u00f6r att njuta av sport, kasino och livebetting p\u00e5 din telefon. Hur man installerar den officiella PlanBet Mobile APK f\u00f6r Android & iOS. Utforska PlanBet apk huvudfunktioner och f\u00f6rdelar","og_url":"https:\/\/planbet.promo\/sv\/apk\/","og_site_name":"Planbet Promo SV","article_modified_time":"2025-07-28T06:43:17+00:00","twitter_card":"summary_large_image","schema":{"@context":"https:\/\/schema.org","@graph":[{"@type":"WebPage","@id":"https:\/\/planbet.promo\/sv\/apk\/","url":"https:\/\/planbet.promo\/sv\/apk\/","name":"PlanBet Apk f\u00f6r Android \u2705 Ladda ner gratis","isPartOf":{"@id":"https:\/\/planbet.promo\/sv\/#website"},"datePublished":"2024-09-24T06:52:08+00:00","dateModified":"2025-07-28T06:43:17+00:00","description":"Ladda ner PlanBet Apk f\u00f6r att njuta av sport, kasino och livebetting p\u00e5 din telefon. Hur man installerar den officiella PlanBet Mobile APK f\u00f6r Android & iOS. Utforska PlanBet apk huvudfunktioner och f\u00f6rdelar","breadcrumb":{"@id":"https:\/\/planbet.promo\/sv\/apk\/#breadcrumb"},"inLanguage":"sv-SE","potentialAction":[{"@type":"ReadAction","target":["https:\/\/planbet.promo\/sv\/apk\/"]}]},{"@type":"BreadcrumbList","@id":"https:\/\/planbet.promo\/sv\/apk\/#breadcrumb","itemListElement":[{"@type":"ListItem","position":1,"name":"Home","item":"https:\/\/planbet.promo\/sv\/"},{"@type":"ListItem","position":2,"name":"Apk"}]},{"@type":"WebSite","@id":"https:\/\/planbet.promo\/sv\/#website","url":"https:\/\/planbet.promo\/sv\/","name":"Planbet Promo SV","description":"My WordPress Blog","potentialAction":[{"@type":"SearchAction","target":{"@type":"EntryPoint","urlTemplate":"https:\/\/planbet.promo\/sv\/?s={search_term_string}"},"query-input":{"@type":"PropertyValueSpecification","valueRequired":true,"valueName":"search_term_string"}}],"inLanguage":"sv-SE"}]}},"_links":{"self":[{"href":"https:\/\/planbet.promo\/sv\/wp-json\/wp\/v2\/pages\/359","targetHints":{"allow":["GET"]}}],"collection":[{"href":"https:\/\/planbet.promo\/sv\/wp-json\/wp\/v2\/pages"}],"about":[{"href":"https:\/\/planbet.promo\/sv\/wp-json\/wp\/v2\/types\/page"}],"author":[{"embeddable":true,"href":"https:\/\/planbet.promo\/sv\/wp-json\/wp\/v2\/users\/1"}],"replies":[{"embeddable":true,"href":"https:\/\/planbet.promo\/sv\/wp-json\/wp\/v2\/comments?post=359"}],"version-history":[{"count":6,"href":"https:\/\/planbet.promo\/sv\/wp-json\/wp\/v2\/pages\/359\/revisions"}],"predecessor-version":[{"id":735,"href":"https:\/\/planbet.promo\/sv\/wp-json\/wp\/v2\/pages\/359\/revisions\/735"}],"wp:attachment":[{"href":"https:\/\/planbet.promo\/sv\/wp-json\/wp\/v2\/media?parent=359"}],"curies":[{"name":"wp","href":"https:\/\/api.w.org\/{rel}","templated":true}]}}