{"id":462,"date":"2025-05-21T08:41:58","date_gmt":"2025-05-21T08:41:58","guid":{"rendered":"https:\/\/betwinner.team\/?page_id=462"},"modified":"2025-07-28T09:05:45","modified_gmt":"2025-07-28T09:05:45","slug":"first-deposit","status":"publish","type":"page","link":"https:\/\/planbet.promo\/sv\/bonus\/first-deposit\/","title":{"rendered":"V\u00e4lkomstbonus"},"content":{"rendered":"","protected":false},"excerpt":{"rendered":"","protected":false},"author":1,"featured_media":0,"parent":152,"menu_order":0,"comment_status":"closed","ping_status":"closed","template":"","meta":{"footnotes":""},"class_list":["post-462","page","type-page","status-publish","hentry"],"yoast_head":"<!-- This site is optimized with the Yoast SEO plugin v26.2 - https:\/\/yoast.com\/wordpress\/plugins\/seo\/ -->\n<title>100% f\u00f6rsta ins\u00e4ttningsbonus p\u00e5 PlanBet \u1409 F\u00e5 upp till 1100 SEK!<\/title>\n<meta name=\"description\" content=\"Registrera dig p\u00e5 PlanBet och f\u00e5 en 100% bonus p\u00e5 din f\u00f6rsta ins\u00e4ttning upp till 1100 SEK! F\u00f6rdubbla ditt saldo och prova lyckan! Missa inte chansen att f\u00e5 ett f\u00f6rdelaktigt erbjudande - b\u00f6rja vinna fr\u00e5n din f\u00f6rsta ins\u00e4ttning!\" \/>\n<meta name=\"robots\" content=\"index, follow, max-snippet:-1, max-image-preview:large, max-video-preview:-1\" \/>\n<meta property=\"og:locale\" content=\"sv_SE\" \/>\n<meta property=\"og:type\" content=\"article\" \/>\n<meta property=\"og:title\" content=\"100% f\u00f6rsta ins\u00e4ttningsbonus p\u00e5 PlanBet \u1409 F\u00e5 upp till 1100 SEK!\" \/>\n<meta property=\"og:description\" content=\"Registrera dig p\u00e5 PlanBet och f\u00e5 en 100% bonus p\u00e5 din f\u00f6rsta ins\u00e4ttning upp till 1100 SEK! F\u00f6rdubbla ditt saldo och prova lyckan! Missa inte chansen att f\u00e5 ett f\u00f6rdelaktigt erbjudande - b\u00f6rja vinna fr\u00e5n din f\u00f6rsta ins\u00e4ttning!\" \/>\n<meta property=\"og:url\" content=\"https:\/\/planbet.promo\/sv\/bonus\/first-deposit\/\" \/>\n<meta property=\"og:site_name\" content=\"Planbet Promo SV\" \/>\n<meta property=\"article:modified_time\" content=\"2025-07-28T09:05:45+00:00\" \/>\n<meta name=\"twitter:card\" content=\"summary_large_image\" \/>\n<script type=\"application\/ld+json\" class=\"yoast-schema-graph\">{\"@context\":\"https:\/\/schema.org\",\"@graph\":[{\"@type\":\"WebPage\",\"@id\":\"https:\/\/planbet.promo\/sv\/bonus\/first-deposit\/\",\"url\":\"https:\/\/planbet.promo\/sv\/bonus\/first-deposit\/\",\"name\":\"100% f\u00f6rsta ins\u00e4ttningsbonus p\u00e5 PlanBet \u1409 F\u00e5 upp till 1100 SEK!\",\"isPartOf\":{\"@id\":\"https:\/\/planbet.promo\/sv\/#website\"},\"datePublished\":\"2025-05-21T08:41:58+00:00\",\"dateModified\":\"2025-07-28T09:05:45+00:00\",\"description\":\"Registrera dig p\u00e5 PlanBet och f\u00e5 en 100% bonus p\u00e5 din f\u00f6rsta ins\u00e4ttning upp till 1100 SEK! F\u00f6rdubbla ditt saldo och prova lyckan! Missa inte chansen att f\u00e5 ett f\u00f6rdelaktigt erbjudande - b\u00f6rja vinna fr\u00e5n din f\u00f6rsta ins\u00e4ttning!\",\"breadcrumb\":{\"@id\":\"https:\/\/planbet.promo\/sv\/bonus\/first-deposit\/#breadcrumb\"},\"inLanguage\":\"sv-SE\",\"potentialAction\":[{\"@type\":\"ReadAction\",\"target\":[\"https:\/\/planbet.promo\/sv\/bonus\/first-deposit\/\"]}]},{\"@type\":\"BreadcrumbList\",\"@id\":\"https:\/\/planbet.promo\/sv\/bonus\/first-deposit\/#breadcrumb\",\"itemListElement\":[{\"@type\":\"ListItem\",\"position\":1,\"name\":\"Home\",\"item\":\"https:\/\/planbet.promo\/sv\/\"},{\"@type\":\"ListItem\",\"position\":2,\"name\":\"Bonus\",\"item\":\"https:\/\/planbet.promo\/sv\/bonus\/\"},{\"@type\":\"ListItem\",\"position\":3,\"name\":\"V\u00e4lkomstbonus\"}]},{\"@type\":\"WebSite\",\"@id\":\"https:\/\/planbet.promo\/sv\/#website\",\"url\":\"https:\/\/planbet.promo\/sv\/\",\"name\":\"Planbet Promo SV\",\"description\":\"My WordPress Blog\",\"potentialAction\":[{\"@type\":\"SearchAction\",\"target\":{\"@type\":\"EntryPoint\",\"urlTemplate\":\"https:\/\/planbet.promo\/sv\/?s={search_term_string}\"},\"query-input\":{\"@type\":\"PropertyValueSpecification\",\"valueRequired\":true,\"valueName\":\"search_term_string\"}}],\"inLanguage\":\"sv-SE\"}]}<\/script>\n<!-- \/ Yoast SEO plugin. -->","yoast_head_json":{"title":"100% f\u00f6rsta ins\u00e4ttningsbonus p\u00e5 PlanBet \u1409 F\u00e5 upp till 1100 SEK!","description":"Registrera dig p\u00e5 PlanBet och f\u00e5 en 100% bonus p\u00e5 din f\u00f6rsta ins\u00e4ttning upp till 1100 SEK! F\u00f6rdubbla ditt saldo och prova lyckan! Missa inte chansen att f\u00e5 ett f\u00f6rdelaktigt erbjudande - b\u00f6rja vinna fr\u00e5n din f\u00f6rsta ins\u00e4ttning!","robots":{"index":"index","follow":"follow","max-snippet":"max-snippet:-1","max-image-preview":"max-image-preview:large","max-video-preview":"max-video-preview:-1"},"og_locale":"sv_SE","og_type":"article","og_title":"100% f\u00f6rsta ins\u00e4ttningsbonus p\u00e5 PlanBet \u1409 F\u00e5 upp till 1100 SEK!","og_description":"Registrera dig p\u00e5 PlanBet och f\u00e5 en 100% bonus p\u00e5 din f\u00f6rsta ins\u00e4ttning upp till 1100 SEK! F\u00f6rdubbla ditt saldo och prova lyckan! Missa inte chansen att f\u00e5 ett f\u00f6rdelaktigt erbjudande - b\u00f6rja vinna fr\u00e5n din f\u00f6rsta ins\u00e4ttning!","og_url":"https:\/\/planbet.promo\/sv\/bonus\/first-deposit\/","og_site_name":"Planbet Promo SV","article_modified_time":"2025-07-28T09:05:45+00:00","twitter_card":"summary_large_image","schema":{"@context":"https:\/\/schema.org","@graph":[{"@type":"WebPage","@id":"https:\/\/planbet.promo\/sv\/bonus\/first-deposit\/","url":"https:\/\/planbet.promo\/sv\/bonus\/first-deposit\/","name":"100% f\u00f6rsta ins\u00e4ttningsbonus p\u00e5 PlanBet \u1409 F\u00e5 upp till 1100 SEK!","isPartOf":{"@id":"https:\/\/planbet.promo\/sv\/#website"},"datePublished":"2025-05-21T08:41:58+00:00","dateModified":"2025-07-28T09:05:45+00:00","description":"Registrera dig p\u00e5 PlanBet och f\u00e5 en 100% bonus p\u00e5 din f\u00f6rsta ins\u00e4ttning upp till 1100 SEK! F\u00f6rdubbla ditt saldo och prova lyckan! Missa inte chansen att f\u00e5 ett f\u00f6rdelaktigt erbjudande - b\u00f6rja vinna fr\u00e5n din f\u00f6rsta ins\u00e4ttning!","breadcrumb":{"@id":"https:\/\/planbet.promo\/sv\/bonus\/first-deposit\/#breadcrumb"},"inLanguage":"sv-SE","potentialAction":[{"@type":"ReadAction","target":["https:\/\/planbet.promo\/sv\/bonus\/first-deposit\/"]}]},{"@type":"BreadcrumbList","@id":"https:\/\/planbet.promo\/sv\/bonus\/first-deposit\/#breadcrumb","itemListElement":[{"@type":"ListItem","position":1,"name":"Home","item":"https:\/\/planbet.promo\/sv\/"},{"@type":"ListItem","position":2,"name":"Bonus","item":"https:\/\/planbet.promo\/sv\/bonus\/"},{"@type":"ListItem","position":3,"name":"V\u00e4lkomstbonus"}]},{"@type":"WebSite","@id":"https:\/\/planbet.promo\/sv\/#website","url":"https:\/\/planbet.promo\/sv\/","name":"Planbet Promo SV","description":"My WordPress Blog","potentialAction":[{"@type":"SearchAction","target":{"@type":"EntryPoint","urlTemplate":"https:\/\/planbet.promo\/sv\/?s={search_term_string}"},"query-input":{"@type":"PropertyValueSpecification","valueRequired":true,"valueName":"search_term_string"}}],"inLanguage":"sv-SE"}]}},"_links":{"self":[{"href":"https:\/\/planbet.promo\/sv\/wp-json\/wp\/v2\/pages\/462","targetHints":{"allow":["GET"]}}],"collection":[{"href":"https:\/\/planbet.promo\/sv\/wp-json\/wp\/v2\/pages"}],"about":[{"href":"https:\/\/planbet.promo\/sv\/wp-json\/wp\/v2\/types\/page"}],"author":[{"embeddable":true,"href":"https:\/\/planbet.promo\/sv\/wp-json\/wp\/v2\/users\/1"}],"replies":[{"embeddable":true,"href":"https:\/\/planbet.promo\/sv\/wp-json\/wp\/v2\/comments?post=462"}],"version-history":[{"count":5,"href":"https:\/\/planbet.promo\/sv\/wp-json\/wp\/v2\/pages\/462\/revisions"}],"predecessor-version":[{"id":746,"href":"https:\/\/planbet.promo\/sv\/wp-json\/wp\/v2\/pages\/462\/revisions\/746"}],"up":[{"embeddable":true,"href":"https:\/\/planbet.promo\/sv\/wp-json\/wp\/v2\/pages\/152"}],"wp:attachment":[{"href":"https:\/\/planbet.promo\/sv\/wp-json\/wp\/v2\/media?parent=462"}],"curies":[{"name":"wp","href":"https:\/\/api.w.org\/{rel}","templated":true}]}}