{"id":504,"date":"2025-05-21T13:06:32","date_gmt":"2025-05-21T13:06:32","guid":{"rendered":"https:\/\/betwinner.team\/?page_id=504"},"modified":"2025-08-05T07:07:08","modified_gmt":"2025-08-05T07:07:08","slug":"ten-deposit","status":"publish","type":"page","link":"https:\/\/planbet.promo\/sv\/bonus\/ten-deposit\/","title":{"rendered":"Tio ins\u00e4ttningar"},"content":{"rendered":"","protected":false},"excerpt":{"rendered":"","protected":false},"author":1,"featured_media":0,"parent":152,"menu_order":0,"comment_status":"closed","ping_status":"closed","template":"","meta":{"footnotes":""},"class_list":["post-504","page","type-page","status-publish","hentry"],"yoast_head":"<!-- This site is optimized with the Yoast SEO plugin v26.2 - https:\/\/yoast.com\/wordpress\/plugins\/seo\/ -->\n<title>Bonus p\u00e5 10: e ins\u00e4ttningen p\u00e5 PlanBet Casino: 50% + 100 FS<\/title>\n<meta name=\"description\" content=\"F\u00e5 en 50% bonus p\u00e5 din tionde ins\u00e4ttning upp till 3000 SEK och 100 freespins! S\u00e4tt bara in 100 SEK och g\u00e5vorna \u00e4r dina! Missa inte din chans till megavinster, f\u00f6lj de enkla reglerna och spela stort!\" \/>\n<meta name=\"robots\" content=\"index, follow, max-snippet:-1, max-image-preview:large, max-video-preview:-1\" \/>\n<meta property=\"og:locale\" content=\"sv_SE\" \/>\n<meta property=\"og:type\" content=\"article\" \/>\n<meta property=\"og:title\" content=\"Bonus p\u00e5 10: e ins\u00e4ttningen p\u00e5 PlanBet Casino: 50% + 100 FS\" \/>\n<meta property=\"og:description\" content=\"F\u00e5 en 50% bonus p\u00e5 din tionde ins\u00e4ttning upp till 3000 SEK och 100 freespins! S\u00e4tt bara in 100 SEK och g\u00e5vorna \u00e4r dina! Missa inte din chans till megavinster, f\u00f6lj de enkla reglerna och spela stort!\" \/>\n<meta property=\"og:url\" content=\"https:\/\/planbet.promo\/sv\/bonus\/ten-deposit\/\" \/>\n<meta property=\"og:site_name\" content=\"Planbet Promo SV\" \/>\n<meta property=\"article:modified_time\" content=\"2025-08-05T07:07:08+00:00\" \/>\n<meta name=\"twitter:card\" content=\"summary_large_image\" \/>\n<script type=\"application\/ld+json\" class=\"yoast-schema-graph\">{\"@context\":\"https:\/\/schema.org\",\"@graph\":[{\"@type\":\"WebPage\",\"@id\":\"https:\/\/planbet.promo\/sv\/bonus\/ten-deposit\/\",\"url\":\"https:\/\/planbet.promo\/sv\/bonus\/ten-deposit\/\",\"name\":\"Bonus p\u00e5 10: e ins\u00e4ttningen p\u00e5 PlanBet Casino: 50% + 100 FS\",\"isPartOf\":{\"@id\":\"https:\/\/planbet.promo\/sv\/#website\"},\"datePublished\":\"2025-05-21T13:06:32+00:00\",\"dateModified\":\"2025-08-05T07:07:08+00:00\",\"description\":\"F\u00e5 en 50% bonus p\u00e5 din tionde ins\u00e4ttning upp till 3000 SEK och 100 freespins! S\u00e4tt bara in 100 SEK och g\u00e5vorna \u00e4r dina! Missa inte din chans till megavinster, f\u00f6lj de enkla reglerna och spela stort!\",\"breadcrumb\":{\"@id\":\"https:\/\/planbet.promo\/sv\/bonus\/ten-deposit\/#breadcrumb\"},\"inLanguage\":\"sv-SE\",\"potentialAction\":[{\"@type\":\"ReadAction\",\"target\":[\"https:\/\/planbet.promo\/sv\/bonus\/ten-deposit\/\"]}]},{\"@type\":\"BreadcrumbList\",\"@id\":\"https:\/\/planbet.promo\/sv\/bonus\/ten-deposit\/#breadcrumb\",\"itemListElement\":[{\"@type\":\"ListItem\",\"position\":1,\"name\":\"Home\",\"item\":\"https:\/\/planbet.promo\/sv\/\"},{\"@type\":\"ListItem\",\"position\":2,\"name\":\"Bonus\",\"item\":\"https:\/\/planbet.promo\/sv\/bonus\/\"},{\"@type\":\"ListItem\",\"position\":3,\"name\":\"Tio ins\u00e4ttningar\"}]},{\"@type\":\"WebSite\",\"@id\":\"https:\/\/planbet.promo\/sv\/#website\",\"url\":\"https:\/\/planbet.promo\/sv\/\",\"name\":\"Planbet Promo SV\",\"description\":\"My WordPress Blog\",\"potentialAction\":[{\"@type\":\"SearchAction\",\"target\":{\"@type\":\"EntryPoint\",\"urlTemplate\":\"https:\/\/planbet.promo\/sv\/?s={search_term_string}\"},\"query-input\":{\"@type\":\"PropertyValueSpecification\",\"valueRequired\":true,\"valueName\":\"search_term_string\"}}],\"inLanguage\":\"sv-SE\"}]}<\/script>\n<!-- \/ Yoast SEO plugin. -->","yoast_head_json":{"title":"Bonus p\u00e5 10: e ins\u00e4ttningen p\u00e5 PlanBet Casino: 50% + 100 FS","description":"F\u00e5 en 50% bonus p\u00e5 din tionde ins\u00e4ttning upp till 3000 SEK och 100 freespins! S\u00e4tt bara in 100 SEK och g\u00e5vorna \u00e4r dina! Missa inte din chans till megavinster, f\u00f6lj de enkla reglerna och spela stort!","robots":{"index":"index","follow":"follow","max-snippet":"max-snippet:-1","max-image-preview":"max-image-preview:large","max-video-preview":"max-video-preview:-1"},"og_locale":"sv_SE","og_type":"article","og_title":"Bonus p\u00e5 10: e ins\u00e4ttningen p\u00e5 PlanBet Casino: 50% + 100 FS","og_description":"F\u00e5 en 50% bonus p\u00e5 din tionde ins\u00e4ttning upp till 3000 SEK och 100 freespins! S\u00e4tt bara in 100 SEK och g\u00e5vorna \u00e4r dina! Missa inte din chans till megavinster, f\u00f6lj de enkla reglerna och spela stort!","og_url":"https:\/\/planbet.promo\/sv\/bonus\/ten-deposit\/","og_site_name":"Planbet Promo SV","article_modified_time":"2025-08-05T07:07:08+00:00","twitter_card":"summary_large_image","schema":{"@context":"https:\/\/schema.org","@graph":[{"@type":"WebPage","@id":"https:\/\/planbet.promo\/sv\/bonus\/ten-deposit\/","url":"https:\/\/planbet.promo\/sv\/bonus\/ten-deposit\/","name":"Bonus p\u00e5 10: e ins\u00e4ttningen p\u00e5 PlanBet Casino: 50% + 100 FS","isPartOf":{"@id":"https:\/\/planbet.promo\/sv\/#website"},"datePublished":"2025-05-21T13:06:32+00:00","dateModified":"2025-08-05T07:07:08+00:00","description":"F\u00e5 en 50% bonus p\u00e5 din tionde ins\u00e4ttning upp till 3000 SEK och 100 freespins! S\u00e4tt bara in 100 SEK och g\u00e5vorna \u00e4r dina! Missa inte din chans till megavinster, f\u00f6lj de enkla reglerna och spela stort!","breadcrumb":{"@id":"https:\/\/planbet.promo\/sv\/bonus\/ten-deposit\/#breadcrumb"},"inLanguage":"sv-SE","potentialAction":[{"@type":"ReadAction","target":["https:\/\/planbet.promo\/sv\/bonus\/ten-deposit\/"]}]},{"@type":"BreadcrumbList","@id":"https:\/\/planbet.promo\/sv\/bonus\/ten-deposit\/#breadcrumb","itemListElement":[{"@type":"ListItem","position":1,"name":"Home","item":"https:\/\/planbet.promo\/sv\/"},{"@type":"ListItem","position":2,"name":"Bonus","item":"https:\/\/planbet.promo\/sv\/bonus\/"},{"@type":"ListItem","position":3,"name":"Tio ins\u00e4ttningar"}]},{"@type":"WebSite","@id":"https:\/\/planbet.promo\/sv\/#website","url":"https:\/\/planbet.promo\/sv\/","name":"Planbet Promo SV","description":"My WordPress Blog","potentialAction":[{"@type":"SearchAction","target":{"@type":"EntryPoint","urlTemplate":"https:\/\/planbet.promo\/sv\/?s={search_term_string}"},"query-input":{"@type":"PropertyValueSpecification","valueRequired":true,"valueName":"search_term_string"}}],"inLanguage":"sv-SE"}]}},"_links":{"self":[{"href":"https:\/\/planbet.promo\/sv\/wp-json\/wp\/v2\/pages\/504","targetHints":{"allow":["GET"]}}],"collection":[{"href":"https:\/\/planbet.promo\/sv\/wp-json\/wp\/v2\/pages"}],"about":[{"href":"https:\/\/planbet.promo\/sv\/wp-json\/wp\/v2\/types\/page"}],"author":[{"embeddable":true,"href":"https:\/\/planbet.promo\/sv\/wp-json\/wp\/v2\/users\/1"}],"replies":[{"embeddable":true,"href":"https:\/\/planbet.promo\/sv\/wp-json\/wp\/v2\/comments?post=504"}],"version-history":[{"count":6,"href":"https:\/\/planbet.promo\/sv\/wp-json\/wp\/v2\/pages\/504\/revisions"}],"predecessor-version":[{"id":760,"href":"https:\/\/planbet.promo\/sv\/wp-json\/wp\/v2\/pages\/504\/revisions\/760"}],"up":[{"embeddable":true,"href":"https:\/\/planbet.promo\/sv\/wp-json\/wp\/v2\/pages\/152"}],"wp:attachment":[{"href":"https:\/\/planbet.promo\/sv\/wp-json\/wp\/v2\/media?parent=504"}],"curies":[{"name":"wp","href":"https:\/\/api.w.org\/{rel}","templated":true}]}}