{"id":510,"date":"2025-05-21T13:31:40","date_gmt":"2025-05-21T13:31:40","guid":{"rendered":"https:\/\/betwinner.team\/?page_id=510"},"modified":"2025-08-04T18:50:40","modified_gmt":"2025-08-04T18:50:40","slug":"big-match","status":"publish","type":"page","link":"https:\/\/planbet.promo\/sv\/bonus\/big-match\/","title":{"rendered":"Stor match"},"content":{"rendered":"","protected":false},"excerpt":{"rendered":"","protected":false},"author":1,"featured_media":0,"parent":152,"menu_order":0,"comment_status":"closed","ping_status":"closed","template":"","meta":{"footnotes":""},"class_list":["post-510","page","type-page","status-publish","hentry"],"yoast_head":"<!-- This site is optimized with the Yoast SEO plugin v26.2 - https:\/\/yoast.com\/wordpress\/plugins\/seo\/ -->\n<title>PlanBet Stor match \u1409 F\u00e5 en \u00e5terbetalning p\u00e5 100 SEK<\/title>\n<meta name=\"description\" content=\"Satsa utan r\u00e4dsla! Delta i PlanBets Stor match kampanj och f\u00e5 upp till 100 SEK tillbaka \u00e4ven om din f\u00f6ruts\u00e4gelse inte fungerar. Att spela s\u00e4kert \u00e4r verkligt!\" \/>\n<meta name=\"robots\" content=\"index, follow, max-snippet:-1, max-image-preview:large, max-video-preview:-1\" \/>\n<meta property=\"og:locale\" content=\"sv_SE\" \/>\n<meta property=\"og:type\" content=\"article\" \/>\n<meta property=\"og:title\" content=\"PlanBet Stor match \u1409 F\u00e5 en \u00e5terbetalning p\u00e5 100 SEK\" \/>\n<meta property=\"og:description\" content=\"Satsa utan r\u00e4dsla! Delta i PlanBets Stor match kampanj och f\u00e5 upp till 100 SEK tillbaka \u00e4ven om din f\u00f6ruts\u00e4gelse inte fungerar. Att spela s\u00e4kert \u00e4r verkligt!\" \/>\n<meta property=\"og:url\" content=\"https:\/\/planbet.promo\/sv\/bonus\/big-match\/\" \/>\n<meta property=\"og:site_name\" content=\"Planbet Promo SV\" \/>\n<meta property=\"article:modified_time\" content=\"2025-08-04T18:50:40+00:00\" \/>\n<meta name=\"twitter:card\" content=\"summary_large_image\" \/>\n<script type=\"application\/ld+json\" class=\"yoast-schema-graph\">{\"@context\":\"https:\/\/schema.org\",\"@graph\":[{\"@type\":\"WebPage\",\"@id\":\"https:\/\/planbet.promo\/sv\/bonus\/big-match\/\",\"url\":\"https:\/\/planbet.promo\/sv\/bonus\/big-match\/\",\"name\":\"PlanBet Stor match \u1409 F\u00e5 en \u00e5terbetalning p\u00e5 100 SEK\",\"isPartOf\":{\"@id\":\"https:\/\/planbet.promo\/sv\/#website\"},\"datePublished\":\"2025-05-21T13:31:40+00:00\",\"dateModified\":\"2025-08-04T18:50:40+00:00\",\"description\":\"Satsa utan r\u00e4dsla! Delta i PlanBets Stor match kampanj och f\u00e5 upp till 100 SEK tillbaka \u00e4ven om din f\u00f6ruts\u00e4gelse inte fungerar. Att spela s\u00e4kert \u00e4r verkligt!\",\"breadcrumb\":{\"@id\":\"https:\/\/planbet.promo\/sv\/bonus\/big-match\/#breadcrumb\"},\"inLanguage\":\"sv-SE\",\"potentialAction\":[{\"@type\":\"ReadAction\",\"target\":[\"https:\/\/planbet.promo\/sv\/bonus\/big-match\/\"]}]},{\"@type\":\"BreadcrumbList\",\"@id\":\"https:\/\/planbet.promo\/sv\/bonus\/big-match\/#breadcrumb\",\"itemListElement\":[{\"@type\":\"ListItem\",\"position\":1,\"name\":\"Home\",\"item\":\"https:\/\/planbet.promo\/sv\/\"},{\"@type\":\"ListItem\",\"position\":2,\"name\":\"Bonus\",\"item\":\"https:\/\/planbet.promo\/sv\/bonus\/\"},{\"@type\":\"ListItem\",\"position\":3,\"name\":\"Stor match\"}]},{\"@type\":\"WebSite\",\"@id\":\"https:\/\/planbet.promo\/sv\/#website\",\"url\":\"https:\/\/planbet.promo\/sv\/\",\"name\":\"Planbet Promo SV\",\"description\":\"My WordPress Blog\",\"potentialAction\":[{\"@type\":\"SearchAction\",\"target\":{\"@type\":\"EntryPoint\",\"urlTemplate\":\"https:\/\/planbet.promo\/sv\/?s={search_term_string}\"},\"query-input\":{\"@type\":\"PropertyValueSpecification\",\"valueRequired\":true,\"valueName\":\"search_term_string\"}}],\"inLanguage\":\"sv-SE\"}]}<\/script>\n<!-- \/ Yoast SEO plugin. -->","yoast_head_json":{"title":"PlanBet Stor match \u1409 F\u00e5 en \u00e5terbetalning p\u00e5 100 SEK","description":"Satsa utan r\u00e4dsla! Delta i PlanBets Stor match kampanj och f\u00e5 upp till 100 SEK tillbaka \u00e4ven om din f\u00f6ruts\u00e4gelse inte fungerar. Att spela s\u00e4kert \u00e4r verkligt!","robots":{"index":"index","follow":"follow","max-snippet":"max-snippet:-1","max-image-preview":"max-image-preview:large","max-video-preview":"max-video-preview:-1"},"og_locale":"sv_SE","og_type":"article","og_title":"PlanBet Stor match \u1409 F\u00e5 en \u00e5terbetalning p\u00e5 100 SEK","og_description":"Satsa utan r\u00e4dsla! Delta i PlanBets Stor match kampanj och f\u00e5 upp till 100 SEK tillbaka \u00e4ven om din f\u00f6ruts\u00e4gelse inte fungerar. Att spela s\u00e4kert \u00e4r verkligt!","og_url":"https:\/\/planbet.promo\/sv\/bonus\/big-match\/","og_site_name":"Planbet Promo SV","article_modified_time":"2025-08-04T18:50:40+00:00","twitter_card":"summary_large_image","schema":{"@context":"https:\/\/schema.org","@graph":[{"@type":"WebPage","@id":"https:\/\/planbet.promo\/sv\/bonus\/big-match\/","url":"https:\/\/planbet.promo\/sv\/bonus\/big-match\/","name":"PlanBet Stor match \u1409 F\u00e5 en \u00e5terbetalning p\u00e5 100 SEK","isPartOf":{"@id":"https:\/\/planbet.promo\/sv\/#website"},"datePublished":"2025-05-21T13:31:40+00:00","dateModified":"2025-08-04T18:50:40+00:00","description":"Satsa utan r\u00e4dsla! Delta i PlanBets Stor match kampanj och f\u00e5 upp till 100 SEK tillbaka \u00e4ven om din f\u00f6ruts\u00e4gelse inte fungerar. Att spela s\u00e4kert \u00e4r verkligt!","breadcrumb":{"@id":"https:\/\/planbet.promo\/sv\/bonus\/big-match\/#breadcrumb"},"inLanguage":"sv-SE","potentialAction":[{"@type":"ReadAction","target":["https:\/\/planbet.promo\/sv\/bonus\/big-match\/"]}]},{"@type":"BreadcrumbList","@id":"https:\/\/planbet.promo\/sv\/bonus\/big-match\/#breadcrumb","itemListElement":[{"@type":"ListItem","position":1,"name":"Home","item":"https:\/\/planbet.promo\/sv\/"},{"@type":"ListItem","position":2,"name":"Bonus","item":"https:\/\/planbet.promo\/sv\/bonus\/"},{"@type":"ListItem","position":3,"name":"Stor match"}]},{"@type":"WebSite","@id":"https:\/\/planbet.promo\/sv\/#website","url":"https:\/\/planbet.promo\/sv\/","name":"Planbet Promo SV","description":"My WordPress Blog","potentialAction":[{"@type":"SearchAction","target":{"@type":"EntryPoint","urlTemplate":"https:\/\/planbet.promo\/sv\/?s={search_term_string}"},"query-input":{"@type":"PropertyValueSpecification","valueRequired":true,"valueName":"search_term_string"}}],"inLanguage":"sv-SE"}]}},"_links":{"self":[{"href":"https:\/\/planbet.promo\/sv\/wp-json\/wp\/v2\/pages\/510","targetHints":{"allow":["GET"]}}],"collection":[{"href":"https:\/\/planbet.promo\/sv\/wp-json\/wp\/v2\/pages"}],"about":[{"href":"https:\/\/planbet.promo\/sv\/wp-json\/wp\/v2\/types\/page"}],"author":[{"embeddable":true,"href":"https:\/\/planbet.promo\/sv\/wp-json\/wp\/v2\/users\/1"}],"replies":[{"embeddable":true,"href":"https:\/\/planbet.promo\/sv\/wp-json\/wp\/v2\/comments?post=510"}],"version-history":[{"count":5,"href":"https:\/\/planbet.promo\/sv\/wp-json\/wp\/v2\/pages\/510\/revisions"}],"predecessor-version":[{"id":739,"href":"https:\/\/planbet.promo\/sv\/wp-json\/wp\/v2\/pages\/510\/revisions\/739"}],"up":[{"embeddable":true,"href":"https:\/\/planbet.promo\/sv\/wp-json\/wp\/v2\/pages\/152"}],"wp:attachment":[{"href":"https:\/\/planbet.promo\/sv\/wp-json\/wp\/v2\/media?parent=510"}],"curies":[{"name":"wp","href":"https:\/\/api.w.org\/{rel}","templated":true}]}}